{"id":45608,"date":"2025-05-16T06:31:20","date_gmt":"2025-05-16T06:31:20","guid":{"rendered":"https:\/\/marqalicante-admin.qwair.com\/producto\/nuevas-tecnologias-aplicadas-al-estudio-y-conservacion-de-bienes-culturales-estado-de-la-cuestion-en-los-museos-espanoles\/"},"modified":"2025-06-04T16:24:05","modified_gmt":"2025-06-04T16:24:05","slug":"nuevas-tecnologias-aplicadas-al-estudio-y-conservacion-de-bienes-culturales-estado-de-la-cuestion-en-los-museos-espanoles","status":"publish","type":"product","link":"https:\/\/marqalicante-admin.qwair.com\/es\/producto\/nuevas-tecnologias-aplicadas-al-estudio-y-conservacion-de-bienes-culturales-estado-de-la-cuestion-en-los-museos-espanoles\/","title":{"rendered":"Nuevas tecnolog\u00edas aplicadas al estudio y conservaci\u00f3n de bienes culturales. Estado de la cuesti\u00f3n en los museos espa\u00f1oles"},"content":{"rendered":"    \n    <div class=\"documento-item\">\n                    <h2 class=\"documento-title\">Nuevas tecnolog\u00edas aplicadas al estudio y conservaci\u00f3n de bienes culturales. Estado de la cuesti\u00f3n en los museos espa\u00f1oles<\/h2>\n        \n                    <p class=\"documento-subtitle\">Salvador Rovira Llorens<\/p>\n        \n                    <a href=\"https:\/\/marqalicante.com\/contenido\/particulos\/pub_5.pdf\" class=\"documento-btn\" target=\"_blank\" rel=\"noopener\">\n                <i class=\"fas fa-file-pdf\"><\/i> Descargar PDF\n            <\/a>\n            <\/div>\n\n    \n","protected":false},"excerpt":{"rendered":"<p>Utilizando como modelos los laboratorios de investigaci&oacute;n de dos museos importantes como el British Museum y el Mus&eacute;e du Louvre se hace una revisi&oacute;n de los m&eacute;todos f&iacute;sico-qu&iacute;micos utilizados actualmente para el an&aacute;lisis de materiales de los objetos de los museos de cara a su estudio y conservaci&oacute;n&#44; evaluando las disponibilidades de los museos espa&ntilde;oles y las perspectivas de futuro.&nbsp;Palabras claveConservaci&oacute;n&#44; restauraci&oacute;n&#44; m&eacute;todos de an&aacute;lisis&#44; bienes culturales&#44; ciencia de materiales.<\/p>\n","protected":false},"featured_media":45873,"template":"","meta":{"kia_subtitle":""},"product_brand":[],"product_cat":[2913],"product_tag":[],"class_list":{"0":"post-45608","1":"product","2":"type-product","3":"status-publish","4":"has-post-thumbnail","6":"product_cat-articulos","8":"first","9":"instock","10":"virtual","11":"product-type-simple"},"meta_box":{"ia_expediente":"","ia_ano":"","ia_fechas_de_actuacion":"","ia_municipios_comarcas":"","ia_directores":"","ia_periodos_culturales":"","ia_tipos_de_intervencion":"","ia_equipo_tecnico":"","ia_autores":"","ia_promotores":"","ia_deposito_de_materiales":"","ia_coordenadas_utm":""},"_links":{"self":[{"href":"https:\/\/marqalicante-admin.qwair.com\/es\/wp-json\/wp\/v2\/product\/45608","targetHints":{"allow":["GET"]}}],"collection":[{"href":"https:\/\/marqalicante-admin.qwair.com\/es\/wp-json\/wp\/v2\/product"}],"about":[{"href":"https:\/\/marqalicante-admin.qwair.com\/es\/wp-json\/wp\/v2\/types\/product"}],"wp:featuredmedia":[{"embeddable":true,"href":"https:\/\/marqalicante-admin.qwair.com\/es\/wp-json\/wp\/v2\/media\/45873"}],"wp:attachment":[{"href":"https:\/\/marqalicante-admin.qwair.com\/es\/wp-json\/wp\/v2\/media?parent=45608"}],"wp:term":[{"taxonomy":"product_brand","embeddable":true,"href":"https:\/\/marqalicante-admin.qwair.com\/es\/wp-json\/wp\/v2\/product_brand?post=45608"},{"taxonomy":"product_cat","embeddable":true,"href":"https:\/\/marqalicante-admin.qwair.com\/es\/wp-json\/wp\/v2\/product_cat?post=45608"},{"taxonomy":"product_tag","embeddable":true,"href":"https:\/\/marqalicante-admin.qwair.com\/es\/wp-json\/wp\/v2\/product_tag?post=45608"}],"curies":[{"name":"wp","href":"https:\/\/api.w.org\/{rel}","templated":true}]}}