{"id":45495,"date":"2025-04-04T06:26:18","date_gmt":"2025-04-04T06:26:18","guid":{"rendered":"https:\/\/marqalicante-admin.qwair.com\/producto\/nuevo-cp-san-roque-calles-villavieja-antequera-y-san-juan-oratorio-rupestre\/"},"modified":"2025-04-07T08:07:22","modified_gmt":"2025-04-07T08:07:22","slug":"nuevo-cp-san-roque-calles-villavieja-antequera-y-san-juan-oratorio-rupestre","status":"publish","type":"product","link":"https:\/\/marqalicante-admin.qwair.com\/es\/producto\/nuevo-cp-san-roque-calles-villavieja-antequera-y-san-juan-oratorio-rupestre\/","title":{"rendered":"Nuevo CP San Roque. Calles Villavieja&#44; Antequera y San Juan. Oratorio rupestre"},"content":{"rendered":"","protected":false},"excerpt":{"rendered":"<p><b>Expediente: <\/b><\/p>\n<p>2009\/0762-A (SS.TT. A-2009-247)<\/p>\n<p><b>A\u00f1o: <\/b><\/p>\n<p>2010<\/p>\n<p><b>Fechas de actuaci\u00f3n: <\/b><\/p>\n<p>13-09-2010 a 24-09-2010 y 04-10-2010<\/p>\n<p><b>Municipios (Comarcas): <\/b><\/p>\n<p>ALACANT \/ ALICANTE<\/p>\n<p><b>Directores :<\/b><\/p>\n<p>Abarca Hern\u00e1ndez&#44; Pedro J.&#44; Borrego Colomer&#44; Margarita&#44; Rosser Limi\u00f1ana&#44; Pablo<\/p>\n<p><b>Periodos culturales: <\/b><\/p>\n<p>Isl\u00e1mico&#44; Moderno&#44; Tardoantiguo<\/p>\n<p><b>Tipos de intervenci\u00f3n :<\/b><\/p>\n<p>Excavaci\u00f3n arqueol\u00f3gica&#44; Planimetr\u00eda&#44; Seguimiento arqueol\u00f3gico<\/p>\n<p><b>Equipo T\u00e9cnico: <\/b><\/p>\n<p>Ana Valero Climent\n<\/p>\n<p><b>Autores :<\/b><\/p>\n<p>Margarita Borrego Colomer (T\u00e9cnico Superior de Cultura y Arque\u00f3loga del Patronato Municipal de la Vivienda)&#44; Pablo Rosser Limi\u00f1ana (Responsable del Departamento de Patrimonio Cultural del Patronato Municipal de Cultura de Alicante) y Ana Valero Climent (ESTRATS&#44; Treballs d\u2019Arqueologia&#44; S.L.)\n<\/p>\n<p><b>Promotores: <\/b><\/p>\n<p>Excmo. Ayuntamiento de Alicante. Patronato Municipal de la Vivienda<\/p>\n<p><b>Dep\u00f3sito de materiales: <\/b><\/p>\n<p>Museo Arqueol\u00f3gico de Alicante (MARQ)<\/p>\n<p><b>Coordenadas UTM: <\/b><\/p>\n<p>X 720432 \u2013 Y 4247299<\/p>\n<p><b>Documento PDF: <\/b><\/p>\n    \n    <div class=\"documento-item\">\n                    <h2 class=\"documento-title\">Descargar aqu\u00ed<\/h2>\n        \n        \n                    <a href=\"https:\/\/marqalicante.com\/contenido\/int_arqueologicas\/doc_267.pdf\" class=\"documento-btn\">\n                <i class=\"fas fa-file-pdf\"><\/i> Descargar PDF\n            <\/a>\n            <\/div>\n\n    \n","protected":false},"featured_media":45501,"template":"","meta":{"kia_subtitle":""},"product_brand":[],"product_cat":[2620],"product_tag":[],"class_list":{"0":"post-45495","1":"product","2":"type-product","3":"status-publish","4":"has-post-thumbnail","6":"product_cat-intervenciones-arqueologicas","8":"first","9":"instock","10":"virtual","11":"product-type-simple"},"meta_box":{"ia_expediente":"","ia_ano":"","ia_fechas_de_actuacion":"","ia_municipios_comarcas":"","ia_directores":"","ia_periodos_culturales":"","ia_tipos_de_intervencion":"","ia_equipo_tecnico":"","ia_autores":"","ia_promotores":"","ia_deposito_de_materiales":"","ia_coordenadas_utm":""},"_links":{"self":[{"href":"https:\/\/marqalicante-admin.qwair.com\/es\/wp-json\/wp\/v2\/product\/45495","targetHints":{"allow":["GET"]}}],"collection":[{"href":"https:\/\/marqalicante-admin.qwair.com\/es\/wp-json\/wp\/v2\/product"}],"about":[{"href":"https:\/\/marqalicante-admin.qwair.com\/es\/wp-json\/wp\/v2\/types\/product"}],"wp:featuredmedia":[{"embeddable":true,"href":"https:\/\/marqalicante-admin.qwair.com\/es\/wp-json\/wp\/v2\/media\/45501"}],"wp:attachment":[{"href":"https:\/\/marqalicante-admin.qwair.com\/es\/wp-json\/wp\/v2\/media?parent=45495"}],"wp:term":[{"taxonomy":"product_brand","embeddable":true,"href":"https:\/\/marqalicante-admin.qwair.com\/es\/wp-json\/wp\/v2\/product_brand?post=45495"},{"taxonomy":"product_cat","embeddable":true,"href":"https:\/\/marqalicante-admin.qwair.com\/es\/wp-json\/wp\/v2\/product_cat?post=45495"},{"taxonomy":"product_tag","embeddable":true,"href":"https:\/\/marqalicante-admin.qwair.com\/es\/wp-json\/wp\/v2\/product_tag?post=45495"}],"curies":[{"name":"wp","href":"https:\/\/api.w.org\/{rel}","templated":true}]}}