{"id":45490,"date":"2025-04-04T06:26:16","date_gmt":"2025-04-04T06:26:16","guid":{"rendered":"https:\/\/marqalicante-admin.qwair.com\/producto\/sector-e-de-la-illeta-dels-banyets\/"},"modified":"2025-04-07T08:07:21","modified_gmt":"2025-04-07T08:07:21","slug":"sector-e-de-la-illeta-dels-banyets","status":"publish","type":"product","link":"https:\/\/marqalicante-admin.qwair.com\/es\/producto\/sector-e-de-la-illeta-dels-banyets\/","title":{"rendered":"Sector E de la Illeta dels Banyets"},"content":{"rendered":"","protected":false},"excerpt":{"rendered":"<p><b>Expediente: <\/b><\/p>\n<p>2009\/0911-A (SS.TT. A-2005-186)<\/p>\n<p><b>A\u00f1o: <\/b><\/p>\n<p>2010<\/p>\n<p><b>Fechas de actuaci\u00f3n: <\/b><\/p>\n<p>30-11-2009 a 18-02-2010 y 19-04-2010 a 07-05-2010<\/p>\n<p><b>Municipios (Comarcas): <\/b><\/p>\n<p>CAMPELLO&#44; EL<\/p>\n<p><b>Directores :<\/b><\/p>\n<p>Mart\u00ednez Carmona&#44; Adoraci\u00f3n&#44; Olcina Dom\u00e9nech&#44; Manuel<\/p>\n<p><b>Periodos culturales: <\/b><\/p>\n<p>Edad del Bronce&#44; Ib\u00e9rico&#44; Romano<\/p>\n<p><b>Tipos de intervenci\u00f3n :<\/b><\/p>\n<p>Excavaci\u00f3n arqueol\u00f3gica<\/p>\n<p><b>Equipo T\u00e9cnico: <\/b><\/p>\n<p>David L\u00f3pez Serrano (arque\u00f3logo) y M\u00aa Dolores Sanch\u00eds Dom\u00ednguez (restauradora)<\/p>\n<p><b>Autores :<\/b><\/p>\n<p>Adoraci\u00f3n Mart\u00ednez Carmona<\/p>\n<p><b>Promotores: <\/b><\/p>\n<p>Excma. Diputaci\u00f3n Provincial de Alicante<\/p>\n<p><b>Dep\u00f3sito de materiales: <\/b><\/p>\n<p>Museo Arqueol\u00f3gico de Alicante (MARQ)<\/p>\n<p><b>Coordenadas UTM: <\/b><\/p>\n<p>X 728545 \u2013 Y 4257037<\/p>\n<p><b>Documento PDF: <\/b><\/p>\n    \n    <div class=\"documento-item\">\n                    <h2 class=\"documento-title\">Descargar aqu\u00ed<\/h2>\n        \n        \n                    <a href=\"https:\/\/marqalicante.com\/contenido\/int_arqueologicas\/doc_262.pdf\" class=\"documento-btn\">\n                <i class=\"fas fa-file-pdf\"><\/i> Descargar PDF\n            <\/a>\n            <\/div>\n\n    \n","protected":false},"featured_media":45501,"template":"","meta":{"kia_subtitle":""},"product_brand":[],"product_cat":[2620],"product_tag":[],"class_list":{"0":"post-45490","1":"product","2":"type-product","3":"status-publish","4":"has-post-thumbnail","6":"product_cat-intervenciones-arqueologicas","8":"first","9":"instock","10":"virtual","11":"product-type-simple"},"meta_box":{"ia_expediente":"","ia_ano":"","ia_fechas_de_actuacion":"","ia_municipios_comarcas":"","ia_directores":"","ia_periodos_culturales":"","ia_tipos_de_intervencion":"","ia_equipo_tecnico":"","ia_autores":"","ia_promotores":"","ia_deposito_de_materiales":"","ia_coordenadas_utm":""},"_links":{"self":[{"href":"https:\/\/marqalicante-admin.qwair.com\/es\/wp-json\/wp\/v2\/product\/45490","targetHints":{"allow":["GET"]}}],"collection":[{"href":"https:\/\/marqalicante-admin.qwair.com\/es\/wp-json\/wp\/v2\/product"}],"about":[{"href":"https:\/\/marqalicante-admin.qwair.com\/es\/wp-json\/wp\/v2\/types\/product"}],"wp:featuredmedia":[{"embeddable":true,"href":"https:\/\/marqalicante-admin.qwair.com\/es\/wp-json\/wp\/v2\/media\/45501"}],"wp:attachment":[{"href":"https:\/\/marqalicante-admin.qwair.com\/es\/wp-json\/wp\/v2\/media?parent=45490"}],"wp:term":[{"taxonomy":"product_brand","embeddable":true,"href":"https:\/\/marqalicante-admin.qwair.com\/es\/wp-json\/wp\/v2\/product_brand?post=45490"},{"taxonomy":"product_cat","embeddable":true,"href":"https:\/\/marqalicante-admin.qwair.com\/es\/wp-json\/wp\/v2\/product_cat?post=45490"},{"taxonomy":"product_tag","embeddable":true,"href":"https:\/\/marqalicante-admin.qwair.com\/es\/wp-json\/wp\/v2\/product_tag?post=45490"}],"curies":[{"name":"wp","href":"https:\/\/api.w.org\/{rel}","templated":true}]}}