{"id":45475,"date":"2025-04-04T06:26:08","date_gmt":"2025-04-04T06:26:08","guid":{"rendered":"https:\/\/marqalicante-admin.qwair.com\/producto\/dic-huerto-solar-paraje-lo-miracampo-poligono-19-parcelas-36-37-38-39-y-41\/"},"modified":"2025-04-07T08:07:16","modified_gmt":"2025-04-07T08:07:16","slug":"dic-huerto-solar-paraje-lo-miracampo-poligono-19-parcelas-36-37-38-39-y-41","status":"publish","type":"product","link":"https:\/\/marqalicante-admin.qwair.com\/es\/producto\/dic-huerto-solar-paraje-lo-miracampo-poligono-19-parcelas-36-37-38-39-y-41\/","title":{"rendered":"DIC Huerto Solar. Paraje Lo Miracampo&#44; pol\u00edgono 19&#44; parcelas 36&#44; 37&#44; 38&#44; 39 y 41"},"content":{"rendered":"","protected":false},"excerpt":{"rendered":"<p><b>Expediente: <\/b><\/p>\n<p>2011\/0565-A (SS.TT. A-2010-490)<\/p>\n<p><b>A\u00f1o: <\/b><\/p>\n<p>2011<\/p>\n<p><b>Fechas de actuaci\u00f3n: <\/b><\/p>\n<p>29-09-2011 a 30-09-2011<\/p>\n<p><b>Municipios (Comarcas): <\/b><\/p>\n<p>CALLOSA DE SEGURA<\/p>\n<p><b>Directores :<\/b><\/p>\n<p>Esquembre Bebia&#44; Marco Aurelio<\/p>\n<p><b>Periodos culturales: <\/b><\/p>\n<p>Contempor\u00e1neo<\/p>\n<p><b>Tipos de intervenci\u00f3n :<\/b><\/p>\n<p>Prospecci\u00f3n arqueol\u00f3gica y etnol\u00f3gica<\/p>\n<p><b>Equipo T\u00e9cnico: <\/b><\/p>\n<p>Jos\u00e9 Ram\u00f3n Ortega P\u00e9rez y Samuel Serrano Salar<\/p>\n<p><b>Autores :<\/b><\/p>\n<p>Marco Aurelio Esquembre Bebia (ARPA Patrimonio&#44; S.L.)<\/p>\n<p><b>Promotores: <\/b><\/p>\n<p>Uni\u00f3n Solar COSTA BLANCA&#44; S.L.<\/p>\n<p><b>Dep\u00f3sito de materiales: <\/b><\/p>\n<p>No se recuper\u00f3 material arqueol\u00f3gico<\/p>\n<p><b>Coordenadas UTM: <\/b><\/p>\n<p>X 680882 \u2013 Y 4224120<\/p>\n<p><b>Documento PDF: <\/b><\/p>\n    \n    <div class=\"documento-item\">\n                    <h2 class=\"documento-title\">Descargar aqu\u00ed<\/h2>\n        \n        \n                    <a href=\"https:\/\/marqalicante.com\/contenido\/int_arqueologicas\/doc_243.pdf\" class=\"documento-btn\">\n                <i class=\"fas fa-file-pdf\"><\/i> Descargar PDF\n            <\/a>\n            <\/div>\n\n    \n","protected":false},"featured_media":45501,"template":"","meta":{"kia_subtitle":""},"product_brand":[],"product_cat":[2620],"product_tag":[],"class_list":{"0":"post-45475","1":"product","2":"type-product","3":"status-publish","4":"has-post-thumbnail","6":"product_cat-intervenciones-arqueologicas","8":"first","9":"instock","10":"virtual","11":"product-type-simple"},"meta_box":{"ia_expediente":"","ia_ano":"","ia_fechas_de_actuacion":"","ia_municipios_comarcas":"","ia_directores":"","ia_periodos_culturales":"","ia_tipos_de_intervencion":"","ia_equipo_tecnico":"","ia_autores":"","ia_promotores":"","ia_deposito_de_materiales":"","ia_coordenadas_utm":""},"_links":{"self":[{"href":"https:\/\/marqalicante-admin.qwair.com\/es\/wp-json\/wp\/v2\/product\/45475","targetHints":{"allow":["GET"]}}],"collection":[{"href":"https:\/\/marqalicante-admin.qwair.com\/es\/wp-json\/wp\/v2\/product"}],"about":[{"href":"https:\/\/marqalicante-admin.qwair.com\/es\/wp-json\/wp\/v2\/types\/product"}],"wp:featuredmedia":[{"embeddable":true,"href":"https:\/\/marqalicante-admin.qwair.com\/es\/wp-json\/wp\/v2\/media\/45501"}],"wp:attachment":[{"href":"https:\/\/marqalicante-admin.qwair.com\/es\/wp-json\/wp\/v2\/media?parent=45475"}],"wp:term":[{"taxonomy":"product_brand","embeddable":true,"href":"https:\/\/marqalicante-admin.qwair.com\/es\/wp-json\/wp\/v2\/product_brand?post=45475"},{"taxonomy":"product_cat","embeddable":true,"href":"https:\/\/marqalicante-admin.qwair.com\/es\/wp-json\/wp\/v2\/product_cat?post=45475"},{"taxonomy":"product_tag","embeddable":true,"href":"https:\/\/marqalicante-admin.qwair.com\/es\/wp-json\/wp\/v2\/product_tag?post=45475"}],"curies":[{"name":"wp","href":"https:\/\/api.w.org\/{rel}","templated":true}]}}