{"id":45473,"date":"2025-04-04T06:26:07","date_gmt":"2025-04-04T06:26:07","guid":{"rendered":"https:\/\/marqalicante-admin.qwair.com\/producto\/cabezo-pardo-via-campana\/"},"modified":"2025-04-07T08:07:16","modified_gmt":"2025-04-07T08:07:16","slug":"cabezo-pardo-via-campana","status":"publish","type":"product","link":"https:\/\/marqalicante-admin.qwair.com\/es\/producto\/cabezo-pardo-via-campana\/","title":{"rendered":"Cabezo Pardo. VI\u00aa Campa\u00f1a"},"content":{"rendered":"","protected":false},"excerpt":{"rendered":"<p><b>Expediente: <\/b><\/p>\n<p>2011\/0529-A<\/p>\n<p><b>A\u00f1o: <\/b><\/p>\n<p>2011<\/p>\n<p><b>Fechas de actuaci\u00f3n: <\/b><\/p>\n<p>26-09-2011 a 14-10-2011<\/p>\n<p><b>Municipios (Comarcas): <\/b><\/p>\n<p>ALBATERA&#44; GRANJA DE ROCAMORA&#44; SAN ISIDRO<\/p>\n<p><b>Directores :<\/b><\/p>\n<p>L\u00f3pez Padilla&#44; Juan Antonio&#44; Xim\u00e9nez de Emb\u00fan S\u00e1nchez&#44; M\u00aa Teresa<\/p>\n<p><b>Periodos culturales: <\/b><\/p>\n<p>Edad del Bronce&#44; Isl\u00e1mico<\/p>\n<p><b>Tipos de intervenci\u00f3n :<\/b><\/p>\n<p>Excavaci\u00f3n arqueol\u00f3gica<\/p>\n<p><b>Equipo T\u00e9cnico: <\/b><\/p>\n<p>Alicia Luj\u00e1n Navas (Malacolog\u00eda)&#44; Ignacio Soriano Llopis (Arqueometalurgia)&#44; Jos\u00e9 Luis Sim\u00f3n Garc\u00eda (Arqueometalurgia)&#44; M\u00aa del Carmen Machado Yanes (Antracolog\u00eda)&#44; M\u00aa Paz de Miguel Ib\u00e1\u00f1ez (Paleoantropolog\u00eda)&#44; Consuelo Roca de Togores Mu\u00f1oz (Paleoantropolog\u00eda)&#44; Carles Ferrer Garc\u00eda (Sedimentolog\u00eda)&#44; Miguel Benito Iborra (Arqueozoolog\u00eda)&#44; Guillem P\u00e9rez Jord\u00e0 (Paleobot\u00e1nica) y Javier S\u00e1ez Rivera (Geolog\u00eda)<\/p>\n<p><b>Autores :<\/b><\/p>\n<p>Juan Antonio L\u00f3pez Padilla y M\u00aa Teresa Xim\u00e9nez de Emb\u00fan S\u00e1nchez<\/p>\n<p><b>Promotores: <\/b><\/p>\n<p>Excma. Diputaci\u00f3n Provincial de Alicante<\/p>\n<p><b>Dep\u00f3sito de materiales: <\/b><\/p>\n<p>Museo Arqueol\u00f3gico de Alicante (MARQ)<\/p>\n<p><b>Coordenadas UTM: <\/b><\/p>\n<p>X 688915 \u2013 Y 4226089<\/p>\n<p><b>Documento PDF: <\/b><\/p>\n    \n    <div class=\"documento-item\">\n                    <h2 class=\"documento-title\">Descargar aqu\u00ed<\/h2>\n        \n        \n                    <a href=\"https:\/\/marqalicante.com\/contenido\/int_arqueologicas\/doc_240.pdf\" class=\"documento-btn\">\n                <i class=\"fas fa-file-pdf\"><\/i> Descargar PDF\n            <\/a>\n            <\/div>\n\n    \n","protected":false},"featured_media":45501,"template":"","meta":{"kia_subtitle":""},"product_brand":[],"product_cat":[2620],"product_tag":[],"class_list":{"0":"post-45473","1":"product","2":"type-product","3":"status-publish","4":"has-post-thumbnail","6":"product_cat-intervenciones-arqueologicas","8":"first","9":"instock","10":"virtual","11":"product-type-simple"},"meta_box":{"ia_expediente":"","ia_ano":"","ia_fechas_de_actuacion":"","ia_municipios_comarcas":"","ia_directores":"","ia_periodos_culturales":"","ia_tipos_de_intervencion":"","ia_equipo_tecnico":"","ia_autores":"","ia_promotores":"","ia_deposito_de_materiales":"","ia_coordenadas_utm":""},"_links":{"self":[{"href":"https:\/\/marqalicante-admin.qwair.com\/es\/wp-json\/wp\/v2\/product\/45473","targetHints":{"allow":["GET"]}}],"collection":[{"href":"https:\/\/marqalicante-admin.qwair.com\/es\/wp-json\/wp\/v2\/product"}],"about":[{"href":"https:\/\/marqalicante-admin.qwair.com\/es\/wp-json\/wp\/v2\/types\/product"}],"wp:featuredmedia":[{"embeddable":true,"href":"https:\/\/marqalicante-admin.qwair.com\/es\/wp-json\/wp\/v2\/media\/45501"}],"wp:attachment":[{"href":"https:\/\/marqalicante-admin.qwair.com\/es\/wp-json\/wp\/v2\/media?parent=45473"}],"wp:term":[{"taxonomy":"product_brand","embeddable":true,"href":"https:\/\/marqalicante-admin.qwair.com\/es\/wp-json\/wp\/v2\/product_brand?post=45473"},{"taxonomy":"product_cat","embeddable":true,"href":"https:\/\/marqalicante-admin.qwair.com\/es\/wp-json\/wp\/v2\/product_cat?post=45473"},{"taxonomy":"product_tag","embeddable":true,"href":"https:\/\/marqalicante-admin.qwair.com\/es\/wp-json\/wp\/v2\/product_tag?post=45473"}],"curies":[{"name":"wp","href":"https:\/\/api.w.org\/{rel}","templated":true}]}}