{"id":45455,"date":"2025-04-04T06:25:59","date_gmt":"2025-04-04T06:25:59","guid":{"rendered":"https:\/\/marqalicante-admin.qwair.com\/producto\/plan-especial-de-reserva-de-suelo-dotacional-para-equipamiento-educativo-poligono-4-parcelas-241-a-248-y-250-a-257\/"},"modified":"2025-04-07T08:07:11","modified_gmt":"2025-04-07T08:07:11","slug":"plan-especial-de-reserva-de-suelo-dotacional-para-equipamiento-educativo-poligono-4-parcelas-241-a-248-y-250-a-257","status":"publish","type":"product","link":"https:\/\/marqalicante-admin.qwair.com\/es\/producto\/plan-especial-de-reserva-de-suelo-dotacional-para-equipamiento-educativo-poligono-4-parcelas-241-a-248-y-250-a-257\/","title":{"rendered":"Plan Especial de Reserva de Suelo Dotacional para equipamiento educativo. Pol\u00edgono 4&#44; parcelas 241 a 248 y 250 a 257"},"content":{"rendered":"","protected":false},"excerpt":{"rendered":"<p><b>Expediente: <\/b><\/p>\n<p>2011\/0370-A<\/p>\n<p><b>A\u00f1o: <\/b><\/p>\n<p>2011<\/p>\n<p><b>Fechas de actuaci\u00f3n: <\/b><\/p>\n<p>11-11-2011 a 09-12-2011<\/p>\n<p><b>Municipios (Comarcas): <\/b><\/p>\n<p>VERGER&#44; El<\/p>\n<p><b>Directores :<\/b><\/p>\n<p>Costa Cholbi&#44; Pascual<\/p>\n<p><b>Periodos culturales: <\/b><\/p>\n<p>Contempor\u00e1neo<\/p>\n<p><b>Tipos de intervenci\u00f3n :<\/b><\/p>\n<p>Prospecci\u00f3n arqueol\u00f3gica y etnol\u00f3gica<\/p>\n<p><b>Equipo T\u00e9cnico: <\/b><\/p>\n<p>\u2013<\/p>\n<p><b>Autores :<\/b><\/p>\n<p>Pasqual Costa Cholbi<\/p>\n<p><b>Promotores: <\/b><\/p>\n<p>Excm. Ajuntament de El Verger<\/p>\n<p><b>Dep\u00f3sito de materiales: <\/b><\/p>\n<p>No s\u2019ha recuperat material arqueol\u00f2gic<\/p>\n<p><b>Coordenadas UTM: <\/b><\/p>\n<p>X 240262 \u2013 Y 4303220<\/p>\n<p><b>Documento PDF: <\/b><\/p>\n    \n    <div class=\"documento-item\">\n                    <h2 class=\"documento-title\">Descargar aqu\u00ed<\/h2>\n        \n        \n                    <a href=\"https:\/\/marqalicante.com\/contenido\/int_arqueologicas\/doc_222.pdf\" class=\"documento-btn\">\n                <i class=\"fas fa-file-pdf\"><\/i> Descargar PDF\n            <\/a>\n            <\/div>\n\n    \n","protected":false},"featured_media":45501,"template":"","meta":{"kia_subtitle":""},"product_brand":[],"product_cat":[2620],"product_tag":[],"class_list":{"0":"post-45455","1":"product","2":"type-product","3":"status-publish","4":"has-post-thumbnail","6":"product_cat-intervenciones-arqueologicas","8":"first","9":"instock","10":"virtual","11":"product-type-simple"},"meta_box":{"ia_expediente":"","ia_ano":"","ia_fechas_de_actuacion":"","ia_municipios_comarcas":"","ia_directores":"","ia_periodos_culturales":"","ia_tipos_de_intervencion":"","ia_equipo_tecnico":"","ia_autores":"","ia_promotores":"","ia_deposito_de_materiales":"","ia_coordenadas_utm":""},"_links":{"self":[{"href":"https:\/\/marqalicante-admin.qwair.com\/es\/wp-json\/wp\/v2\/product\/45455","targetHints":{"allow":["GET"]}}],"collection":[{"href":"https:\/\/marqalicante-admin.qwair.com\/es\/wp-json\/wp\/v2\/product"}],"about":[{"href":"https:\/\/marqalicante-admin.qwair.com\/es\/wp-json\/wp\/v2\/types\/product"}],"wp:featuredmedia":[{"embeddable":true,"href":"https:\/\/marqalicante-admin.qwair.com\/es\/wp-json\/wp\/v2\/media\/45501"}],"wp:attachment":[{"href":"https:\/\/marqalicante-admin.qwair.com\/es\/wp-json\/wp\/v2\/media?parent=45455"}],"wp:term":[{"taxonomy":"product_brand","embeddable":true,"href":"https:\/\/marqalicante-admin.qwair.com\/es\/wp-json\/wp\/v2\/product_brand?post=45455"},{"taxonomy":"product_cat","embeddable":true,"href":"https:\/\/marqalicante-admin.qwair.com\/es\/wp-json\/wp\/v2\/product_cat?post=45455"},{"taxonomy":"product_tag","embeddable":true,"href":"https:\/\/marqalicante-admin.qwair.com\/es\/wp-json\/wp\/v2\/product_tag?post=45455"}],"curies":[{"name":"wp","href":"https:\/\/api.w.org\/{rel}","templated":true}]}}