{"id":45405,"date":"2025-04-04T06:25:35","date_gmt":"2025-04-04T06:25:35","guid":{"rendered":"https:\/\/marqalicante-admin.qwair.com\/producto\/c-general-prim-6\/"},"modified":"2025-04-07T08:06:56","modified_gmt":"2025-04-07T08:06:56","slug":"c-general-prim-6","status":"publish","type":"product","link":"https:\/\/marqalicante-admin.qwair.com\/es\/producto\/c-general-prim-6\/","title":{"rendered":"C\/ General Prim&#44; 6"},"content":{"rendered":"","protected":false},"excerpt":{"rendered":"<p><b>Expediente: <\/b><\/p>\n<p>2010\/1085-A<\/p>\n<p><b>A\u00f1o: <\/b><\/p>\n<p>2010<\/p>\n<p><b>Fechas de actuaci\u00f3n: <\/b><\/p>\n<p>09-12-2010 a 16-12-2010<\/p>\n<p><b>Municipios (Comarcas): <\/b><\/p>\n<p>VILLENA<\/p>\n<p><b>Directores :<\/b><\/p>\n<p>Hern\u00e1ndez Alcaraz&#44; Laura&#44; P\u00e9rez Amor\u00f3s&#44; Luz<\/p>\n<p><b>Periodos culturales: <\/b><\/p>\n<p>Negativo<\/p>\n<p><b>Tipos de intervenci\u00f3n :<\/b><\/p>\n<p>Seguimiento arqueol\u00f3gico<\/p>\n<p><b>Equipo T\u00e9cnico: <\/b><\/p>\n<p>Jes\u00fas Garc\u00eda Guardiola<\/p>\n<p><b>Autores :<\/b><\/p>\n<p>Laura Hern\u00e1ndez Alcaraz<\/p>\n<p><b>Promotores: <\/b><\/p>\n<p>Museo Arqueol\u00f3gico Municipal Jos\u00e9 Mar\u00eda Soler. Ayuntamiento de Villena\n<\/p>\n<p><b>Dep\u00f3sito de materiales: <\/b><\/p>\n<p>No se recuper\u00f3 material arqueol\u00f3gico<\/p>\n<p><b>Coordenadas UTM: <\/b><\/p>\n<p>X 686284 \u2013 Y 4278201<\/p>\n<p><b>Documento PDF: <\/b><\/p>\n    \n    <div class=\"documento-item\">\n                    <h2 class=\"documento-title\">Descargar aqu\u00ed<\/h2>\n        \n        \n                    <a href=\"https:\/\/marqalicante.com\/contenido\/int_arqueologicas\/doc_172.pdf\" class=\"documento-btn\">\n                <i class=\"fas fa-file-pdf\"><\/i> Descargar PDF\n            <\/a>\n            <\/div>\n\n    \n","protected":false},"featured_media":45501,"template":"","meta":{"kia_subtitle":""},"product_brand":[],"product_cat":[2620],"product_tag":[],"class_list":{"0":"post-45405","1":"product","2":"type-product","3":"status-publish","4":"has-post-thumbnail","6":"product_cat-intervenciones-arqueologicas","8":"first","9":"instock","10":"virtual","11":"product-type-simple"},"meta_box":{"ia_expediente":"","ia_ano":"","ia_fechas_de_actuacion":"","ia_municipios_comarcas":"","ia_directores":"","ia_periodos_culturales":"","ia_tipos_de_intervencion":"","ia_equipo_tecnico":"","ia_autores":"","ia_promotores":"","ia_deposito_de_materiales":"","ia_coordenadas_utm":""},"_links":{"self":[{"href":"https:\/\/marqalicante-admin.qwair.com\/es\/wp-json\/wp\/v2\/product\/45405","targetHints":{"allow":["GET"]}}],"collection":[{"href":"https:\/\/marqalicante-admin.qwair.com\/es\/wp-json\/wp\/v2\/product"}],"about":[{"href":"https:\/\/marqalicante-admin.qwair.com\/es\/wp-json\/wp\/v2\/types\/product"}],"wp:featuredmedia":[{"embeddable":true,"href":"https:\/\/marqalicante-admin.qwair.com\/es\/wp-json\/wp\/v2\/media\/45501"}],"wp:attachment":[{"href":"https:\/\/marqalicante-admin.qwair.com\/es\/wp-json\/wp\/v2\/media?parent=45405"}],"wp:term":[{"taxonomy":"product_brand","embeddable":true,"href":"https:\/\/marqalicante-admin.qwair.com\/es\/wp-json\/wp\/v2\/product_brand?post=45405"},{"taxonomy":"product_cat","embeddable":true,"href":"https:\/\/marqalicante-admin.qwair.com\/es\/wp-json\/wp\/v2\/product_cat?post=45405"},{"taxonomy":"product_tag","embeddable":true,"href":"https:\/\/marqalicante-admin.qwair.com\/es\/wp-json\/wp\/v2\/product_tag?post=45405"}],"curies":[{"name":"wp","href":"https:\/\/api.w.org\/{rel}","templated":true}]}}