{"id":45403,"date":"2025-04-04T06:25:34","date_gmt":"2025-04-04T06:25:34","guid":{"rendered":"https:\/\/marqalicante-admin.qwair.com\/producto\/modificacion-puntual-no-60-reordenacion-del-ambito-del-area-4-de-san-isidro-y-suelos-aledanos-al-casco-urbano\/"},"modified":"2025-04-07T08:06:56","modified_gmt":"2025-04-07T08:06:56","slug":"modificacion-puntual-no-60-reordenacion-del-ambito-del-area-4-de-san-isidro-y-suelos-aledanos-al-casco-urbano","status":"publish","type":"product","link":"https:\/\/marqalicante-admin.qwair.com\/es\/producto\/modificacion-puntual-no-60-reordenacion-del-ambito-del-area-4-de-san-isidro-y-suelos-aledanos-al-casco-urbano\/","title":{"rendered":"Modificaci\u00f3n puntual n\u00ba 60. Reordenaci\u00f3n del \u00e1mbito del \u00e1rea 4 de San Isidro y suelos aleda\u00f1os al casco urbano"},"content":{"rendered":"","protected":false},"excerpt":{"rendered":"<p><b>Expediente: <\/b><\/p>\n<p>2010\/1036-A<\/p>\n<p><b>A\u00f1o: <\/b><\/p>\n<p>2011<\/p>\n<p><b>Fechas de actuaci\u00f3n: <\/b><\/p>\n<p>40544<\/p>\n<p><b>Municipios (Comarcas): <\/b><\/p>\n<p>ORIHUELA<\/p>\n<p><b>Directores :<\/b><\/p>\n<p>Yus Cecilia&#44; Silvia<\/p>\n<p><b>Periodos culturales: <\/b><\/p>\n<p>Contempor\u00e1neo<\/p>\n<p><b>Tipos de intervenci\u00f3n :<\/b><\/p>\n<p>Prospecci\u00f3n arqueol\u00f3gica y etnol\u00f3gica<\/p>\n<p><b>Equipo T\u00e9cnico: <\/b><\/p>\n<p>\u2013<\/p>\n<p><b>Autores :<\/b><\/p>\n<p>Silvia Yus Cecilia<\/p>\n<p><b>Promotores: <\/b><\/p>\n<p>Particular<\/p>\n<p><b>Dep\u00f3sito de materiales: <\/b><\/p>\n<p>Museo Arqueol\u00f3gico Comarcal de Orihuela<\/p>\n<p><b>Coordenadas UTM: <\/b><\/p>\n<p>X 679147 \u2013 Y 4218337<\/p>\n<p><b>Documento PDF: <\/b><\/p>\n    \n    <div class=\"documento-item\">\n                    <h2 class=\"documento-title\">Descargar aqu\u00ed<\/h2>\n        \n        \n                    <a href=\"https:\/\/marqalicante.com\/contenido\/int_arqueologicas\/doc_169.pdf\" class=\"documento-btn\">\n                <i class=\"fas fa-file-pdf\"><\/i> Descargar PDF\n            <\/a>\n            <\/div>\n\n    \n","protected":false},"featured_media":45501,"template":"","meta":{"kia_subtitle":""},"product_brand":[],"product_cat":[2620],"product_tag":[],"class_list":{"0":"post-45403","1":"product","2":"type-product","3":"status-publish","4":"has-post-thumbnail","6":"product_cat-intervenciones-arqueologicas","8":"first","9":"instock","10":"virtual","11":"product-type-simple"},"meta_box":{"ia_expediente":"","ia_ano":"","ia_fechas_de_actuacion":"","ia_municipios_comarcas":"","ia_directores":"","ia_periodos_culturales":"","ia_tipos_de_intervencion":"","ia_equipo_tecnico":"","ia_autores":"","ia_promotores":"","ia_deposito_de_materiales":"","ia_coordenadas_utm":""},"_links":{"self":[{"href":"https:\/\/marqalicante-admin.qwair.com\/es\/wp-json\/wp\/v2\/product\/45403","targetHints":{"allow":["GET"]}}],"collection":[{"href":"https:\/\/marqalicante-admin.qwair.com\/es\/wp-json\/wp\/v2\/product"}],"about":[{"href":"https:\/\/marqalicante-admin.qwair.com\/es\/wp-json\/wp\/v2\/types\/product"}],"wp:featuredmedia":[{"embeddable":true,"href":"https:\/\/marqalicante-admin.qwair.com\/es\/wp-json\/wp\/v2\/media\/45501"}],"wp:attachment":[{"href":"https:\/\/marqalicante-admin.qwair.com\/es\/wp-json\/wp\/v2\/media?parent=45403"}],"wp:term":[{"taxonomy":"product_brand","embeddable":true,"href":"https:\/\/marqalicante-admin.qwair.com\/es\/wp-json\/wp\/v2\/product_brand?post=45403"},{"taxonomy":"product_cat","embeddable":true,"href":"https:\/\/marqalicante-admin.qwair.com\/es\/wp-json\/wp\/v2\/product_cat?post=45403"},{"taxonomy":"product_tag","embeddable":true,"href":"https:\/\/marqalicante-admin.qwair.com\/es\/wp-json\/wp\/v2\/product_tag?post=45403"}],"curies":[{"name":"wp","href":"https:\/\/api.w.org\/{rel}","templated":true}]}}