{"id":45399,"date":"2025-04-04T06:25:32","date_gmt":"2025-04-04T06:25:32","guid":{"rendered":"https:\/\/marqalicante-admin.qwair.com\/producto\/pl-de-la-consitucio-pl-del-consell-i-tram-del-c-de-la-mar-entre-la-pl-de-la-consitucio-i-el-c-carlos-senti\/"},"modified":"2025-04-07T08:06:54","modified_gmt":"2025-04-07T08:06:54","slug":"pl-de-la-consitucio-pl-del-consell-i-tram-del-c-de-la-mar-entre-la-pl-de-la-consitucio-i-el-c-carlos-senti","status":"publish","type":"product","link":"https:\/\/marqalicante-admin.qwair.com\/es\/producto\/pl-de-la-consitucio-pl-del-consell-i-tram-del-c-de-la-mar-entre-la-pl-de-la-consitucio-i-el-c-carlos-senti\/","title":{"rendered":"Pl. de la Consituci\u00f3&#44; Pl. del Consell i tram del C\/ de la Mar entre la Pl. de la Consituci\u00f3 i el C\/ Carlos Sent\u00ed"},"content":{"rendered":"","protected":false},"excerpt":{"rendered":"<p><b>Expediente: <\/b><\/p>\n<p>2010\/1016-A (SS.TT. A-2010-379)<\/p>\n<p><b>A\u00f1o: <\/b><\/p>\n<p>2011<\/p>\n<p><b>Fechas de actuaci\u00f3n: <\/b><\/p>\n<p>05-01-2011 a 11-02-2011<\/p>\n<p><b>Municipios (Comarcas): <\/b><\/p>\n<p>D\u00c9NIA<\/p>\n<p><b>Directores :<\/b><\/p>\n<p>Marqu\u00e9s Costa&#44; Josep<\/p>\n<p><b>Periodos culturales: <\/b><\/p>\n<p>Isl\u00e1mico&#44; Moderno<\/p>\n<p><b>Tipos de intervenci\u00f3n :<\/b><\/p>\n<p>Excavaci\u00f3n arqueol\u00f3gica&#44; Seguimiento arqueol\u00f3gico<\/p>\n<p><b>Equipo T\u00e9cnico: <\/b><\/p>\n<p>\u2013<\/p>\n<p><b>Autores :<\/b><\/p>\n<p>Josep Marqu\u00e9s Costa<\/p>\n<p><b>Promotores: <\/b><\/p>\n<p>DIACON 21<\/p>\n<p><b>Dep\u00f3sito de materiales: <\/b><\/p>\n<p>Museu Arqueol\u00f2gic de la Ciutat de D\u00e9nia<\/p>\n<p><b>Coordenadas UTM: <\/b><\/p>\n<p>X 248819 \u2013 Y 4303078<\/p>\n<p><b>Documento PDF: <\/b><\/p>\n    \n    <div class=\"documento-item\">\n                    <h2 class=\"documento-title\">Descargar aqu\u00ed<\/h2>\n        \n        \n                    <a href=\"https:\/\/marqalicante.com\/contenido\/int_arqueologicas\/doc_165.pdf\" class=\"documento-btn\">\n                <i class=\"fas fa-file-pdf\"><\/i> Descargar PDF\n            <\/a>\n            <\/div>\n\n    \n","protected":false},"featured_media":45501,"template":"","meta":{"kia_subtitle":""},"product_brand":[],"product_cat":[2620],"product_tag":[],"class_list":{"0":"post-45399","1":"product","2":"type-product","3":"status-publish","4":"has-post-thumbnail","6":"product_cat-intervenciones-arqueologicas","8":"first","9":"instock","10":"virtual","11":"product-type-simple"},"meta_box":{"ia_expediente":"","ia_ano":"","ia_fechas_de_actuacion":"","ia_municipios_comarcas":"","ia_directores":"","ia_periodos_culturales":"","ia_tipos_de_intervencion":"","ia_equipo_tecnico":"","ia_autores":"","ia_promotores":"","ia_deposito_de_materiales":"","ia_coordenadas_utm":""},"_links":{"self":[{"href":"https:\/\/marqalicante-admin.qwair.com\/es\/wp-json\/wp\/v2\/product\/45399","targetHints":{"allow":["GET"]}}],"collection":[{"href":"https:\/\/marqalicante-admin.qwair.com\/es\/wp-json\/wp\/v2\/product"}],"about":[{"href":"https:\/\/marqalicante-admin.qwair.com\/es\/wp-json\/wp\/v2\/types\/product"}],"wp:featuredmedia":[{"embeddable":true,"href":"https:\/\/marqalicante-admin.qwair.com\/es\/wp-json\/wp\/v2\/media\/45501"}],"wp:attachment":[{"href":"https:\/\/marqalicante-admin.qwair.com\/es\/wp-json\/wp\/v2\/media?parent=45399"}],"wp:term":[{"taxonomy":"product_brand","embeddable":true,"href":"https:\/\/marqalicante-admin.qwair.com\/es\/wp-json\/wp\/v2\/product_brand?post=45399"},{"taxonomy":"product_cat","embeddable":true,"href":"https:\/\/marqalicante-admin.qwair.com\/es\/wp-json\/wp\/v2\/product_cat?post=45399"},{"taxonomy":"product_tag","embeddable":true,"href":"https:\/\/marqalicante-admin.qwair.com\/es\/wp-json\/wp\/v2\/product_tag?post=45399"}],"curies":[{"name":"wp","href":"https:\/\/api.w.org\/{rel}","templated":true}]}}