{"id":45389,"date":"2025-04-04T06:25:27","date_gmt":"2025-04-04T06:25:27","guid":{"rendered":"https:\/\/marqalicante-admin.qwair.com\/producto\/tossal-de-la-cala-cap-negret-penyal-difach-pic-de-laguila-portet-de-moraira-serra-grossa-y-alt-de-segaria\/"},"modified":"2025-04-07T08:06:51","modified_gmt":"2025-04-07T08:06:51","slug":"tossal-de-la-cala-cap-negret-penyal-difach-pic-de-laguila-portet-de-moraira-serra-grossa-y-alt-de-segaria","status":"publish","type":"product","link":"https:\/\/marqalicante-admin.qwair.com\/es\/producto\/tossal-de-la-cala-cap-negret-penyal-difach-pic-de-laguila-portet-de-moraira-serra-grossa-y-alt-de-segaria\/","title":{"rendered":"Tossal de la Cala&#44; Cap Negret&#44; Penyal d&#8217;Ifach&#44; Pic de l&#8217;\u00c0guila&#44; Portet de Moraira&#44; Serra Grossa y Alt de Seg\u00e0ria"},"content":{"rendered":"","protected":false},"excerpt":{"rendered":"<p><b>Expediente: <\/b><\/p>\n<p>2010\/0963-A<\/p>\n<p><b>A\u00f1o: <\/b><\/p>\n<p>2011<\/p>\n<p><b>Fechas de actuaci\u00f3n: <\/b><\/p>\n<p>15-03-2011 \u2013 En curso<\/p>\n<p><b>Municipios (Comarcas): <\/b><\/p>\n<p>ALACANT \/ ALICANTE&#44; ALTEA&#44; BENIDORM&#44; BENIMELI&#44; CALPE \/ CALP&#44; D\u00c9NIA&#44; TEULADA<\/p>\n<p><b>Directores :<\/b><\/p>\n<p>Moratalla J\u00e1vega&#44; Jes\u00fas&#44; Prados Mart\u00ednez&#44; Fernando&#44; Sala Sell\u00e9s&#44; Feliciana<\/p>\n<p><b>Periodos culturales: <\/b><\/p>\n<p>Ib\u00e9rico&#44; Romano<\/p>\n<p><b>Tipos de intervenci\u00f3n :<\/b><\/p>\n<p>Planimetr\u00eda<\/p>\n<p><b>Equipo T\u00e9cnico: <\/b><\/p>\n<p>Lorenzo Abad Casal&#44; Carolina Dom\u00e9nech Belda&#44; Julia Sarabia Bautista&#44; V\u00edctor Ca\u00f1avate Castej\u00f3n&#44; Mercedes Tendero Porras&#44; Ana Ronda Femenia y Sonia Bayo Fuentes<\/p>\n<p><b>Autores :<\/b><\/p>\n<p>Feliciana Sala Sell\u00e9s&#44; Jes\u00fas Moratalla J\u00e1vega y Fernando Prados Mart\u00ednez<\/p>\n<p><b>Promotores: <\/b><\/p>\n<p>Universidad de Alicante<\/p>\n<p><b>Dep\u00f3sito de materiales: <\/b><\/p>\n<p>No se recuper\u00f3 material arqueol\u00f3gico<\/p>\n<p><b>Coordenadas UTM: <\/b><\/p>\n<p>Tossal de la Cala: X 747417 \u2013 Y 4267920; Cap Negret: X 758328 \u2013 Y 4277991; Penyal d\u2019Ifac: X 245359 \u2013 Y 4280697; Pic de l\u2019\u00c0guila: X 768949 \u2013 Y 4300536; Portet de Moraira: X 252141 \u2013 Y 4285606; Serra Grossa: X 722633 \u2013 Y 4249163; Passet de Seg\u00e0ria: X 454587 \u2013 Y 4302321<\/p>\n<p><b>Documento PDF: <\/b><\/p>\n    \n    <div class=\"documento-item\">\n                    <h2 class=\"documento-title\">Descargar aqu\u00ed<\/h2>\n        \n        \n                    <a href=\"https:\/\/marqalicante.com\/contenido\/int_arqueologicas\/doc_155.pdf\" class=\"documento-btn\">\n                <i class=\"fas fa-file-pdf\"><\/i> Descargar PDF\n            <\/a>\n            <\/div>\n\n    \n","protected":false},"featured_media":45501,"template":"","meta":{"kia_subtitle":""},"product_brand":[],"product_cat":[2620],"product_tag":[],"class_list":{"0":"post-45389","1":"product","2":"type-product","3":"status-publish","4":"has-post-thumbnail","6":"product_cat-intervenciones-arqueologicas","8":"first","9":"instock","10":"virtual","11":"product-type-simple"},"meta_box":{"ia_expediente":"","ia_ano":"","ia_fechas_de_actuacion":"","ia_municipios_comarcas":"","ia_directores":"","ia_periodos_culturales":"","ia_tipos_de_intervencion":"","ia_equipo_tecnico":"","ia_autores":"","ia_promotores":"","ia_deposito_de_materiales":"","ia_coordenadas_utm":""},"_links":{"self":[{"href":"https:\/\/marqalicante-admin.qwair.com\/es\/wp-json\/wp\/v2\/product\/45389","targetHints":{"allow":["GET"]}}],"collection":[{"href":"https:\/\/marqalicante-admin.qwair.com\/es\/wp-json\/wp\/v2\/product"}],"about":[{"href":"https:\/\/marqalicante-admin.qwair.com\/es\/wp-json\/wp\/v2\/types\/product"}],"wp:featuredmedia":[{"embeddable":true,"href":"https:\/\/marqalicante-admin.qwair.com\/es\/wp-json\/wp\/v2\/media\/45501"}],"wp:attachment":[{"href":"https:\/\/marqalicante-admin.qwair.com\/es\/wp-json\/wp\/v2\/media?parent=45389"}],"wp:term":[{"taxonomy":"product_brand","embeddable":true,"href":"https:\/\/marqalicante-admin.qwair.com\/es\/wp-json\/wp\/v2\/product_brand?post=45389"},{"taxonomy":"product_cat","embeddable":true,"href":"https:\/\/marqalicante-admin.qwair.com\/es\/wp-json\/wp\/v2\/product_cat?post=45389"},{"taxonomy":"product_tag","embeddable":true,"href":"https:\/\/marqalicante-admin.qwair.com\/es\/wp-json\/wp\/v2\/product_tag?post=45389"}],"curies":[{"name":"wp","href":"https:\/\/api.w.org\/{rel}","templated":true}]}}