{"id":45385,"date":"2025-04-04T06:25:25","date_gmt":"2025-04-04T06:25:25","guid":{"rendered":"https:\/\/marqalicante-admin.qwair.com\/producto\/prospeccion-documentacion-y-contextualizacion-de-arte-rupestre-en-las-comarcas-alicantinas-de-lalcoia-el-comtat-la-marina-alta-y-la-marina-baixa-1a-anualidad-sectores-geograficos-4-y\/"},"modified":"2025-04-07T08:06:50","modified_gmt":"2025-04-07T08:06:50","slug":"prospeccion-documentacion-y-contextualizacion-de-arte-rupestre-en-las-comarcas-alicantinas-de-lalcoia-el-comtat-la-marina-alta-y-la-marina-baixa-1a-anualidad-sectores-geograficos-4-y","status":"publish","type":"product","link":"https:\/\/marqalicante-admin.qwair.com\/es\/producto\/prospeccion-documentacion-y-contextualizacion-de-arte-rupestre-en-las-comarcas-alicantinas-de-lalcoia-el-comtat-la-marina-alta-y-la-marina-baixa-1a-anualidad-sectores-geograficos-4-y\/","title":{"rendered":"Prospecci\u00f3n&#44; documentaci\u00f3n y contextualizaci\u00f3n de arte rupestre en las comarcas alicantinas de l&#8217;Alcoi\u00e0&#44; el Comtat&#44; la Marina Alta y la Marina Baixa. 1\u00aa anualidad: sectores geogr\u00e1ficos 4 y 6"},"content":{"rendered":"","protected":false},"excerpt":{"rendered":"<p><b>Expediente: <\/b><\/p>\n<p>2010\/0908-A<\/p>\n<p><b>A\u00f1o: <\/b><\/p>\n<p>2011<\/p>\n<p><b>Fechas de actuaci\u00f3n: <\/b><\/p>\n<p>13-12-2010 \u2013 En curso<\/p>\n<p><b>Municipios (Comarcas): <\/b><\/p>\n<p>CONFRIDES<\/p>\n<p><b>Directores :<\/b><\/p>\n<p>Barciela Gonz\u00e1lez&#44; Virginia&#44; Molina Hern\u00e1ndez&#44; Francisco Javier<\/p>\n<p><b>Periodos culturales: <\/b><\/p>\n<p>Neol\u00edtico<\/p>\n<p><b>Tipos de intervenci\u00f3n :<\/b><\/p>\n<p>Documentaci\u00f3n<\/p>\n<p><b>Equipo T\u00e9cnico: <\/b><\/p>\n<p>\u2013<\/p>\n<p><b>Autores :<\/b><\/p>\n<p>Francisco Javier Molina Hern\u00e1ndez y Virginia Barciela Gonz\u00e1lez\n<\/p>\n<p><b>Promotores: <\/b><\/p>\n<p>Direcci\u00f3n General de Patrimonio Cultural. Generalitat Valenciana<\/p>\n<p><b>Dep\u00f3sito de materiales: <\/b><\/p>\n<p>No se recuper\u00f3 material arqueol\u00f3gico<\/p>\n<p><b>Coordenadas UTM: <\/b><\/p>\n<p>X 737402 \u2013 Y 4284794 (Abrigo de la Condomina); X 736514 \u2013 Y 4283704 (Pla de la Codolla)<\/p>\n<p><b>Documento PDF: <\/b><\/p>\n    \n    <div class=\"documento-item\">\n                    <h2 class=\"documento-title\">Descargar aqu\u00ed<\/h2>\n        \n        \n                    <a href=\"https:\/\/marqalicante.com\/contenido\/int_arqueologicas\/doc_151.pdf\" class=\"documento-btn\">\n                <i class=\"fas fa-file-pdf\"><\/i> Descargar PDF\n            <\/a>\n            <\/div>\n\n    \n","protected":false},"featured_media":45501,"template":"","meta":{"kia_subtitle":""},"product_brand":[],"product_cat":[2620],"product_tag":[],"class_list":{"0":"post-45385","1":"product","2":"type-product","3":"status-publish","4":"has-post-thumbnail","6":"product_cat-intervenciones-arqueologicas","8":"first","9":"instock","10":"virtual","11":"product-type-simple"},"meta_box":{"ia_expediente":"","ia_ano":"","ia_fechas_de_actuacion":"","ia_municipios_comarcas":"","ia_directores":"","ia_periodos_culturales":"","ia_tipos_de_intervencion":"","ia_equipo_tecnico":"","ia_autores":"","ia_promotores":"","ia_deposito_de_materiales":"","ia_coordenadas_utm":""},"_links":{"self":[{"href":"https:\/\/marqalicante-admin.qwair.com\/es\/wp-json\/wp\/v2\/product\/45385","targetHints":{"allow":["GET"]}}],"collection":[{"href":"https:\/\/marqalicante-admin.qwair.com\/es\/wp-json\/wp\/v2\/product"}],"about":[{"href":"https:\/\/marqalicante-admin.qwair.com\/es\/wp-json\/wp\/v2\/types\/product"}],"wp:featuredmedia":[{"embeddable":true,"href":"https:\/\/marqalicante-admin.qwair.com\/es\/wp-json\/wp\/v2\/media\/45501"}],"wp:attachment":[{"href":"https:\/\/marqalicante-admin.qwair.com\/es\/wp-json\/wp\/v2\/media?parent=45385"}],"wp:term":[{"taxonomy":"product_brand","embeddable":true,"href":"https:\/\/marqalicante-admin.qwair.com\/es\/wp-json\/wp\/v2\/product_brand?post=45385"},{"taxonomy":"product_cat","embeddable":true,"href":"https:\/\/marqalicante-admin.qwair.com\/es\/wp-json\/wp\/v2\/product_cat?post=45385"},{"taxonomy":"product_tag","embeddable":true,"href":"https:\/\/marqalicante-admin.qwair.com\/es\/wp-json\/wp\/v2\/product_tag?post=45385"}],"curies":[{"name":"wp","href":"https:\/\/api.w.org\/{rel}","templated":true}]}}