{"id":45379,"date":"2025-04-04T06:25:21","date_gmt":"2025-04-04T06:25:21","guid":{"rendered":"https:\/\/marqalicante-admin.qwair.com\/producto\/planta-de-trituracion-de-aridos-y-fabricacion-de-hormigon-suelo-cemento-y-aglomerado-poligono-74-parcela-36-los-alhorines\/"},"modified":"2025-04-07T08:06:48","modified_gmt":"2025-04-07T08:06:48","slug":"planta-de-trituracion-de-aridos-y-fabricacion-de-hormigon-suelo-cemento-y-aglomerado-poligono-74-parcela-36-los-alhorines","status":"publish","type":"product","link":"https:\/\/marqalicante-admin.qwair.com\/es\/producto\/planta-de-trituracion-de-aridos-y-fabricacion-de-hormigon-suelo-cemento-y-aglomerado-poligono-74-parcela-36-los-alhorines\/","title":{"rendered":"Planta de trituraci\u00f3n de \u00e1ridos y fabricaci\u00f3n de hormig\u00f3n&#44; suelo cemento y aglomerado. Pol\u00edgono 74&#44; parcela 36. Los Alhorines"},"content":{"rendered":"","protected":false},"excerpt":{"rendered":"<p><b>Expediente: <\/b><\/p>\n<p>2010\/0864-A<\/p>\n<p><b>A\u00f1o: <\/b><\/p>\n<p>2010<\/p>\n<p><b>Fechas de actuaci\u00f3n: <\/b><\/p>\n<p><b>Municipios (Comarcas): <\/b><\/p>\n<p>VILLENA<\/p>\n<p><b>Directores :<\/b><\/p>\n<p>Grande Tur\u00e9gano&#44; Fernando<\/p>\n<p><b>Periodos culturales: <\/b><\/p>\n<p><b>Tipos de intervenci\u00f3n :<\/b><\/p>\n<p><b>Equipo T\u00e9cnico: <\/b><\/p>\n<p><b>Autores :<\/b><\/p>\n<p><b>Promotores: <\/b><\/p>\n<p><b>Dep\u00f3sito de materiales: <\/b><\/p>\n<p><b>Coordenadas UTM: <\/b><\/p>\n<p><b>Documento PDF: <\/b><\/p>\n","protected":false},"featured_media":45501,"template":"","meta":{"kia_subtitle":""},"product_brand":[],"product_cat":[2620],"product_tag":[],"class_list":{"0":"post-45379","1":"product","2":"type-product","3":"status-publish","4":"has-post-thumbnail","6":"product_cat-intervenciones-arqueologicas","8":"first","9":"instock","10":"virtual","11":"product-type-simple"},"meta_box":{"ia_expediente":"","ia_ano":"","ia_fechas_de_actuacion":"","ia_municipios_comarcas":"","ia_directores":"","ia_periodos_culturales":"","ia_tipos_de_intervencion":"","ia_equipo_tecnico":"","ia_autores":"","ia_promotores":"","ia_deposito_de_materiales":"","ia_coordenadas_utm":""},"_links":{"self":[{"href":"https:\/\/marqalicante-admin.qwair.com\/es\/wp-json\/wp\/v2\/product\/45379","targetHints":{"allow":["GET"]}}],"collection":[{"href":"https:\/\/marqalicante-admin.qwair.com\/es\/wp-json\/wp\/v2\/product"}],"about":[{"href":"https:\/\/marqalicante-admin.qwair.com\/es\/wp-json\/wp\/v2\/types\/product"}],"wp:featuredmedia":[{"embeddable":true,"href":"https:\/\/marqalicante-admin.qwair.com\/es\/wp-json\/wp\/v2\/media\/45501"}],"wp:attachment":[{"href":"https:\/\/marqalicante-admin.qwair.com\/es\/wp-json\/wp\/v2\/media?parent=45379"}],"wp:term":[{"taxonomy":"product_brand","embeddable":true,"href":"https:\/\/marqalicante-admin.qwair.com\/es\/wp-json\/wp\/v2\/product_brand?post=45379"},{"taxonomy":"product_cat","embeddable":true,"href":"https:\/\/marqalicante-admin.qwair.com\/es\/wp-json\/wp\/v2\/product_cat?post=45379"},{"taxonomy":"product_tag","embeddable":true,"href":"https:\/\/marqalicante-admin.qwair.com\/es\/wp-json\/wp\/v2\/product_tag?post=45379"}],"curies":[{"name":"wp","href":"https:\/\/api.w.org\/{rel}","templated":true}]}}