{"id":45352,"date":"2025-04-04T06:25:06","date_gmt":"2025-04-04T06:25:06","guid":{"rendered":"https:\/\/marqalicante-admin.qwair.com\/producto\/c-solars\/"},"modified":"2025-04-07T08:06:40","modified_gmt":"2025-04-07T08:06:40","slug":"c-solars","status":"publish","type":"product","link":"https:\/\/marqalicante-admin.qwair.com\/es\/producto\/c-solars\/","title":{"rendered":"C\/ Solars"},"content":{"rendered":"","protected":false},"excerpt":{"rendered":"<p><b>Expediente: <\/b><\/p>\n<p>2010\/0635-A<\/p>\n<p><b>A\u00f1o: <\/b><\/p>\n<p>2010<\/p>\n<p><b>Fechas de actuaci\u00f3n: <\/b><\/p>\n<p>26-06-2010 a 09-09-2010<\/p>\n<p><b>Municipios (Comarcas): <\/b><\/p>\n<p>ELCHE \/ ELX<\/p>\n<p><b>Directores :<\/b><\/p>\n<p>L\u00f3pez Segu\u00ed&#44; Eduardo<\/p>\n<p><b>Periodos culturales: <\/b><\/p>\n<p>Bajomedieval&#44; Contempor\u00e1neo&#44; Isl\u00e1mico&#44; Romano<\/p>\n<p><b>Tipos de intervenci\u00f3n :<\/b><\/p>\n<p>Seguimiento arqueol\u00f3gico<\/p>\n<p><b>Equipo T\u00e9cnico: <\/b><\/p>\n<p>Israel Esp\u00ed P\u00e9rez (arque\u00f3logo)&#44; Gabriel Lara Vives (arque\u00f3logo) y Jos\u00e9 Vicente Carpio Dom\u00ednguez (dibujante)<\/p>\n<p><b>Autores :<\/b><\/p>\n<p>Eduardo L\u00f3pez Segu\u00ed (ALEBUS Patrimonio Hist\u00f3rico&#44; S.L.)<\/p>\n<p><b>Promotores: <\/b><\/p>\n<p>Enrique Peirano Serrano. ILIDEXSA&#44; S.A.U.<\/p>\n<p><b>Dep\u00f3sito de materiales: <\/b><\/p>\n<p>Museo de Arqueolog\u00eda e Historia de Elche (MAHE)<\/p>\n<p><b>Coordenadas UTM: <\/b><\/p>\n<p>X 701474 \u2013 Y 4237539<\/p>\n<p><b>Documento PDF: <\/b><\/p>\n    \n    <div class=\"documento-item\">\n                    <h2 class=\"documento-title\">Descargar aqu\u00ed<\/h2>\n        \n        \n                    <a href=\"https:\/\/marqalicante.com\/contenido\/int_arqueologicas\/doc_118.pdf\" class=\"documento-btn\">\n                <i class=\"fas fa-file-pdf\"><\/i> Descargar PDF\n            <\/a>\n            <\/div>\n\n    \n","protected":false},"featured_media":45501,"template":"","meta":{"kia_subtitle":""},"product_brand":[],"product_cat":[2620],"product_tag":[],"class_list":{"0":"post-45352","1":"product","2":"type-product","3":"status-publish","4":"has-post-thumbnail","6":"product_cat-intervenciones-arqueologicas","8":"first","9":"instock","10":"virtual","11":"product-type-simple"},"meta_box":{"ia_expediente":"","ia_ano":"","ia_fechas_de_actuacion":"","ia_municipios_comarcas":"","ia_directores":"","ia_periodos_culturales":"","ia_tipos_de_intervencion":"","ia_equipo_tecnico":"","ia_autores":"","ia_promotores":"","ia_deposito_de_materiales":"","ia_coordenadas_utm":""},"_links":{"self":[{"href":"https:\/\/marqalicante-admin.qwair.com\/es\/wp-json\/wp\/v2\/product\/45352","targetHints":{"allow":["GET"]}}],"collection":[{"href":"https:\/\/marqalicante-admin.qwair.com\/es\/wp-json\/wp\/v2\/product"}],"about":[{"href":"https:\/\/marqalicante-admin.qwair.com\/es\/wp-json\/wp\/v2\/types\/product"}],"wp:featuredmedia":[{"embeddable":true,"href":"https:\/\/marqalicante-admin.qwair.com\/es\/wp-json\/wp\/v2\/media\/45501"}],"wp:attachment":[{"href":"https:\/\/marqalicante-admin.qwair.com\/es\/wp-json\/wp\/v2\/media?parent=45352"}],"wp:term":[{"taxonomy":"product_brand","embeddable":true,"href":"https:\/\/marqalicante-admin.qwair.com\/es\/wp-json\/wp\/v2\/product_brand?post=45352"},{"taxonomy":"product_cat","embeddable":true,"href":"https:\/\/marqalicante-admin.qwair.com\/es\/wp-json\/wp\/v2\/product_cat?post=45352"},{"taxonomy":"product_tag","embeddable":true,"href":"https:\/\/marqalicante-admin.qwair.com\/es\/wp-json\/wp\/v2\/product_tag?post=45352"}],"curies":[{"name":"wp","href":"https:\/\/api.w.org\/{rel}","templated":true}]}}