{"id":45337,"date":"2025-04-04T06:24:59","date_gmt":"2025-04-04T06:24:59","guid":{"rendered":"https:\/\/marqalicante-admin.qwair.com\/producto\/acceso-a-la-planta-de-tratamiento-de-residuos-solidos-desde-la-cv-725-y-conexion-con-la-cv-724\/"},"modified":"2025-04-07T08:06:35","modified_gmt":"2025-04-07T08:06:35","slug":"acceso-a-la-planta-de-tratamiento-de-residuos-solidos-desde-la-cv-725-y-conexion-con-la-cv-724","status":"publish","type":"product","link":"https:\/\/marqalicante-admin.qwair.com\/es\/producto\/acceso-a-la-planta-de-tratamiento-de-residuos-solidos-desde-la-cv-725-y-conexion-con-la-cv-724\/","title":{"rendered":"Acceso a la planta de tratamiento de residuos s\u00f3lidos desde la CV-725 y conexi\u00f3n con la CV-724"},"content":{"rendered":"","protected":false},"excerpt":{"rendered":"<p><b>Expediente: <\/b><\/p>\n<p>2010\/0492-A<\/p>\n<p><b>A\u00f1o: <\/b><\/p>\n<p>2011<\/p>\n<p><b>Fechas de actuaci\u00f3n: <\/b><\/p>\n<p>03-09-2011 a 04-09-2011<\/p>\n<p><b>Municipios (Comarcas): <\/b><\/p>\n<p>D\u00c9NIA&#44; ONDARA<\/p>\n<p><b>Directores :<\/b><\/p>\n<p>Herreros Hern\u00e1ndez&#44; Agustina<\/p>\n<p><b>Periodos culturales: <\/b><\/p>\n<p>Negativo<\/p>\n<p><b>Tipos de intervenci\u00f3n :<\/b><\/p>\n<p>Prospecci\u00f3n arqueol\u00f3gica y etnol\u00f3gica<\/p>\n<p><b>Equipo T\u00e9cnico: <\/b><\/p>\n<p>Evarist Caselles<\/p>\n<p><b>Autores :<\/b><\/p>\n<p>Agustina Herreros Hern\u00e1ndez (DISBAUXES I NAUMAQUIES)<\/p>\n<p><b>Promotores: <\/b><\/p>\n<p>VAERSA GRUPO<\/p>\n<p><b>Dep\u00f3sito de materiales: <\/b><\/p>\n<p>No se recuper\u00f3 material arqueol\u00f3gico<\/p>\n<p><b>Coordenadas UTM: <\/b><\/p>\n<p>X 242941 \u2013 Y 4301399<\/p>\n<p><b>Documento PDF: <\/b><\/p>\n    \n    <div class=\"documento-item\">\n                    <h2 class=\"documento-title\">Descargar aqu\u00ed<\/h2>\n        \n        \n                    <a href=\"https:\/\/marqalicante.com\/contenido\/int_arqueologicas\/doc_103.pdf\" class=\"documento-btn\">\n                <i class=\"fas fa-file-pdf\"><\/i> Descargar PDF\n            <\/a>\n            <\/div>\n\n    \n","protected":false},"featured_media":45501,"template":"","meta":{"kia_subtitle":""},"product_brand":[],"product_cat":[2620],"product_tag":[],"class_list":{"0":"post-45337","1":"product","2":"type-product","3":"status-publish","4":"has-post-thumbnail","6":"product_cat-intervenciones-arqueologicas","8":"first","9":"instock","10":"virtual","11":"product-type-simple"},"meta_box":{"ia_expediente":"","ia_ano":"","ia_fechas_de_actuacion":"","ia_municipios_comarcas":"","ia_directores":"","ia_periodos_culturales":"","ia_tipos_de_intervencion":"","ia_equipo_tecnico":"","ia_autores":"","ia_promotores":"","ia_deposito_de_materiales":"","ia_coordenadas_utm":""},"_links":{"self":[{"href":"https:\/\/marqalicante-admin.qwair.com\/es\/wp-json\/wp\/v2\/product\/45337","targetHints":{"allow":["GET"]}}],"collection":[{"href":"https:\/\/marqalicante-admin.qwair.com\/es\/wp-json\/wp\/v2\/product"}],"about":[{"href":"https:\/\/marqalicante-admin.qwair.com\/es\/wp-json\/wp\/v2\/types\/product"}],"wp:featuredmedia":[{"embeddable":true,"href":"https:\/\/marqalicante-admin.qwair.com\/es\/wp-json\/wp\/v2\/media\/45501"}],"wp:attachment":[{"href":"https:\/\/marqalicante-admin.qwair.com\/es\/wp-json\/wp\/v2\/media?parent=45337"}],"wp:term":[{"taxonomy":"product_brand","embeddable":true,"href":"https:\/\/marqalicante-admin.qwair.com\/es\/wp-json\/wp\/v2\/product_brand?post=45337"},{"taxonomy":"product_cat","embeddable":true,"href":"https:\/\/marqalicante-admin.qwair.com\/es\/wp-json\/wp\/v2\/product_cat?post=45337"},{"taxonomy":"product_tag","embeddable":true,"href":"https:\/\/marqalicante-admin.qwair.com\/es\/wp-json\/wp\/v2\/product_tag?post=45337"}],"curies":[{"name":"wp","href":"https:\/\/api.w.org\/{rel}","templated":true}]}}