{"id":45329,"date":"2025-04-04T06:24:56","date_gmt":"2025-04-04T06:24:56","guid":{"rendered":"https:\/\/marqalicante-admin.qwair.com\/producto\/mas-dis\/"},"modified":"2025-04-07T08:06:31","modified_gmt":"2025-04-07T08:06:31","slug":"mas-dis","status":"publish","type":"product","link":"https:\/\/marqalicante-admin.qwair.com\/es\/producto\/mas-dis\/","title":{"rendered":"Mas d&#8217;Is"},"content":{"rendered":"","protected":false},"excerpt":{"rendered":"<p><b>Expediente: <\/b><\/p>\n<p>2010\/0446-A<\/p>\n<p><b>A\u00f1o: <\/b><\/p>\n<p>2010<\/p>\n<p><b>Fechas de actuaci\u00f3n: <\/b><\/p>\n<p>08\/09-2010<\/p>\n<p><b>Municipios (Comarcas): <\/b><\/p>\n<p>PEN\u00c0GUILA<\/p>\n<p><b>Directores :<\/b><\/p>\n<p>Bernabeu Aub\u00e1n&#44; Joan&#44; Orozco K\u00f6hler&#44; Teresa<\/p>\n<p><b>Periodos culturales: <\/b><\/p>\n<p>Neol\u00edtico<\/p>\n<p><b>Tipos de intervenci\u00f3n :<\/b><\/p>\n<p>Excavaci\u00f3n arqueol\u00f3gica<\/p>\n<p><b>Equipo T\u00e9cnico: <\/b><\/p>\n<p>Agust\u00edn Diez Castillo y Sonia L\u00f3pez Mel\u00f3n<\/p>\n<p><b>Autores :<\/b><\/p>\n<p>Agust\u00edn Diez Castillo&#44; Joan Bernabeu Aub\u00e1n y Teresa Orozco K\u00f6hler (Ver PDF Mas d&#8217;Is campa\u00f1a 2011)\n<\/p>\n<p><b>Promotores: <\/b><\/p>\n<p>Universitat de Val\u00e8ncia<\/p>\n<p><b>Dep\u00f3sito de materiales: <\/b><\/p>\n<p>Museu Arqueol\u00f2gic Municipal Camil Visedo Molt\u00f3 d&#8217;Alcoi<\/p>\n<p><b>Coordenadas UTM: <\/b><\/p>\n<p>X 726442 \u2013 Y 4285375<\/p>\n<p><b>Documento PDF: <\/b><\/p>\n","protected":false},"featured_media":45501,"template":"","meta":{"kia_subtitle":""},"product_brand":[],"product_cat":[2620],"product_tag":[],"class_list":{"0":"post-45329","1":"product","2":"type-product","3":"status-publish","4":"has-post-thumbnail","6":"product_cat-intervenciones-arqueologicas","8":"first","9":"instock","10":"virtual","11":"product-type-simple"},"meta_box":{"ia_expediente":"","ia_ano":"","ia_fechas_de_actuacion":"","ia_municipios_comarcas":"","ia_directores":"","ia_periodos_culturales":"","ia_tipos_de_intervencion":"","ia_equipo_tecnico":"","ia_autores":"","ia_promotores":"","ia_deposito_de_materiales":"","ia_coordenadas_utm":""},"_links":{"self":[{"href":"https:\/\/marqalicante-admin.qwair.com\/es\/wp-json\/wp\/v2\/product\/45329","targetHints":{"allow":["GET"]}}],"collection":[{"href":"https:\/\/marqalicante-admin.qwair.com\/es\/wp-json\/wp\/v2\/product"}],"about":[{"href":"https:\/\/marqalicante-admin.qwair.com\/es\/wp-json\/wp\/v2\/types\/product"}],"wp:featuredmedia":[{"embeddable":true,"href":"https:\/\/marqalicante-admin.qwair.com\/es\/wp-json\/wp\/v2\/media\/45501"}],"wp:attachment":[{"href":"https:\/\/marqalicante-admin.qwair.com\/es\/wp-json\/wp\/v2\/media?parent=45329"}],"wp:term":[{"taxonomy":"product_brand","embeddable":true,"href":"https:\/\/marqalicante-admin.qwair.com\/es\/wp-json\/wp\/v2\/product_brand?post=45329"},{"taxonomy":"product_cat","embeddable":true,"href":"https:\/\/marqalicante-admin.qwair.com\/es\/wp-json\/wp\/v2\/product_cat?post=45329"},{"taxonomy":"product_tag","embeddable":true,"href":"https:\/\/marqalicante-admin.qwair.com\/es\/wp-json\/wp\/v2\/product_tag?post=45329"}],"curies":[{"name":"wp","href":"https:\/\/api.w.org\/{rel}","templated":true}]}}