{"id":45325,"date":"2025-04-04T06:24:54","date_gmt":"2025-04-04T06:24:54","guid":{"rendered":"https:\/\/marqalicante-admin.qwair.com\/producto\/cabezo-redondo\/"},"modified":"2025-04-07T08:06:30","modified_gmt":"2025-04-07T08:06:30","slug":"cabezo-redondo","status":"publish","type":"product","link":"https:\/\/marqalicante-admin.qwair.com\/es\/producto\/cabezo-redondo\/","title":{"rendered":"Cabezo Redondo"},"content":{"rendered":"","protected":false},"excerpt":{"rendered":"<p><b>Expediente: <\/b><\/p>\n<p>2010\/0430-A<\/p>\n<p><b>A\u00f1o: <\/b><\/p>\n<p>2010<\/p>\n<p><b>Fechas de actuaci\u00f3n: <\/b><\/p>\n<p>14-06-2010 a 28-06-2010<\/p>\n<p><b>Municipios (Comarcas): <\/b><\/p>\n<p>VILLENA<\/p>\n<p><b>Directores :<\/b><\/p>\n<p>Barciela Gonz\u00e1lez&#44; Virginia&#44; Garc\u00eda Ati\u00e9nzar&#44; Gabriel&#44; Hern\u00e1ndez P\u00e9rez&#44; Mauro S.<\/p>\n<p><b>Periodos culturales: <\/b><\/p>\n<p>Edad del Bronce<\/p>\n<p><b>Tipos de intervenci\u00f3n :<\/b><\/p>\n<p>Excavaci\u00f3n arqueol\u00f3gica<\/p>\n<p><b>Equipo T\u00e9cnico: <\/b><\/p>\n<p>Francisco Javier Jover Maestre&#44; Juan Antonio L\u00f3pez Padilla&#44; Jos\u00e9 Luis Sim\u00f3n Garc\u00eda&#44; Pilar Iborra Eres&#44; Jos\u00e9 Antonio L\u00f3pez Mira&#44; M\u00aa Paz de Miguel Benito&#44; Mar\u00eda Lillo Bernabeu y Ximo Martorell Briz<\/p>\n<p><b>Autores :<\/b><\/p>\n<p>Mauro S. Hern\u00e1ndez P\u00e9rez&#44; Gabriel Garc\u00eda Ati\u00e9nzar&#44; Virginia Barciela Gonz\u00e1lez&#44; Mar\u00eda Lillo Bernabeu y Ximo Martorell Briz\n<\/p>\n<p><b>Promotores: <\/b><\/p>\n<p>Universidad de Alicante<\/p>\n<p><b>Dep\u00f3sito de materiales: <\/b><\/p>\n<p>Museo Arqueol\u00f3gico Municipal Jos\u00e9 Mar\u00eda Soler de Villena<\/p>\n<p><b>Coordenadas UTM: <\/b><\/p>\n<p>X 683564 \u2013 Y 4273912<\/p>\n<p><b>Documento PDF: <\/b><\/p>\n    \n    <div class=\"documento-item\">\n                    <h2 class=\"documento-title\">Descargar aqu\u00ed<\/h2>\n        \n        \n                    <a href=\"https:\/\/marqalicante.com\/contenido\/int_arqueologicas\/doc_91.pdf\" class=\"documento-btn\">\n                <i class=\"fas fa-file-pdf\"><\/i> Descargar PDF\n            <\/a>\n            <\/div>\n\n    \n","protected":false},"featured_media":45501,"template":"","meta":{"kia_subtitle":""},"product_brand":[],"product_cat":[2620],"product_tag":[],"class_list":{"0":"post-45325","1":"product","2":"type-product","3":"status-publish","4":"has-post-thumbnail","6":"product_cat-intervenciones-arqueologicas","8":"first","9":"instock","10":"virtual","11":"product-type-simple"},"meta_box":{"ia_expediente":"","ia_ano":"","ia_fechas_de_actuacion":"","ia_municipios_comarcas":"","ia_directores":"","ia_periodos_culturales":"","ia_tipos_de_intervencion":"","ia_equipo_tecnico":"","ia_autores":"","ia_promotores":"","ia_deposito_de_materiales":"","ia_coordenadas_utm":""},"_links":{"self":[{"href":"https:\/\/marqalicante-admin.qwair.com\/es\/wp-json\/wp\/v2\/product\/45325","targetHints":{"allow":["GET"]}}],"collection":[{"href":"https:\/\/marqalicante-admin.qwair.com\/es\/wp-json\/wp\/v2\/product"}],"about":[{"href":"https:\/\/marqalicante-admin.qwair.com\/es\/wp-json\/wp\/v2\/types\/product"}],"wp:featuredmedia":[{"embeddable":true,"href":"https:\/\/marqalicante-admin.qwair.com\/es\/wp-json\/wp\/v2\/media\/45501"}],"wp:attachment":[{"href":"https:\/\/marqalicante-admin.qwair.com\/es\/wp-json\/wp\/v2\/media?parent=45325"}],"wp:term":[{"taxonomy":"product_brand","embeddable":true,"href":"https:\/\/marqalicante-admin.qwair.com\/es\/wp-json\/wp\/v2\/product_brand?post=45325"},{"taxonomy":"product_cat","embeddable":true,"href":"https:\/\/marqalicante-admin.qwair.com\/es\/wp-json\/wp\/v2\/product_cat?post=45325"},{"taxonomy":"product_tag","embeddable":true,"href":"https:\/\/marqalicante-admin.qwair.com\/es\/wp-json\/wp\/v2\/product_tag?post=45325"}],"curies":[{"name":"wp","href":"https:\/\/api.w.org\/{rel}","templated":true}]}}