{"id":45324,"date":"2025-04-04T06:24:53","date_gmt":"2025-04-04T06:24:53","guid":{"rendered":"https:\/\/marqalicante-admin.qwair.com\/producto\/la-escuera\/"},"modified":"2025-04-07T08:06:30","modified_gmt":"2025-04-07T08:06:30","slug":"la-escuera","status":"publish","type":"product","link":"https:\/\/marqalicante-admin.qwair.com\/es\/producto\/la-escuera\/","title":{"rendered":"La Escuera"},"content":{"rendered":"","protected":false},"excerpt":{"rendered":"<p><b>Expediente: <\/b><\/p>\n<p>2010\/0429-A<\/p>\n<p><b>A\u00f1o: <\/b><\/p>\n<p>2010<\/p>\n<p><b>Fechas de actuaci\u00f3n: <\/b><\/p>\n<p>40360<\/p>\n<p><b>Municipios (Comarcas): <\/b><\/p>\n<p>SAN FULGENCIO<\/p>\n<p><b>Directores :<\/b><\/p>\n<p>Abad Casal&#44; Lorenzo&#44; Moratalla J\u00e1vega&#44; Jes\u00fas&#44; Sala Sell\u00e9s&#44; Feliciana<\/p>\n<p><b>Periodos culturales: <\/b><\/p>\n<p>Ib\u00e9rico<\/p>\n<p><b>Tipos de intervenci\u00f3n :<\/b><\/p>\n<p>Acondicionamiento&#44; Documentaci\u00f3n&#44; Prospecci\u00f3n geof\u00edsica<\/p>\n<p><b>Equipo T\u00e9cnico: <\/b><\/p>\n<p>Julia Sarabia Bautista&#44; V\u00edctor Ca\u00f1avate Castej\u00f3n&#44; Miguel Benito Iborra y Sonia Bayo Fuentes<\/p>\n<p><b>Autores :<\/b><\/p>\n<p>Lorenzo Abad Casal&#44; Feliciana Sala Sell\u00e9s y Jes\u00fas Moratalla J\u00e1vega<\/p>\n<p><b>Promotores: <\/b><\/p>\n<p>Universidad de Alicante<\/p>\n<p><b>Dep\u00f3sito de materiales: <\/b><\/p>\n<p>Museo Arqueol\u00f3gico Municipal de San Fulgencio<\/p>\n<p><b>Coordenadas UTM: <\/b><\/p>\n<p>X 704049 \u2013 Y 4222011<\/p>\n<p><b>Documento PDF: <\/b><\/p>\n    \n    <div class=\"documento-item\">\n                    <h2 class=\"documento-title\">Descargar aqu\u00ed<\/h2>\n        \n        \n                    <a href=\"https:\/\/marqalicante.com\/contenido\/int_arqueologicas\/doc_90.pdf\" class=\"documento-btn\">\n                <i class=\"fas fa-file-pdf\"><\/i> Descargar PDF\n            <\/a>\n            <\/div>\n\n    \n","protected":false},"featured_media":45501,"template":"","meta":{"kia_subtitle":""},"product_brand":[],"product_cat":[2620],"product_tag":[],"class_list":{"0":"post-45324","1":"product","2":"type-product","3":"status-publish","4":"has-post-thumbnail","6":"product_cat-intervenciones-arqueologicas","8":"first","9":"instock","10":"virtual","11":"product-type-simple"},"meta_box":{"ia_expediente":"","ia_ano":"","ia_fechas_de_actuacion":"","ia_municipios_comarcas":"","ia_directores":"","ia_periodos_culturales":"","ia_tipos_de_intervencion":"","ia_equipo_tecnico":"","ia_autores":"","ia_promotores":"","ia_deposito_de_materiales":"","ia_coordenadas_utm":""},"_links":{"self":[{"href":"https:\/\/marqalicante-admin.qwair.com\/es\/wp-json\/wp\/v2\/product\/45324","targetHints":{"allow":["GET"]}}],"collection":[{"href":"https:\/\/marqalicante-admin.qwair.com\/es\/wp-json\/wp\/v2\/product"}],"about":[{"href":"https:\/\/marqalicante-admin.qwair.com\/es\/wp-json\/wp\/v2\/types\/product"}],"wp:featuredmedia":[{"embeddable":true,"href":"https:\/\/marqalicante-admin.qwair.com\/es\/wp-json\/wp\/v2\/media\/45501"}],"wp:attachment":[{"href":"https:\/\/marqalicante-admin.qwair.com\/es\/wp-json\/wp\/v2\/media?parent=45324"}],"wp:term":[{"taxonomy":"product_brand","embeddable":true,"href":"https:\/\/marqalicante-admin.qwair.com\/es\/wp-json\/wp\/v2\/product_brand?post=45324"},{"taxonomy":"product_cat","embeddable":true,"href":"https:\/\/marqalicante-admin.qwair.com\/es\/wp-json\/wp\/v2\/product_cat?post=45324"},{"taxonomy":"product_tag","embeddable":true,"href":"https:\/\/marqalicante-admin.qwair.com\/es\/wp-json\/wp\/v2\/product_tag?post=45324"}],"curies":[{"name":"wp","href":"https:\/\/api.w.org\/{rel}","templated":true}]}}