{"id":45318,"date":"2025-04-04T06:24:51","date_gmt":"2025-04-04T06:24:51","guid":{"rendered":"https:\/\/marqalicante-admin.qwair.com\/producto\/villa-romana-de-lalbir\/"},"modified":"2025-04-07T08:06:28","modified_gmt":"2025-04-07T08:06:28","slug":"villa-romana-de-lalbir","status":"publish","type":"product","link":"https:\/\/marqalicante-admin.qwair.com\/es\/producto\/villa-romana-de-lalbir\/","title":{"rendered":"Villa Romana de l&#8217;Albir"},"content":{"rendered":"","protected":false},"excerpt":{"rendered":"<p><b>Expediente: <\/b><\/p>\n<p>2010\/0392-A (SS.TT. A-2005-279)<\/p>\n<p><b>A\u00f1o: <\/b><\/p>\n<p>2010<\/p>\n<p><b>Fechas de actuaci\u00f3n: <\/b><\/p>\n<p>07-06-2010 a 26-03-2011<\/p>\n<p><b>Municipios (Comarcas): <\/b><\/p>\n<p>ALF\u00c0S DEL PI&#44; L&#8217;<\/p>\n<p><b>Directores :<\/b><\/p>\n<p>Fr\u00edas Castillejo&#44; Carolina&#44; Molina Vidal&#44; Jaime<\/p>\n<p><b>Periodos culturales: <\/b><\/p>\n<p>Romano&#44; Tardoantiguo<\/p>\n<p><b>Tipos de intervenci\u00f3n :<\/b><\/p>\n<p>Consolidaci\u00f3n&#44; Excavaci\u00f3n arqueol\u00f3gica<\/p>\n<p><b>Equipo T\u00e9cnico: <\/b><\/p>\n<p>Gustavo Olmedo L\u00f3pez (restaurador) y Lourdes Barreiros Morais (arquitecta)<\/p>\n<p><b>Autores :<\/b><\/p>\n<p>Carolina Fr\u00edas Castillejo<\/p>\n<p><b>Promotores: <\/b><\/p>\n<p>Excmo. Ayuntamiento de L\u2019Alf\u00e0s del Pi<\/p>\n<p><b>Dep\u00f3sito de materiales: <\/b><\/p>\n<p>Museo al Aire Libre Villa Romana de l\u2019Albir<\/p>\n<p><b>Coordenadas UTM: <\/b><\/p>\n<p>X 755718 \u2013 Y 4273783<\/p>\n<p><b>Documento PDF: <\/b><\/p>\n    \n    <div class=\"documento-item\">\n                    <h2 class=\"documento-title\">Descargar aqu\u00ed<\/h2>\n        \n        \n                    <a href=\"https:\/\/marqalicante.com\/contenido\/int_arqueologicas\/doc_84.pdf\" class=\"documento-btn\">\n                <i class=\"fas fa-file-pdf\"><\/i> Descargar PDF\n            <\/a>\n            <\/div>\n\n    \n","protected":false},"featured_media":45501,"template":"","meta":{"kia_subtitle":""},"product_brand":[],"product_cat":[2620],"product_tag":[],"class_list":{"0":"post-45318","1":"product","2":"type-product","3":"status-publish","4":"has-post-thumbnail","6":"product_cat-intervenciones-arqueologicas","8":"first","9":"instock","10":"virtual","11":"product-type-simple"},"meta_box":{"ia_expediente":"","ia_ano":"","ia_fechas_de_actuacion":"","ia_municipios_comarcas":"","ia_directores":"","ia_periodos_culturales":"","ia_tipos_de_intervencion":"","ia_equipo_tecnico":"","ia_autores":"","ia_promotores":"","ia_deposito_de_materiales":"","ia_coordenadas_utm":""},"_links":{"self":[{"href":"https:\/\/marqalicante-admin.qwair.com\/es\/wp-json\/wp\/v2\/product\/45318","targetHints":{"allow":["GET"]}}],"collection":[{"href":"https:\/\/marqalicante-admin.qwair.com\/es\/wp-json\/wp\/v2\/product"}],"about":[{"href":"https:\/\/marqalicante-admin.qwair.com\/es\/wp-json\/wp\/v2\/types\/product"}],"wp:featuredmedia":[{"embeddable":true,"href":"https:\/\/marqalicante-admin.qwair.com\/es\/wp-json\/wp\/v2\/media\/45501"}],"wp:attachment":[{"href":"https:\/\/marqalicante-admin.qwair.com\/es\/wp-json\/wp\/v2\/media?parent=45318"}],"wp:term":[{"taxonomy":"product_brand","embeddable":true,"href":"https:\/\/marqalicante-admin.qwair.com\/es\/wp-json\/wp\/v2\/product_brand?post=45318"},{"taxonomy":"product_cat","embeddable":true,"href":"https:\/\/marqalicante-admin.qwair.com\/es\/wp-json\/wp\/v2\/product_cat?post=45318"},{"taxonomy":"product_tag","embeddable":true,"href":"https:\/\/marqalicante-admin.qwair.com\/es\/wp-json\/wp\/v2\/product_tag?post=45318"}],"curies":[{"name":"wp","href":"https:\/\/api.w.org\/{rel}","templated":true}]}}