{"id":45270,"date":"2025-04-04T06:24:26","date_gmt":"2025-04-04T06:24:26","guid":{"rendered":"https:\/\/marqalicante-admin.qwair.com\/producto\/c-concepcion-24-y-26\/"},"modified":"2025-04-07T08:06:14","modified_gmt":"2025-04-07T08:06:14","slug":"c-concepcion-24-y-26","status":"publish","type":"product","link":"https:\/\/marqalicante-admin.qwair.com\/es\/producto\/c-concepcion-24-y-26\/","title":{"rendered":"C\/ Concepci\u00f3n&#44; 24 y 26"},"content":{"rendered":"","protected":false},"excerpt":{"rendered":"<p><b>Expediente: <\/b><\/p>\n<p>2009\/1152-A<\/p>\n<p><b>A\u00f1o: <\/b><\/p>\n<p>2010<\/p>\n<p><b>Fechas de actuaci\u00f3n: <\/b><\/p>\n<p>01-03-2010 a 02-03-2010<\/p>\n<p><b>Municipios (Comarcas): <\/b><\/p>\n<p>ASPE<\/p>\n<p><b>Directores :<\/b><\/p>\n<p>Molina Mas&#44; Francisco A.&#44; Ortega P\u00e9rez&#44; Jos\u00e9 Ram\u00f3n<\/p>\n<p><b>Periodos culturales: <\/b><\/p>\n<p>Contempor\u00e1neo<\/p>\n<p><b>Tipos de intervenci\u00f3n :<\/b><\/p>\n<p>Excavaci\u00f3n arqueol\u00f3gica<\/p>\n<p><b>Equipo T\u00e9cnico: <\/b><\/p>\n<p>Inmaculada Reina G\u00f3mez&#44; Antonio Mart\u00ednez Castell\u00f3&#44; Rosa M\u00aa L\u00f3pez Mart\u00ednez y Samuel Serrano Salar\n<\/p>\n<p><b>Autores :<\/b><\/p>\n<p>Inmaculada Reina G\u00f3mez (ARPA Patrimonio&#44; S.L.)<\/p>\n<p><b>Promotores: <\/b><\/p>\n<p>Diego Padilla Alberola y M\u00aa Rosa Andr\u00e9s Gonz\u00e1lez<\/p>\n<p><b>Dep\u00f3sito de materiales: <\/b><\/p>\n<p>Museo Hist\u00f3rico Centro Casa El Cisco de Aspe<\/p>\n<p><b>Coordenadas UTM: <\/b><\/p>\n<p>X 694973 \u2013 Y 4246390<\/p>\n<p><b>Documento PDF: <\/b><\/p>\n    \n    <div class=\"documento-item\">\n                    <h2 class=\"documento-title\">Descargar aqu\u00ed<\/h2>\n        \n        \n                    <a href=\"https:\/\/marqalicante.com\/contenido\/int_arqueologicas\/doc_34.pdf\" class=\"documento-btn\">\n                <i class=\"fas fa-file-pdf\"><\/i> Descargar PDF\n            <\/a>\n            <\/div>\n\n    \n","protected":false},"featured_media":45501,"template":"","meta":{"kia_subtitle":""},"product_brand":[],"product_cat":[2620],"product_tag":[],"class_list":{"0":"post-45270","1":"product","2":"type-product","3":"status-publish","4":"has-post-thumbnail","6":"product_cat-intervenciones-arqueologicas","8":"first","9":"instock","10":"virtual","11":"product-type-simple"},"meta_box":{"ia_expediente":"","ia_ano":"","ia_fechas_de_actuacion":"","ia_municipios_comarcas":"","ia_directores":"","ia_periodos_culturales":"","ia_tipos_de_intervencion":"","ia_equipo_tecnico":"","ia_autores":"","ia_promotores":"","ia_deposito_de_materiales":"","ia_coordenadas_utm":""},"_links":{"self":[{"href":"https:\/\/marqalicante-admin.qwair.com\/es\/wp-json\/wp\/v2\/product\/45270","targetHints":{"allow":["GET"]}}],"collection":[{"href":"https:\/\/marqalicante-admin.qwair.com\/es\/wp-json\/wp\/v2\/product"}],"about":[{"href":"https:\/\/marqalicante-admin.qwair.com\/es\/wp-json\/wp\/v2\/types\/product"}],"wp:featuredmedia":[{"embeddable":true,"href":"https:\/\/marqalicante-admin.qwair.com\/es\/wp-json\/wp\/v2\/media\/45501"}],"wp:attachment":[{"href":"https:\/\/marqalicante-admin.qwair.com\/es\/wp-json\/wp\/v2\/media?parent=45270"}],"wp:term":[{"taxonomy":"product_brand","embeddable":true,"href":"https:\/\/marqalicante-admin.qwair.com\/es\/wp-json\/wp\/v2\/product_brand?post=45270"},{"taxonomy":"product_cat","embeddable":true,"href":"https:\/\/marqalicante-admin.qwair.com\/es\/wp-json\/wp\/v2\/product_cat?post=45270"},{"taxonomy":"product_tag","embeddable":true,"href":"https:\/\/marqalicante-admin.qwair.com\/es\/wp-json\/wp\/v2\/product_tag?post=45270"}],"curies":[{"name":"wp","href":"https:\/\/api.w.org\/{rel}","templated":true}]}}