{"id":45263,"date":"2025-04-04T06:24:22","date_gmt":"2025-04-04T06:24:22","guid":{"rendered":"https:\/\/marqalicante-admin.qwair.com\/producto\/c-castillo-castillo-de-el-aljau\/"},"modified":"2025-04-07T08:06:12","modified_gmt":"2025-04-07T08:06:12","slug":"c-castillo-castillo-de-el-aljau","status":"publish","type":"product","link":"https:\/\/marqalicante-admin.qwair.com\/es\/producto\/c-castillo-castillo-de-el-aljau\/","title":{"rendered":"C\/ Castillo. Castillo de El Aljau"},"content":{"rendered":"","protected":false},"excerpt":{"rendered":"<p><b>Expediente: <\/b><\/p>\n<p>2009\/1016-A<\/p>\n<p><b>A\u00f1o: <\/b><\/p>\n<p>2010<\/p>\n<p><b>Fechas de actuaci\u00f3n: <\/b><\/p>\n<p>25-01-2010 a 26-11-2010<\/p>\n<p><b>Municipios (Comarcas): <\/b><\/p>\n<p>ASPE<\/p>\n<p><b>Directores :<\/b><\/p>\n<p>Ortega P\u00e9rez&#44; Jos\u00e9 Ram\u00f3n&#44; Reina G\u00f3mez&#44; Inmaculada<\/p>\n<p><b>Periodos culturales: <\/b><\/p>\n<p>Bajomedieval&#44; Contempor\u00e1neo&#44; Isl\u00e1mico&#44; Moderno<\/p>\n<p><b>Tipos de intervenci\u00f3n :<\/b><\/p>\n<p>Excavaci\u00f3n arqueol\u00f3gica<\/p>\n<p><b>Equipo T\u00e9cnico: <\/b><\/p>\n<p>Antonio Mart\u00ednez Castell\u00f3&#44; Rosa M\u00aa L\u00f3pez Mart\u00ednez y Samuel Serrano Salar\n<\/p>\n<p><b>Autores :<\/b><\/p>\n<p>Jos\u00e9 Ram\u00f3n Ortega P\u00e9rez e Inmaculada Reina G\u00f3mez (ARPA Patrimonio&#44; S.L.)<\/p>\n<p><b>Promotores: <\/b><\/p>\n<p>Excmo. Ayuntamiento de Aspe<\/p>\n<p><b>Dep\u00f3sito de materiales: <\/b><\/p>\n<p>Museo Hist\u00f3rico Centro Casa El Cisco de Aspe<\/p>\n<p><b>Coordenadas UTM: <\/b><\/p>\n<p>X 694888 \u2013 Y 4246820<\/p>\n<p><b>Documento PDF: <\/b><\/p>\n    \n    <div class=\"documento-item\">\n                    <h2 class=\"documento-title\">Descargar aqu\u00ed<\/h2>\n        \n        \n                    <a href=\"https:\/\/marqalicante.com\/contenido\/int_arqueologicas\/doc_27.pdf\" class=\"documento-btn\">\n                <i class=\"fas fa-file-pdf\"><\/i> Descargar PDF\n            <\/a>\n            <\/div>\n\n    \n","protected":false},"featured_media":45501,"template":"","meta":{"kia_subtitle":""},"product_brand":[],"product_cat":[2620],"product_tag":[],"class_list":{"0":"post-45263","1":"product","2":"type-product","3":"status-publish","4":"has-post-thumbnail","6":"product_cat-intervenciones-arqueologicas","8":"first","9":"instock","10":"virtual","11":"product-type-simple"},"meta_box":{"ia_expediente":"","ia_ano":"","ia_fechas_de_actuacion":"","ia_municipios_comarcas":"","ia_directores":"","ia_periodos_culturales":"","ia_tipos_de_intervencion":"","ia_equipo_tecnico":"","ia_autores":"","ia_promotores":"","ia_deposito_de_materiales":"","ia_coordenadas_utm":""},"_links":{"self":[{"href":"https:\/\/marqalicante-admin.qwair.com\/es\/wp-json\/wp\/v2\/product\/45263","targetHints":{"allow":["GET"]}}],"collection":[{"href":"https:\/\/marqalicante-admin.qwair.com\/es\/wp-json\/wp\/v2\/product"}],"about":[{"href":"https:\/\/marqalicante-admin.qwair.com\/es\/wp-json\/wp\/v2\/types\/product"}],"wp:featuredmedia":[{"embeddable":true,"href":"https:\/\/marqalicante-admin.qwair.com\/es\/wp-json\/wp\/v2\/media\/45501"}],"wp:attachment":[{"href":"https:\/\/marqalicante-admin.qwair.com\/es\/wp-json\/wp\/v2\/media?parent=45263"}],"wp:term":[{"taxonomy":"product_brand","embeddable":true,"href":"https:\/\/marqalicante-admin.qwair.com\/es\/wp-json\/wp\/v2\/product_brand?post=45263"},{"taxonomy":"product_cat","embeddable":true,"href":"https:\/\/marqalicante-admin.qwair.com\/es\/wp-json\/wp\/v2\/product_cat?post=45263"},{"taxonomy":"product_tag","embeddable":true,"href":"https:\/\/marqalicante-admin.qwair.com\/es\/wp-json\/wp\/v2\/product_tag?post=45263"}],"curies":[{"name":"wp","href":"https:\/\/api.w.org\/{rel}","templated":true}]}}