{"id":45257,"date":"2025-04-04T06:24:18","date_gmt":"2025-04-04T06:24:18","guid":{"rendered":"https:\/\/marqalicante-admin.qwair.com\/producto\/plan-parcial-sector-pp-13-carquendo-iii-y-carquendo-iv\/"},"modified":"2025-04-07T08:06:10","modified_gmt":"2025-04-07T08:06:10","slug":"plan-parcial-sector-pp-13-carquendo-iii-y-carquendo-iv","status":"publish","type":"product","link":"https:\/\/marqalicante-admin.qwair.com\/es\/producto\/plan-parcial-sector-pp-13-carquendo-iii-y-carquendo-iv\/","title":{"rendered":"Plan Parcial Sector PP-13. Carquendo III y Carquendo IV"},"content":{"rendered":"","protected":false},"excerpt":{"rendered":"<p><b>Expediente: <\/b><\/p>\n<p>2009\/0974-A<\/p>\n<p><b>A\u00f1o: <\/b><\/p>\n<p>2010<\/p>\n<p><b>Fechas de actuaci\u00f3n: <\/b><\/p>\n<p>19-01-2010 a 22-01-2010<\/p>\n<p><b>Municipios (Comarcas): <\/b><\/p>\n<p>FINESTRAT<\/p>\n<p><b>Directores :<\/b><\/p>\n<p>L\u00f3pez Segu\u00ed&#44; Eduardo&#44; Torregrosa Gim\u00e9nez&#44; Palmira<\/p>\n<p><b>Periodos culturales: <\/b><\/p>\n<p>Negativo<\/p>\n<p><b>Tipos de intervenci\u00f3n :<\/b><\/p>\n<p>Excavaci\u00f3n arqueol\u00f3gica<\/p>\n<p><b>Equipo T\u00e9cnico: <\/b><\/p>\n<p>Fernando Gomis Ferrero (dibujante)<\/p>\n<p><b>Autores :<\/b><\/p>\n<p>Palmira Torregrosa Gim\u00e9nez (ALEBUS Patrimonio Hist\u00f3rico&#44; S.L.)<\/p>\n<p><b>Promotores: <\/b><\/p>\n<p>Promociones MAISA&#44; S.L.<\/p>\n<p><b>Dep\u00f3sito de materiales: <\/b><\/p>\n<p>No se recuper\u00f3 material arqueol\u00f3gico<\/p>\n<p><b>Coordenadas UTM: <\/b><\/p>\n<p>X 743662 \u2013 Y 4271464<\/p>\n<p><b>Documento PDF: <\/b><\/p>\n    \n    <div class=\"documento-item\">\n                    <h2 class=\"documento-title\">Descargar aqu\u00ed<\/h2>\n        \n        \n                    <a href=\"https:\/\/marqalicante.com\/contenido\/int_arqueologicas\/doc_21.pdf\" class=\"documento-btn\">\n                <i class=\"fas fa-file-pdf\"><\/i> Descargar PDF\n            <\/a>\n            <\/div>\n\n    \n","protected":false},"featured_media":45501,"template":"","meta":{"kia_subtitle":""},"product_brand":[],"product_cat":[2620],"product_tag":[],"class_list":{"0":"post-45257","1":"product","2":"type-product","3":"status-publish","4":"has-post-thumbnail","6":"product_cat-intervenciones-arqueologicas","8":"first","9":"instock","10":"virtual","11":"product-type-simple"},"meta_box":{"ia_expediente":"","ia_ano":"","ia_fechas_de_actuacion":"","ia_municipios_comarcas":"","ia_directores":"","ia_periodos_culturales":"","ia_tipos_de_intervencion":"","ia_equipo_tecnico":"","ia_autores":"","ia_promotores":"","ia_deposito_de_materiales":"","ia_coordenadas_utm":""},"_links":{"self":[{"href":"https:\/\/marqalicante-admin.qwair.com\/es\/wp-json\/wp\/v2\/product\/45257","targetHints":{"allow":["GET"]}}],"collection":[{"href":"https:\/\/marqalicante-admin.qwair.com\/es\/wp-json\/wp\/v2\/product"}],"about":[{"href":"https:\/\/marqalicante-admin.qwair.com\/es\/wp-json\/wp\/v2\/types\/product"}],"wp:featuredmedia":[{"embeddable":true,"href":"https:\/\/marqalicante-admin.qwair.com\/es\/wp-json\/wp\/v2\/media\/45501"}],"wp:attachment":[{"href":"https:\/\/marqalicante-admin.qwair.com\/es\/wp-json\/wp\/v2\/media?parent=45257"}],"wp:term":[{"taxonomy":"product_brand","embeddable":true,"href":"https:\/\/marqalicante-admin.qwair.com\/es\/wp-json\/wp\/v2\/product_brand?post=45257"},{"taxonomy":"product_cat","embeddable":true,"href":"https:\/\/marqalicante-admin.qwair.com\/es\/wp-json\/wp\/v2\/product_cat?post=45257"},{"taxonomy":"product_tag","embeddable":true,"href":"https:\/\/marqalicante-admin.qwair.com\/es\/wp-json\/wp\/v2\/product_tag?post=45257"}],"curies":[{"name":"wp","href":"https:\/\/api.w.org\/{rel}","templated":true}]}}