{"id":45248,"date":"2025-04-04T06:24:13","date_gmt":"2025-04-04T06:24:13","guid":{"rendered":"https:\/\/marqalicante-admin.qwair.com\/producto\/actualizacion-y-realizacion-del-inventario-de-los-yacimientos-arqueologicos-con-arte-rupestre-en-la-comunidad-valenciana-provincia-de-alicante\/"},"modified":"2025-04-07T08:06:08","modified_gmt":"2025-04-07T08:06:08","slug":"actualizacion-y-realizacion-del-inventario-de-los-yacimientos-arqueologicos-con-arte-rupestre-en-la-comunidad-valenciana-provincia-de-alicante","status":"publish","type":"product","link":"https:\/\/marqalicante-admin.qwair.com\/es\/producto\/actualizacion-y-realizacion-del-inventario-de-los-yacimientos-arqueologicos-con-arte-rupestre-en-la-comunidad-valenciana-provincia-de-alicante\/","title":{"rendered":"Actualizaci\u00f3n y realizaci\u00f3n del inventario de los yacimientos arqueol\u00f3gicos con arte rupestre en la Comunidad Valenciana. Provincia de Alicante"},"content":{"rendered":"","protected":false},"excerpt":{"rendered":"<p><b>Expediente: <\/b><\/p>\n<p>2009\/0114-A<\/p>\n<p><b>A\u00f1o: <\/b><\/p>\n<p>2010<\/p>\n<p><b>Fechas de actuaci\u00f3n: <\/b><\/p>\n<p>2010<\/p>\n<p><b>Municipios (Comarcas): <\/b><\/p>\n<p><b>Directores :<\/b><\/p>\n<p>Barciela Gonz\u00e1lez&#44; Virginia&#44; Garc\u00eda Ati\u00e9nzar&#44; Gabriel&#44; Hern\u00e1ndez P\u00e9rez&#44; Mauro S.<\/p>\n<p><b>Periodos culturales: <\/b><\/p>\n<p>Contempor\u00e1neo&#44; Paleol\u00edtico<\/p>\n<p><b>Tipos de intervenci\u00f3n :<\/b><\/p>\n<p>Documentaci\u00f3n<\/p>\n<p><b>Equipo T\u00e9cnico: <\/b><\/p>\n<p>Francisco Javier Molina Hern\u00e1ndez y Joaqu\u00edn Martorell Briz<\/p>\n<p><b>Autores :<\/b><\/p>\n<p>Mauro S. Hern\u00e1ndez P\u00e9rez&#44; Virginia Barciela Gonz\u00e1lez y Gabriel Garc\u00eda Ati\u00e9nzar<\/p>\n<p><b>Promotores: <\/b><\/p>\n<p>Conselleria de Cultura i Esport. Generalitat Valenciana<\/p>\n<p><b>Dep\u00f3sito de materiales: <\/b><\/p>\n<p>No se recuper\u00f3 material arqueol\u00f3gico<\/p>\n<p><b>Coordenadas UTM: <\/b><\/p>\n<p>\uf02d \u2013<\/p>\n<p><b>Documento PDF: <\/b><\/p>\n    \n    <div class=\"documento-item\">\n                    <h2 class=\"documento-title\">Descargar aqu\u00ed<\/h2>\n        \n        \n                    <a href=\"https:\/\/marqalicante.com\/contenido\/int_arqueologicas\/doc_9.pdf\" class=\"documento-btn\">\n                <i class=\"fas fa-file-pdf\"><\/i> Descargar PDF\n            <\/a>\n            <\/div>\n\n    \n","protected":false},"featured_media":45501,"template":"","meta":{"kia_subtitle":""},"product_brand":[],"product_cat":[2620],"product_tag":[],"class_list":{"0":"post-45248","1":"product","2":"type-product","3":"status-publish","4":"has-post-thumbnail","6":"product_cat-intervenciones-arqueologicas","8":"first","9":"instock","10":"virtual","11":"product-type-simple"},"meta_box":{"ia_expediente":"","ia_ano":"","ia_fechas_de_actuacion":"","ia_municipios_comarcas":"","ia_directores":"","ia_periodos_culturales":"","ia_tipos_de_intervencion":"","ia_equipo_tecnico":"","ia_autores":"","ia_promotores":"","ia_deposito_de_materiales":"","ia_coordenadas_utm":""},"_links":{"self":[{"href":"https:\/\/marqalicante-admin.qwair.com\/es\/wp-json\/wp\/v2\/product\/45248","targetHints":{"allow":["GET"]}}],"collection":[{"href":"https:\/\/marqalicante-admin.qwair.com\/es\/wp-json\/wp\/v2\/product"}],"about":[{"href":"https:\/\/marqalicante-admin.qwair.com\/es\/wp-json\/wp\/v2\/types\/product"}],"wp:featuredmedia":[{"embeddable":true,"href":"https:\/\/marqalicante-admin.qwair.com\/es\/wp-json\/wp\/v2\/media\/45501"}],"wp:attachment":[{"href":"https:\/\/marqalicante-admin.qwair.com\/es\/wp-json\/wp\/v2\/media?parent=45248"}],"wp:term":[{"taxonomy":"product_brand","embeddable":true,"href":"https:\/\/marqalicante-admin.qwair.com\/es\/wp-json\/wp\/v2\/product_brand?post=45248"},{"taxonomy":"product_cat","embeddable":true,"href":"https:\/\/marqalicante-admin.qwair.com\/es\/wp-json\/wp\/v2\/product_cat?post=45248"},{"taxonomy":"product_tag","embeddable":true,"href":"https:\/\/marqalicante-admin.qwair.com\/es\/wp-json\/wp\/v2\/product_tag?post=45248"}],"curies":[{"name":"wp","href":"https:\/\/api.w.org\/{rel}","templated":true}]}}