{"id":45245,"date":"2025-04-04T06:24:12","date_gmt":"2025-04-04T06:24:12","guid":{"rendered":"https:\/\/marqalicante-admin.qwair.com\/producto\/tossal-de-manises-areas-del-foro-y-de-las-termas-de-popilio\/"},"modified":"2025-04-07T08:06:07","modified_gmt":"2025-04-07T08:06:07","slug":"tossal-de-manises-areas-del-foro-y-de-las-termas-de-popilio","status":"publish","type":"product","link":"https:\/\/marqalicante-admin.qwair.com\/es\/producto\/tossal-de-manises-areas-del-foro-y-de-las-termas-de-popilio\/","title":{"rendered":"Tossal de Manises. \u00c1reas del foro y de las termas de Popilio"},"content":{"rendered":"","protected":false},"excerpt":{"rendered":"<p><b>Expediente: <\/b><\/p>\n<p>2008\/1089-A<\/p>\n<p><b>A\u00f1o: <\/b><\/p>\n<p>2010<\/p>\n<p><b>Fechas de actuaci\u00f3n: <\/b><\/p>\n<p>09-09-2009 a 31-05-2010<\/p>\n<p><b>Municipios (Comarcas): <\/b><\/p>\n<p>ALACANT \/ ALICANTE<\/p>\n<p><b>Directores :<\/b><\/p>\n<p>Guilabert Mas&#44; Antonio&#44; Olcina Dom\u00e9nech&#44; Manuel&#44; Tendero Porras&#44; Eva<\/p>\n<p><b>Periodos culturales: <\/b><\/p>\n<p>Ib\u00e9rico&#44; Isl\u00e1mico&#44; Romano<\/p>\n<p><b>Tipos de intervenci\u00f3n :<\/b><\/p>\n<p>Excavaci\u00f3n arqueol\u00f3gica<\/p>\n<p><b>Equipo T\u00e9cnico: <\/b><\/p>\n<p>Victoria Amor\u00f3s Ruiz&#44; Raquel Ortega Echevarr\u00eda y Vicente Aniorte Parres (ALEBUS Patrimonio Hist\u00f3rico S.L.)\n<\/p>\n<p><b>Autores :<\/b><\/p>\n<p>Manuel Olcina Dom\u00e9nech&#44; Antonio Guilabert Mas y Eva Tendero Porras\n<\/p>\n<p><b>Promotores: <\/b><\/p>\n<p>Excma. Diputaci\u00f3n Provincial de Alicante<\/p>\n<p><b>Dep\u00f3sito de materiales: <\/b><\/p>\n<p>Museo Arqueol\u00f3gico de Alicante (MARQ)<\/p>\n<p><b>Coordenadas UTM: <\/b><\/p>\n<p>X 723867 \u2013 Y 4249522<\/p>\n<p><b>Documento PDF: <\/b><\/p>\n    \n    <div class=\"documento-item\">\n                    <h2 class=\"documento-title\">Descargar aqu\u00ed<\/h2>\n        \n        \n                    <a href=\"https:\/\/marqalicante.com\/contenido\/int_arqueologicas\/doc_6.pdf\" class=\"documento-btn\">\n                <i class=\"fas fa-file-pdf\"><\/i> Descargar PDF\n            <\/a>\n            <\/div>\n\n    \n","protected":false},"featured_media":45501,"template":"","meta":{"kia_subtitle":""},"product_brand":[],"product_cat":[2620],"product_tag":[],"class_list":{"0":"post-45245","1":"product","2":"type-product","3":"status-publish","4":"has-post-thumbnail","6":"product_cat-intervenciones-arqueologicas","8":"first","9":"instock","10":"virtual","11":"product-type-simple"},"meta_box":{"ia_expediente":"","ia_ano":"","ia_fechas_de_actuacion":"","ia_municipios_comarcas":"","ia_directores":"","ia_periodos_culturales":"","ia_tipos_de_intervencion":"","ia_equipo_tecnico":"","ia_autores":"","ia_promotores":"","ia_deposito_de_materiales":"","ia_coordenadas_utm":""},"_links":{"self":[{"href":"https:\/\/marqalicante-admin.qwair.com\/es\/wp-json\/wp\/v2\/product\/45245","targetHints":{"allow":["GET"]}}],"collection":[{"href":"https:\/\/marqalicante-admin.qwair.com\/es\/wp-json\/wp\/v2\/product"}],"about":[{"href":"https:\/\/marqalicante-admin.qwair.com\/es\/wp-json\/wp\/v2\/types\/product"}],"wp:featuredmedia":[{"embeddable":true,"href":"https:\/\/marqalicante-admin.qwair.com\/es\/wp-json\/wp\/v2\/media\/45501"}],"wp:attachment":[{"href":"https:\/\/marqalicante-admin.qwair.com\/es\/wp-json\/wp\/v2\/media?parent=45245"}],"wp:term":[{"taxonomy":"product_brand","embeddable":true,"href":"https:\/\/marqalicante-admin.qwair.com\/es\/wp-json\/wp\/v2\/product_brand?post=45245"},{"taxonomy":"product_cat","embeddable":true,"href":"https:\/\/marqalicante-admin.qwair.com\/es\/wp-json\/wp\/v2\/product_cat?post=45245"},{"taxonomy":"product_tag","embeddable":true,"href":"https:\/\/marqalicante-admin.qwair.com\/es\/wp-json\/wp\/v2\/product_tag?post=45245"}],"curies":[{"name":"wp","href":"https:\/\/api.w.org\/{rel}","templated":true}]}}