{"id":45243,"date":"2025-04-04T06:24:11","date_gmt":"2025-04-04T06:24:11","guid":{"rendered":"https:\/\/marqalicante-admin.qwair.com\/producto\/refuerzo-de-la-red-de-abastecimiento-de-agua-potable-en-alta-para-los-municipios-de-el-campello-y-mutxamel\/"},"modified":"2025-04-07T08:06:06","modified_gmt":"2025-04-07T08:06:06","slug":"refuerzo-de-la-red-de-abastecimiento-de-agua-potable-en-alta-para-los-municipios-de-el-campello-y-mutxamel","status":"publish","type":"product","link":"https:\/\/marqalicante-admin.qwair.com\/es\/producto\/refuerzo-de-la-red-de-abastecimiento-de-agua-potable-en-alta-para-los-municipios-de-el-campello-y-mutxamel\/","title":{"rendered":"Refuerzo de la red de abastecimiento de agua potable en alta para los municipios de El Campello y Mutxamel"},"content":{"rendered":"","protected":false},"excerpt":{"rendered":"<p><b>Expediente: <\/b><\/p>\n<p>2008\/0255-A<\/p>\n<p><b>A\u00f1o: <\/b><\/p>\n<p>2011<\/p>\n<p><b>Fechas de actuaci\u00f3n: <\/b><\/p>\n<p>27-12-2010 a 09-01-2011<\/p>\n<p><b>Municipios (Comarcas): <\/b><\/p>\n<p>CAMPELLO&#44; EL<\/p>\n<p><b>Directores :<\/b><\/p>\n<p>Bueno Moreno&#44; Marta<\/p>\n<p><b>Periodos culturales: <\/b><\/p>\n<p>Bajomedieval&#44; Contempor\u00e1neo&#44; Ib\u00e9rico&#44; Moderno&#44; Romano<\/p>\n<p><b>Tipos de intervenci\u00f3n :<\/b><\/p>\n<p>Prospecci\u00f3n arqueol\u00f3gica y etnol\u00f3gica<\/p>\n<p><b>Equipo T\u00e9cnico: <\/b><\/p>\n<p>Daniel P\u00e9rez Vicente y Manuel Silvestre Barrio<\/p>\n<p><b>Autores :<\/b><\/p>\n<p>Marta Bueno Moreno y Daniel P\u00e9rez Vicente (ARQUEOTECNIA&#44; S.L.)<\/p>\n<p><b>Promotores: <\/b><\/p>\n<p>ACUAMED (Aguas de las Cuencas Mediterr\u00e1neas&#44; S.A.)<\/p>\n<p><b>Dep\u00f3sito de materiales: <\/b><\/p>\n<p>No se recuper\u00f3 material arqueol\u00f3gico<\/p>\n<p><b>Coordenadas UTM: <\/b><\/p>\n<p>X 727953 \u2013 Y 4257854<\/p>\n<p><b>Documento PDF: <\/b><\/p>\n    \n    <div class=\"documento-item\">\n                    <h2 class=\"documento-title\">Descargar aqu\u00ed<\/h2>\n        \n        \n                    <a href=\"https:\/\/marqalicante.com\/contenido\/int_arqueologicas\/doc_4.pdf\" class=\"documento-btn\">\n                <i class=\"fas fa-file-pdf\"><\/i> Descargar PDF\n            <\/a>\n            <\/div>\n\n    \n","protected":false},"featured_media":45501,"template":"","meta":{"kia_subtitle":""},"product_brand":[],"product_cat":[2620],"product_tag":[],"class_list":{"0":"post-45243","1":"product","2":"type-product","3":"status-publish","4":"has-post-thumbnail","6":"product_cat-intervenciones-arqueologicas","8":"first","9":"instock","10":"virtual","11":"product-type-simple"},"meta_box":{"ia_expediente":"","ia_ano":"","ia_fechas_de_actuacion":"","ia_municipios_comarcas":"","ia_directores":"","ia_periodos_culturales":"","ia_tipos_de_intervencion":"","ia_equipo_tecnico":"","ia_autores":"","ia_promotores":"","ia_deposito_de_materiales":"","ia_coordenadas_utm":""},"_links":{"self":[{"href":"https:\/\/marqalicante-admin.qwair.com\/es\/wp-json\/wp\/v2\/product\/45243","targetHints":{"allow":["GET"]}}],"collection":[{"href":"https:\/\/marqalicante-admin.qwair.com\/es\/wp-json\/wp\/v2\/product"}],"about":[{"href":"https:\/\/marqalicante-admin.qwair.com\/es\/wp-json\/wp\/v2\/types\/product"}],"wp:featuredmedia":[{"embeddable":true,"href":"https:\/\/marqalicante-admin.qwair.com\/es\/wp-json\/wp\/v2\/media\/45501"}],"wp:attachment":[{"href":"https:\/\/marqalicante-admin.qwair.com\/es\/wp-json\/wp\/v2\/media?parent=45243"}],"wp:term":[{"taxonomy":"product_brand","embeddable":true,"href":"https:\/\/marqalicante-admin.qwair.com\/es\/wp-json\/wp\/v2\/product_brand?post=45243"},{"taxonomy":"product_cat","embeddable":true,"href":"https:\/\/marqalicante-admin.qwair.com\/es\/wp-json\/wp\/v2\/product_cat?post=45243"},{"taxonomy":"product_tag","embeddable":true,"href":"https:\/\/marqalicante-admin.qwair.com\/es\/wp-json\/wp\/v2\/product_tag?post=45243"}],"curies":[{"name":"wp","href":"https:\/\/api.w.org\/{rel}","templated":true}]}}