{"id":35988,"date":"2025-03-05T18:25:21","date_gmt":"2025-03-05T18:25:21","guid":{"rendered":"https:\/\/marqalicante-admin.qwair.com\/item\/denario-cambio-del-siglo-ii-al-i-a-c\/"},"modified":"2025-03-05T18:28:08","modified_gmt":"2025-03-05T18:28:08","slug":"denario-cambio-del-siglo-ii-al-i-a-c","status":"publish","type":"product","link":"https:\/\/marqalicante-admin.qwair.com\/es\/producto\/denario-cambio-del-siglo-ii-al-i-a-c\/","title":{"rendered":"<b>Denario<\/b>   Cambio del siglo II al I a.C."},"content":{"rendered":"","protected":false},"excerpt":{"rendered":"<h3>Ib\u00e9rico final o Tardorrepublicano<\/h3>\n<p><b>Metal:<\/b> Plata.<br \/><b>Entidad emisora: <\/b> Turiasu (Tarazona&#44; Zaragoza).<br \/><b>Ceca:<\/b> Turiasu (Tarazona&#44; Zaragoza).<br \/><b>Fecha:<\/b> Cambio del siglo II al I a.C.<br \/><b>Anverso:<\/b><br \/> Cabeza barbada&#44; a derecha; peinado en dos niveles por encima de la oreja. Delante signo ib\u00e9rico: TU; detr\u00e1s: KA; debajo: S.<br \/><b>Reverso:<\/b><br \/> Jinete lancero&#44; a derecha&#44; patas traseras sobre la leyenda; debajo&#44; sobre l\u00ednea&#44; leyenda TURIASU.<br \/><b>Peso:<\/b> 3.34 g &#8211; <b>Di\u00e1metro:<\/b> 19 mm &#8211; <b>Ejes:<\/b> 12 h<br \/><b>Descrita en:<\/b> CNH 266\/33; Vives LI-7; NAH 519 y 520; Gozalbes&#44; grupo V. <br \/><b>Publicada en:<\/b><br \/>TORREGROSA YAGO&#44; J.M. y RAM\u00d3N S\u00c1NCHEZ&#44; J.J. 2016: \u00abMonedas de ceca ib\u00e9rica y celtib\u00e9rica de la colecci\u00f3n D. Enrique Llobregat (MARQ&#44; Alicante)\u00bb&#44; en Actas XV Congreso Nacional de Nuism\u00e1tica (Madrid&#44; 2014)&#44; 423-438.<br \/><b>N\u00famero Inventario Monetario:<\/b> 6293.<br \/>Compra. Colecci\u00f3n Enrique Llobregat<\/p>\n","protected":false},"featured_media":35738,"template":"","meta":{"kia_subtitle":""},"product_brand":[],"product_cat":[2316],"product_tag":[],"class_list":{"0":"post-35988","1":"product","2":"type-product","3":"status-publish","4":"has-post-thumbnail","6":"product_cat-catalogo-numismatico","8":"first","9":"instock","10":"virtual","11":"product-type-simple"},"meta_box":{"ia_expediente":"","ia_ano":"","ia_fechas_de_actuacion":"","ia_municipios_comarcas":"","ia_directores":"","ia_periodos_culturales":"","ia_tipos_de_intervencion":"","ia_equipo_tecnico":"","ia_autores":"","ia_promotores":"","ia_deposito_de_materiales":"","ia_coordenadas_utm":""},"_links":{"self":[{"href":"https:\/\/marqalicante-admin.qwair.com\/es\/wp-json\/wp\/v2\/product\/35988","targetHints":{"allow":["GET"]}}],"collection":[{"href":"https:\/\/marqalicante-admin.qwair.com\/es\/wp-json\/wp\/v2\/product"}],"about":[{"href":"https:\/\/marqalicante-admin.qwair.com\/es\/wp-json\/wp\/v2\/types\/product"}],"wp:featuredmedia":[{"embeddable":true,"href":"https:\/\/marqalicante-admin.qwair.com\/es\/wp-json\/wp\/v2\/media\/35738"}],"wp:attachment":[{"href":"https:\/\/marqalicante-admin.qwair.com\/es\/wp-json\/wp\/v2\/media?parent=35988"}],"wp:term":[{"taxonomy":"product_brand","embeddable":true,"href":"https:\/\/marqalicante-admin.qwair.com\/es\/wp-json\/wp\/v2\/product_brand?post=35988"},{"taxonomy":"product_cat","embeddable":true,"href":"https:\/\/marqalicante-admin.qwair.com\/es\/wp-json\/wp\/v2\/product_cat?post=35988"},{"taxonomy":"product_tag","embeddable":true,"href":"https:\/\/marqalicante-admin.qwair.com\/es\/wp-json\/wp\/v2\/product_tag?post=35988"}],"curies":[{"name":"wp","href":"https:\/\/api.w.org\/{rel}","templated":true}]}}