{"id":35987,"date":"2025-03-05T18:25:21","date_gmt":"2025-03-05T18:25:21","guid":{"rendered":"https:\/\/marqalicante-admin.qwair.com\/item\/real-de-a-4-ano-1822\/"},"modified":"2025-03-05T18:28:08","modified_gmt":"2025-03-05T18:28:08","slug":"real-de-a-4-ano-1822","status":"publish","type":"product","link":"https:\/\/marqalicante-admin.qwair.com\/es\/producto\/real-de-a-4-ano-1822\/","title":{"rendered":"<b>Real de a 4<\/b>   A\u00f1o 1822"},"content":{"rendered":"","protected":false},"excerpt":{"rendered":"<h3>Edad moderna<\/h3>\n<p><b>Metal:<\/b> Plata.<br \/><b>Entidad emisora: <\/b> Espa\u00f1a. Fernando VII.<br \/><b>Ceca:<\/b> Madrid.<br \/><b>Fecha:<\/b> A\u00f1o 1822<br \/><b>Anverso:<\/b><br \/> Cabeza desnuda a derecha. Leyenda: FERN  7  POR LA GRACIA DE DIOS Y LA CONST 1822.<br \/><b>Reverso:<\/b><br \/> Escudo coronado y cuartelado con las armas de Castilla y Le\u00f3n y Granada y en el centro escus\u00f3n de la Dinast\u00eda Borb\u00f3n. Leyenda: REY DE LAS ESPA\u00d1AS. Marca de ceca: M coronada. Signo de valor: 4 R. Ensayadores: S R.<br \/><b>Peso:<\/b> 5.92 g &#8211; <b>Di\u00e1metro:<\/b> 25 mm &#8211; <b>Ejes:<\/b> 12 h.<br \/><b>Descrita en:<\/b> Calic\u00f3 Estivill&#44; F.&#44; Calic\u00f3 Estivill&#44; X.&#44; Trigo Real&#44; J.&#44; 1994: Las monedas espa\u00f1olas desde Fernando e Isabel a Juan Carlos I. A\u00f1os: 1474 a 1994&#44; Barcelona&#44; p. 578&#44; tipo 185&#44; n\u00ba 763<br \/><b>Publicada en:<\/b><br \/>Ram\u00f3n S\u00e1nchez&#44; J.J.&#44; 2013: El tresor de Sant Joan d&#8217;Alacant&#44; Alicante&#44; 2013&#44; p. 89 y 145 n\u00ba 444.<br \/><b>N\u00famero Inventario Monetario:<\/b> 4084.<br \/>Hallazgo casual. Tesoro de Sant Joan d\u2019Alacant<\/p>\n","protected":false},"featured_media":35735,"template":"","meta":{"kia_subtitle":""},"product_brand":[],"product_cat":[2316],"product_tag":[],"class_list":{"0":"post-35987","1":"product","2":"type-product","3":"status-publish","4":"has-post-thumbnail","6":"product_cat-catalogo-numismatico","8":"first","9":"instock","10":"virtual","11":"product-type-simple"},"meta_box":{"ia_expediente":"","ia_ano":"","ia_fechas_de_actuacion":"","ia_municipios_comarcas":"","ia_directores":"","ia_periodos_culturales":"","ia_tipos_de_intervencion":"","ia_equipo_tecnico":"","ia_autores":"","ia_promotores":"","ia_deposito_de_materiales":"","ia_coordenadas_utm":""},"_links":{"self":[{"href":"https:\/\/marqalicante-admin.qwair.com\/es\/wp-json\/wp\/v2\/product\/35987","targetHints":{"allow":["GET"]}}],"collection":[{"href":"https:\/\/marqalicante-admin.qwair.com\/es\/wp-json\/wp\/v2\/product"}],"about":[{"href":"https:\/\/marqalicante-admin.qwair.com\/es\/wp-json\/wp\/v2\/types\/product"}],"wp:featuredmedia":[{"embeddable":true,"href":"https:\/\/marqalicante-admin.qwair.com\/es\/wp-json\/wp\/v2\/media\/35735"}],"wp:attachment":[{"href":"https:\/\/marqalicante-admin.qwair.com\/es\/wp-json\/wp\/v2\/media?parent=35987"}],"wp:term":[{"taxonomy":"product_brand","embeddable":true,"href":"https:\/\/marqalicante-admin.qwair.com\/es\/wp-json\/wp\/v2\/product_brand?post=35987"},{"taxonomy":"product_cat","embeddable":true,"href":"https:\/\/marqalicante-admin.qwair.com\/es\/wp-json\/wp\/v2\/product_cat?post=35987"},{"taxonomy":"product_tag","embeddable":true,"href":"https:\/\/marqalicante-admin.qwair.com\/es\/wp-json\/wp\/v2\/product_tag?post=35987"}],"curies":[{"name":"wp","href":"https:\/\/api.w.org\/{rel}","templated":true}]}}