{"id":35968,"date":"2025-03-05T18:25:15","date_gmt":"2025-03-05T18:25:15","guid":{"rendered":"https:\/\/marqalicante-admin.qwair.com\/item\/sestercio-anos-99-100-d-c\/"},"modified":"2025-03-05T18:28:05","modified_gmt":"2025-03-05T18:28:05","slug":"sestercio-anos-99-100-d-c","status":"publish","type":"product","link":"https:\/\/marqalicante-admin.qwair.com\/es\/producto\/sestercio-anos-99-100-d-c\/","title":{"rendered":"<b>Sestercio<\/b>   A\u00f1os 99-100 d. C."},"content":{"rendered":"","protected":false},"excerpt":{"rendered":"<h3>Imperio romano<\/h3>\n<p><b>Metal:<\/b> Bronce.<br \/><b>Entidad emisora: <\/b> Roma. Trajano.<br \/><b>Ceca:<\/b> Roma.<br \/><b>Fecha:<\/b> A\u00f1os 99-100 d. C.<br \/><b>Anverso:<\/b><br \/> Busto laureado a derecha con escudo sobre hombro izquierdo. Leyenda: IMP CAES NERVA TRAIAN AVG [germ p m].<br \/><b>Reverso:<\/b><br \/> Pax sentada a izquierda sosteniendo rama y cetro. Leyenda: TR PO[t cos] III P P. Exergo: SC.<br \/><b>Peso:<\/b> 24.30 g &#8211; <b>Di\u00e1metro:<\/b> 34 mm &#8211; <b>Ejes:<\/b> 6 h.<br \/><b>Descrita en:<\/b> RIC II 413.<br \/><b>Publicada en:<\/b><br \/>Ram\u00f3n S\u00e1nchez&#44; J.J.&#44; Garc\u00eda Barrachina&#44; A.&#44; Verd\u00fa Parra&#44; E.&#44; Bayo Fuentes&#44; S.&#44; 2010: \u00abCat\u00e1logo. Antig\u00fcedad\u00bb&#44; en Ram\u00f3n S\u00e1nchez&#44; J.J. (ed.)&#44; Monedas. Todas las caras de la Historia. Colecciones numism\u00e1ticas del MARQ&#44; Alicante&#44; p. 112.<br \/><b>N\u00famero Inventario Monetario:<\/b> 7422.<br \/>Cesi\u00f3n. Colecci\u00f3n Isidro Albert<\/p>\n","protected":false},"featured_media":35678,"template":"","meta":{"kia_subtitle":""},"product_brand":[],"product_cat":[2316],"product_tag":[],"class_list":{"0":"post-35968","1":"product","2":"type-product","3":"status-publish","4":"has-post-thumbnail","6":"product_cat-catalogo-numismatico","8":"first","9":"instock","10":"virtual","11":"product-type-simple"},"meta_box":{"ia_expediente":"","ia_ano":"","ia_fechas_de_actuacion":"","ia_municipios_comarcas":"","ia_directores":"","ia_periodos_culturales":"","ia_tipos_de_intervencion":"","ia_equipo_tecnico":"","ia_autores":"","ia_promotores":"","ia_deposito_de_materiales":"","ia_coordenadas_utm":""},"_links":{"self":[{"href":"https:\/\/marqalicante-admin.qwair.com\/es\/wp-json\/wp\/v2\/product\/35968","targetHints":{"allow":["GET"]}}],"collection":[{"href":"https:\/\/marqalicante-admin.qwair.com\/es\/wp-json\/wp\/v2\/product"}],"about":[{"href":"https:\/\/marqalicante-admin.qwair.com\/es\/wp-json\/wp\/v2\/types\/product"}],"wp:featuredmedia":[{"embeddable":true,"href":"https:\/\/marqalicante-admin.qwair.com\/es\/wp-json\/wp\/v2\/media\/35678"}],"wp:attachment":[{"href":"https:\/\/marqalicante-admin.qwair.com\/es\/wp-json\/wp\/v2\/media?parent=35968"}],"wp:term":[{"taxonomy":"product_brand","embeddable":true,"href":"https:\/\/marqalicante-admin.qwair.com\/es\/wp-json\/wp\/v2\/product_brand?post=35968"},{"taxonomy":"product_cat","embeddable":true,"href":"https:\/\/marqalicante-admin.qwair.com\/es\/wp-json\/wp\/v2\/product_cat?post=35968"},{"taxonomy":"product_tag","embeddable":true,"href":"https:\/\/marqalicante-admin.qwair.com\/es\/wp-json\/wp\/v2\/product_tag?post=35968"}],"curies":[{"name":"wp","href":"https:\/\/api.w.org\/{rel}","templated":true}]}}