{"id":35965,"date":"2025-03-05T18:25:14","date_gmt":"2025-03-05T18:25:14","guid":{"rendered":"https:\/\/marqalicante-admin.qwair.com\/item\/semis-anos-27-a-c-14-d-c-3\/"},"modified":"2025-03-05T18:28:04","modified_gmt":"2025-03-05T18:28:04","slug":"semis-anos-27-a-c-14-d-c-3","status":"publish","type":"product","link":"https:\/\/marqalicante-admin.qwair.com\/es\/producto\/semis-anos-27-a-c-14-d-c-3\/","title":{"rendered":"<b>Semis<\/b>   A\u00f1os 27 a. C.-14 d. C."},"content":{"rendered":"","protected":false},"excerpt":{"rendered":"<h3>Imperio romano<\/h3>\n<p><b>Metal:<\/b> Cobre.<br \/><b>Entidad emisora: <\/b> Ilici (l\u2019Alc\u00fadia&#44; Elche). Augusto.<br \/><b>Ceca:<\/b> Ilici (l\u2019Alc\u00fadia&#44; Elche).<br \/><b>Fecha:<\/b> A\u00f1os 27 a. C.-14 d. C.<br \/><b>Anverso:<\/b><br \/> Cabeza laureada a derecha. Leyenda: AVGVSTVS DIVI [f].<br \/><b>Reverso:<\/b><br \/> Aquila y vexillum entre dos signa militares. Leyenda: [c] C I \/ IL A \/ [l manlio] T PETRON II VIR.<br \/><b>Peso:<\/b> 5.49 g &#8211; <b>Di\u00e1metro:<\/b> 20 mm &#8211; <b>Ejes:<\/b> 11 h.<br \/><b>Descrita en:<\/b> RPC 190; Vives&#44; 133&#44; 2; Llorens Forcada&#44; M. M.&#44; 1987: La ceca de Ilici&#44; Valencia&#44; n\u00ba 16-36; Ripoll\u00e8s Alegre&#44; P. P.&#44; 2010: Las acu\u00f1aciones provinciales romanas de Hispania&#44; Madrid&#44; p. 142.<br \/><b>Publicada en:<\/b><br \/>Ram\u00f3n S\u00e1nchez&#44; J. J.&#44; 2009: \u201cMonedas de ceca hispano-latina en la ciudad romana de Lucentum (Alicante)\u201d en A. Ar\u00e9valo Gonz\u00e1lez (ed.)&#44; Moneda y Arqueolog\u00eda&#44; XIII Congreso Nacional de Numism\u00e1tica&#44; C\u00e1diz (2007)&#44; C\u00e1diz&#44; vol. I&#44; p. 424; Ram\u00f3n S\u00e1nchez&#44; J.J.&#44; Garc\u00eda Barrachina&#44; A.&#44; Verd\u00fa Parra&#44; E.&#44; Bayo Fuentes&#44; S.&#44; 2010: \u00abCat\u00e1logo. Antig\u00fcedad\u00bb&#44; en Ram\u00f3n S\u00e1nchez&#44; J.J. (ed.)&#44; Monedas. Todas las caras de la Historia. Colecciones numism\u00e1ticas del MARQ&#44; Alicante&#44; p. 106.<br \/><b>N\u00famero Inventario Monetario:<\/b> 6233.<br \/>Excavaci\u00f3n. Tossal de Manises<\/p>\n","protected":false},"featured_media":35669,"template":"","meta":{"kia_subtitle":""},"product_brand":[],"product_cat":[2316],"product_tag":[],"class_list":{"0":"post-35965","1":"product","2":"type-product","3":"status-publish","4":"has-post-thumbnail","6":"product_cat-catalogo-numismatico","8":"first","9":"instock","10":"virtual","11":"product-type-simple"},"meta_box":{"ia_expediente":"","ia_ano":"","ia_fechas_de_actuacion":"","ia_municipios_comarcas":"","ia_directores":"","ia_periodos_culturales":"","ia_tipos_de_intervencion":"","ia_equipo_tecnico":"","ia_autores":"","ia_promotores":"","ia_deposito_de_materiales":"","ia_coordenadas_utm":""},"_links":{"self":[{"href":"https:\/\/marqalicante-admin.qwair.com\/es\/wp-json\/wp\/v2\/product\/35965","targetHints":{"allow":["GET"]}}],"collection":[{"href":"https:\/\/marqalicante-admin.qwair.com\/es\/wp-json\/wp\/v2\/product"}],"about":[{"href":"https:\/\/marqalicante-admin.qwair.com\/es\/wp-json\/wp\/v2\/types\/product"}],"wp:featuredmedia":[{"embeddable":true,"href":"https:\/\/marqalicante-admin.qwair.com\/es\/wp-json\/wp\/v2\/media\/35669"}],"wp:attachment":[{"href":"https:\/\/marqalicante-admin.qwair.com\/es\/wp-json\/wp\/v2\/media?parent=35965"}],"wp:term":[{"taxonomy":"product_brand","embeddable":true,"href":"https:\/\/marqalicante-admin.qwair.com\/es\/wp-json\/wp\/v2\/product_brand?post=35965"},{"taxonomy":"product_cat","embeddable":true,"href":"https:\/\/marqalicante-admin.qwair.com\/es\/wp-json\/wp\/v2\/product_cat?post=35965"},{"taxonomy":"product_tag","embeddable":true,"href":"https:\/\/marqalicante-admin.qwair.com\/es\/wp-json\/wp\/v2\/product_tag?post=35965"}],"curies":[{"name":"wp","href":"https:\/\/api.w.org\/{rel}","templated":true}]}}