{"id":35964,"date":"2025-03-05T18:25:14","date_gmt":"2025-03-05T18:25:14","guid":{"rendered":"https:\/\/marqalicante-admin.qwair.com\/item\/moneda-anos-10-a-c-10-d-c\/"},"modified":"2025-03-05T18:28:04","modified_gmt":"2025-03-05T18:28:04","slug":"moneda-anos-10-a-c-10-d-c","status":"publish","type":"product","link":"https:\/\/marqalicante-admin.qwair.com\/es\/producto\/moneda-anos-10-a-c-10-d-c\/","title":{"rendered":"<b>Moneda<\/b>   A\u00f1os 10 a. C.-10 d. C."},"content":{"rendered":"","protected":false},"excerpt":{"rendered":"<h3>Imperio romano<\/h3>\n<p><b>Metal:<\/b> Bronce.<br \/><b>Entidad emisora: <\/b> Cos (Grecia). Augusto.<br \/><b>Ceca:<\/b> Cos (Grecia).<br \/><b>Fecha:<\/b> A\u00f1os 10 a. C.-10 d. C.<br \/><b>Anverso:<\/b><br \/> Cabeza de Augusto a derecha. Leyenda: \u03a3\u0395\u0392\u0391\u03a3\u03a4\u039f\u03a3.<br \/><b>Reverso:<\/b><br \/> Clava y serpiente enroscada en bast\u00f3n. Leyenda: \u039a\u03a9\u0399\u03a9\u039d \u03a3\u039f\u03a6\u039f\u039a\u039b\u0397\u03a3.<br \/><b>Peso:<\/b> 3.19 g &#8211; <b>Di\u00e1metro:<\/b> 16 mm &#8211; <b>Ejes:<\/b> 12 h.<br \/><b>Descrita en:<\/b> RPC 2739<br \/><b>Publicada en:<\/b><br \/>Lafuente Vidal&#44; J.&#44; 1954: \u201cRecuerdos del pasado\u201d&#44; Revista oficial de las Hogueras de San Juan de Alicante&#44; 15&#44; Alicante; Mateu y Llopis&#44; F.&#44; 1955: \u201cHallazgos monetarios XII\u201d&#44; Numario Hispanico&#44; IV&#44; 7&#44; p. 124; Ram\u00f3n S\u00e1nchez&#44; J.J.&#44; Garc\u00eda Barrachina&#44; A.&#44; Verd\u00fa Parra&#44; E.&#44; Bayo Fuentes&#44; S.&#44; 2010: \u00abCat\u00e1logo. Antig\u00fcedad\u00bb&#44; en Ram\u00f3n S\u00e1nchez&#44; J.J. (ed.)&#44; Monedas. Todas las caras de la Historia. Colecciones numism\u00e1ticas del MARQ&#44; Alicante&#44; p. 107.<br \/><b>N\u00famero Inventario Monetario:<\/b> 4574.<br \/>Excavaci\u00f3n. Tossal de Manises<\/p>\n","protected":false},"featured_media":35666,"template":"","meta":{"kia_subtitle":""},"product_brand":[],"product_cat":[2316],"product_tag":[],"class_list":{"0":"post-35964","1":"product","2":"type-product","3":"status-publish","4":"has-post-thumbnail","6":"product_cat-catalogo-numismatico","8":"first","9":"instock","10":"virtual","11":"product-type-simple"},"meta_box":{"ia_expediente":"","ia_ano":"","ia_fechas_de_actuacion":"","ia_municipios_comarcas":"","ia_directores":"","ia_periodos_culturales":"","ia_tipos_de_intervencion":"","ia_equipo_tecnico":"","ia_autores":"","ia_promotores":"","ia_deposito_de_materiales":"","ia_coordenadas_utm":""},"_links":{"self":[{"href":"https:\/\/marqalicante-admin.qwair.com\/es\/wp-json\/wp\/v2\/product\/35964","targetHints":{"allow":["GET"]}}],"collection":[{"href":"https:\/\/marqalicante-admin.qwair.com\/es\/wp-json\/wp\/v2\/product"}],"about":[{"href":"https:\/\/marqalicante-admin.qwair.com\/es\/wp-json\/wp\/v2\/types\/product"}],"wp:featuredmedia":[{"embeddable":true,"href":"https:\/\/marqalicante-admin.qwair.com\/es\/wp-json\/wp\/v2\/media\/35666"}],"wp:attachment":[{"href":"https:\/\/marqalicante-admin.qwair.com\/es\/wp-json\/wp\/v2\/media?parent=35964"}],"wp:term":[{"taxonomy":"product_brand","embeddable":true,"href":"https:\/\/marqalicante-admin.qwair.com\/es\/wp-json\/wp\/v2\/product_brand?post=35964"},{"taxonomy":"product_cat","embeddable":true,"href":"https:\/\/marqalicante-admin.qwair.com\/es\/wp-json\/wp\/v2\/product_cat?post=35964"},{"taxonomy":"product_tag","embeddable":true,"href":"https:\/\/marqalicante-admin.qwair.com\/es\/wp-json\/wp\/v2\/product_tag?post=35964"}],"curies":[{"name":"wp","href":"https:\/\/api.w.org\/{rel}","templated":true}]}}