{"id":35960,"date":"2025-03-05T18:25:11","date_gmt":"2025-03-05T18:25:11","guid":{"rendered":"https:\/\/marqalicante-admin.qwair.com\/item\/semis-mediados-y-segunda-mitad-del-siglo-i-a-c\/"},"modified":"2025-03-05T18:28:03","modified_gmt":"2025-03-05T18:28:03","slug":"semis-mediados-y-segunda-mitad-del-siglo-i-a-c","status":"publish","type":"product","link":"https:\/\/marqalicante-admin.qwair.com\/es\/producto\/semis-mediados-y-segunda-mitad-del-siglo-i-a-c\/","title":{"rendered":"<b>Semis<\/b>   Mediados y segunda mitad del siglo I a. C."},"content":{"rendered":"","protected":false},"excerpt":{"rendered":"<h3>Imperio romano<\/h3>\n<p><b>Metal:<\/b> Cobre.<br \/><b>Entidad emisora: <\/b> Carthago Noua (Cartagena).<br \/><b>Ceca:<\/b> Carthago Noua (Cartagena).<br \/><b>Fecha:<\/b> Mediados y segunda mitad del siglo I a. C.<br \/><b>Anverso:<\/b><br \/> \u00c1guila legionaria entre dos insignias militares. Debajo&#44; leyenda: L APPVLEI R[uf] [quinq].<br \/><b>Reverso:<\/b><br \/> Barco legionario a derecha. Leyenda: C MAECI QVINQ.<br \/><b>Peso:<\/b> 5.09 g &#8211; <b>Di\u00e1metro:<\/b> 22 mm &#8211; <b>Ejes:<\/b> 3 h.<br \/><b>Descrita en:<\/b> RPC 155; Vives&#44; 130&#44; n\u00ba 10; Llorens Forcada&#44; M. M.&#44; 1994: La ciudad de Carthago Nova: las emisiones romanas&#44; Universidad de Murcia&#44; VIIA; Ripoll\u00e8s Alegre&#44; P. P.&#44; 2010: Las acu\u00f1aciones provinciales romanas de Hispania&#44; Madrid&#44; p. 126.<br \/><b>Publicada en:<\/b><br \/>Ripoll\u00e8s Alegre&#44; P. P.&#44; 1982: La circulaci\u00f3n monetaria en la Tarraconense Mediterr\u00e1nea&#44; Valencia&#44; p. 228&#44; l\u00e1m. 40&#44; n\u00ba 250; Ram\u00f3n S\u00e1nchez&#44; J.J.&#44; Garc\u00eda Barrachina&#44; A.&#44; Verd\u00fa Parra&#44; E.&#44; Bayo Fuentes&#44; S.&#44; 2010: \u00abCat\u00e1logo. Antig\u00fcedad\u00bb&#44; en Ram\u00f3n S\u00e1nchez&#44; J.J. (ed.)&#44; Monedas. Todas las caras de la Historia. Colecciones numism\u00e1ticas del MARQ&#44; Alicante&#44; p. 105.<br \/><b>N\u00famero Inventario Monetario:<\/b> 1608.<br \/>Fondos del MARQ. Fondo Numism\u00e1tico Antiguo<\/p>\n","protected":false},"featured_media":35654,"template":"","meta":{"kia_subtitle":""},"product_brand":[],"product_cat":[2316],"product_tag":[],"class_list":{"0":"post-35960","1":"product","2":"type-product","3":"status-publish","4":"has-post-thumbnail","6":"product_cat-catalogo-numismatico","8":"first","9":"instock","10":"virtual","11":"product-type-simple"},"meta_box":{"ia_expediente":"","ia_ano":"","ia_fechas_de_actuacion":"","ia_municipios_comarcas":"","ia_directores":"","ia_periodos_culturales":"","ia_tipos_de_intervencion":"","ia_equipo_tecnico":"","ia_autores":"","ia_promotores":"","ia_deposito_de_materiales":"","ia_coordenadas_utm":""},"_links":{"self":[{"href":"https:\/\/marqalicante-admin.qwair.com\/es\/wp-json\/wp\/v2\/product\/35960","targetHints":{"allow":["GET"]}}],"collection":[{"href":"https:\/\/marqalicante-admin.qwair.com\/es\/wp-json\/wp\/v2\/product"}],"about":[{"href":"https:\/\/marqalicante-admin.qwair.com\/es\/wp-json\/wp\/v2\/types\/product"}],"wp:featuredmedia":[{"embeddable":true,"href":"https:\/\/marqalicante-admin.qwair.com\/es\/wp-json\/wp\/v2\/media\/35654"}],"wp:attachment":[{"href":"https:\/\/marqalicante-admin.qwair.com\/es\/wp-json\/wp\/v2\/media?parent=35960"}],"wp:term":[{"taxonomy":"product_brand","embeddable":true,"href":"https:\/\/marqalicante-admin.qwair.com\/es\/wp-json\/wp\/v2\/product_brand?post=35960"},{"taxonomy":"product_cat","embeddable":true,"href":"https:\/\/marqalicante-admin.qwair.com\/es\/wp-json\/wp\/v2\/product_cat?post=35960"},{"taxonomy":"product_tag","embeddable":true,"href":"https:\/\/marqalicante-admin.qwair.com\/es\/wp-json\/wp\/v2\/product_tag?post=35960"}],"curies":[{"name":"wp","href":"https:\/\/api.w.org\/{rel}","templated":true}]}}