{"id":35958,"date":"2025-03-05T18:25:11","date_gmt":"2025-03-05T18:25:11","guid":{"rendered":"https:\/\/marqalicante-admin.qwair.com\/item\/as-anos-37-41-d-c\/"},"modified":"2025-03-05T18:28:02","modified_gmt":"2025-03-05T18:28:02","slug":"as-anos-37-41-d-c","status":"publish","type":"product","link":"https:\/\/marqalicante-admin.qwair.com\/es\/producto\/as-anos-37-41-d-c\/","title":{"rendered":"<b>As<\/b>   A\u00f1os 37-41 d. C."},"content":{"rendered":"","protected":false},"excerpt":{"rendered":"<h3>Imperio romano<\/h3>\n<p><b>Metal:<\/b> Cobre.<br \/><b>Entidad emisora: <\/b> Carthago Noua (Cartagena). Cal\u00edgula.<br \/><b>Ceca:<\/b> Carthago Noua (Cartagena).<br \/><b>Fecha:<\/b> A\u00f1os 37-41 d. C.<br \/><b>Anverso:<\/b><br \/> Cabeza laureada de Cal\u00edgula a derecha. Leyenda: C CAESAR AVG GERMANIC IMP P M TR [p cos].<br \/><b>Reverso:<\/b><br \/> Cabeza laureada de Salus a derecha&#44; a los lados SAL &#8211; AVG. Leyenda: [c n] ATEL FLAC CN POMP FLAC II VIR Q [v i n c].<br \/><b>Peso:<\/b> 10.67 g &#8211; <b>Di\u00e1metro:<\/b> 27 mm &#8211; <b>Ejes:<\/b> 11 h.<br \/><b>Descrita en:<\/b> RPC 185; Vives&#44; 132&#44; 7-10; Llorens Forcada&#44; M. M.&#44; 1994: La ciudad de Carthago Nova: las emisiones romanas&#44; Universidad de Murcia&#44; XIX A; Ripoll\u00e8s Alegre&#44; P. P.&#44; 2010: Las acu\u00f1aciones provinciales romanas de Hispania&#44; Madrid&#44; p. 139.<br \/><b>Publicada en:<\/b><br \/>Ripoll\u00e8s Alegre&#44; P. P.&#44; 1982: La circulaci\u00f3n monetaria en la Tarraconense<br \/>\nMediterr\u00e1nea&#44; Valencia&#44; p. 230&#44; l\u00e1m. 43&#44; n\u00ba 302; Ram\u00f3n S\u00e1nchez&#44; J.J.&#44; Garc\u00eda Barrachina&#44; A.&#44; Verd\u00fa Parra&#44; E.&#44; Bayo Fuentes&#44; S.&#44; 2010: \u00abCat\u00e1logo. Antig\u00fcedad\u00bb&#44; en Ram\u00f3n S\u00e1nchez&#44; J.J. (ed.)&#44; Monedas. Todas las caras de la Historia. Colecciones numism\u00e1ticas del MARQ&#44; Alicante&#44; p. 110.<br \/><b>N\u00famero Inventario Monetario:<\/b> 1388.<br \/>Fondos del MARQ. Fondo Numism\u00e1tico Antiguo<\/p>\n","protected":false},"featured_media":35648,"template":"","meta":{"kia_subtitle":""},"product_brand":[],"product_cat":[2316],"product_tag":[],"class_list":{"0":"post-35958","1":"product","2":"type-product","3":"status-publish","4":"has-post-thumbnail","6":"product_cat-catalogo-numismatico","8":"first","9":"instock","10":"virtual","11":"product-type-simple"},"meta_box":{"ia_expediente":"","ia_ano":"","ia_fechas_de_actuacion":"","ia_municipios_comarcas":"","ia_directores":"","ia_periodos_culturales":"","ia_tipos_de_intervencion":"","ia_equipo_tecnico":"","ia_autores":"","ia_promotores":"","ia_deposito_de_materiales":"","ia_coordenadas_utm":""},"_links":{"self":[{"href":"https:\/\/marqalicante-admin.qwair.com\/es\/wp-json\/wp\/v2\/product\/35958","targetHints":{"allow":["GET"]}}],"collection":[{"href":"https:\/\/marqalicante-admin.qwair.com\/es\/wp-json\/wp\/v2\/product"}],"about":[{"href":"https:\/\/marqalicante-admin.qwair.com\/es\/wp-json\/wp\/v2\/types\/product"}],"wp:featuredmedia":[{"embeddable":true,"href":"https:\/\/marqalicante-admin.qwair.com\/es\/wp-json\/wp\/v2\/media\/35648"}],"wp:attachment":[{"href":"https:\/\/marqalicante-admin.qwair.com\/es\/wp-json\/wp\/v2\/media?parent=35958"}],"wp:term":[{"taxonomy":"product_brand","embeddable":true,"href":"https:\/\/marqalicante-admin.qwair.com\/es\/wp-json\/wp\/v2\/product_brand?post=35958"},{"taxonomy":"product_cat","embeddable":true,"href":"https:\/\/marqalicante-admin.qwair.com\/es\/wp-json\/wp\/v2\/product_cat?post=35958"},{"taxonomy":"product_tag","embeddable":true,"href":"https:\/\/marqalicante-admin.qwair.com\/es\/wp-json\/wp\/v2\/product_tag?post=35958"}],"curies":[{"name":"wp","href":"https:\/\/api.w.org\/{rel}","templated":true}]}}