{"id":35941,"date":"2025-03-05T18:25:05","date_gmt":"2025-03-05T18:25:05","guid":{"rendered":"https:\/\/marqalicante-admin.qwair.com\/item\/cuatro-kreutzer-ano-1861\/"},"modified":"2025-03-05T18:28:00","modified_gmt":"2025-03-05T18:28:00","slug":"cuatro-kreutzer-ano-1861","status":"publish","type":"product","link":"https:\/\/marqalicante-admin.qwair.com\/es\/producto\/cuatro-kreutzer-ano-1861\/","title":{"rendered":"<b>Cuatro kreutzer<\/b>   A\u00f1o 1861."},"content":{"rendered":"","protected":false},"excerpt":{"rendered":"<h3>Edad contempor\u00e1nea<\/h3>\n<p><b>Metal:<\/b> Cobre.<br \/><b>Entidad emisora: <\/b> Austria. Francisco Jos\u00e9.<br \/><b>Ceca:<\/b> Viena.<br \/><b>Fecha:<\/b> A\u00f1o 1861.<br \/><b>Anverso:<\/b><br \/> Escudo austr\u00edaco y \u00e1guila bic\u00e9fala coronada. Leyenda: K.K.OESTERREICHISCHER SCHEIDEM\u00dcNZE.<br \/><b>Reverso:<\/b><br \/> Valor&#44; a\u00f1os de acu\u00f1aci\u00f3n y marca de ceca rodeados por corona vegetal. Leyenda: 4 1861 A.<br \/>\n<br \/><b>Peso:<\/b> 13.14 g &#8211; <b>Di\u00e1metro:<\/b> 27 mm &#8211; <b>Ejes:<\/b> 12 h.<br \/><b>Descrita en:<\/b> Krause&#44; C. L. y Mishler&#44; C.&#44; 1980: Standard Catalog of World Coins&#44; Wisconsin&#44; p. 83&#44; n\u00ba 8.<br \/><b>Publicada en:<\/b><br \/>Bayo Fuentes&#44; S.&#44; Ram\u00f3n S\u00e1nchez&#44; J.J.&#44; 2010: \u00abCat\u00e1logo. Colecciones\u00bb&#44; en Ram\u00f3n S\u00e1nchez&#44; J.J. (ed.)&#44; Monedas. Todas las caras de la Historia. Colecciones numism\u00e1ticas del MARQ&#44; Alicante&#44; p. 175.<br \/><b>N\u00famero Inventario Monetario:<\/b> 2558.<br \/>Fondos del MARQ. Fondo Numism\u00e1tico Antiguo<\/p>\n","protected":false},"featured_media":35597,"template":"","meta":{"kia_subtitle":""},"product_brand":[],"product_cat":[2316],"product_tag":[],"class_list":{"0":"post-35941","1":"product","2":"type-product","3":"status-publish","4":"has-post-thumbnail","6":"product_cat-catalogo-numismatico","8":"first","9":"instock","10":"virtual","11":"product-type-simple"},"meta_box":{"ia_expediente":"","ia_ano":"","ia_fechas_de_actuacion":"","ia_municipios_comarcas":"","ia_directores":"","ia_periodos_culturales":"","ia_tipos_de_intervencion":"","ia_equipo_tecnico":"","ia_autores":"","ia_promotores":"","ia_deposito_de_materiales":"","ia_coordenadas_utm":""},"_links":{"self":[{"href":"https:\/\/marqalicante-admin.qwair.com\/es\/wp-json\/wp\/v2\/product\/35941","targetHints":{"allow":["GET"]}}],"collection":[{"href":"https:\/\/marqalicante-admin.qwair.com\/es\/wp-json\/wp\/v2\/product"}],"about":[{"href":"https:\/\/marqalicante-admin.qwair.com\/es\/wp-json\/wp\/v2\/types\/product"}],"wp:featuredmedia":[{"embeddable":true,"href":"https:\/\/marqalicante-admin.qwair.com\/es\/wp-json\/wp\/v2\/media\/35597"}],"wp:attachment":[{"href":"https:\/\/marqalicante-admin.qwair.com\/es\/wp-json\/wp\/v2\/media?parent=35941"}],"wp:term":[{"taxonomy":"product_brand","embeddable":true,"href":"https:\/\/marqalicante-admin.qwair.com\/es\/wp-json\/wp\/v2\/product_brand?post=35941"},{"taxonomy":"product_cat","embeddable":true,"href":"https:\/\/marqalicante-admin.qwair.com\/es\/wp-json\/wp\/v2\/product_cat?post=35941"},{"taxonomy":"product_tag","embeddable":true,"href":"https:\/\/marqalicante-admin.qwair.com\/es\/wp-json\/wp\/v2\/product_tag?post=35941"}],"curies":[{"name":"wp","href":"https:\/\/api.w.org\/{rel}","templated":true}]}}