{"id":35939,"date":"2025-03-05T18:25:04","date_gmt":"2025-03-05T18:25:04","guid":{"rendered":"https:\/\/marqalicante-admin.qwair.com\/item\/dos-peniques-anos-1660-1662\/"},"modified":"2025-03-05T18:27:59","modified_gmt":"2025-03-05T18:27:59","slug":"dos-peniques-anos-1660-1662","status":"publish","type":"product","link":"https:\/\/marqalicante-admin.qwair.com\/es\/producto\/dos-peniques-anos-1660-1662\/","title":{"rendered":"<b>Dos peniques<\/b>   A\u00f1os 1660-1662."},"content":{"rendered":"","protected":false},"excerpt":{"rendered":"<h3>Edad moderna<\/h3>\n<p><b>Metal:<\/b> Plata.<br \/><b>Entidad emisora: <\/b> Inglaterra. Carlos II.<br \/><b>Ceca:<\/b> No precisable.<br \/><b>Fecha:<\/b> A\u00f1os 1660-1662.<br \/><b>Anverso:<\/b><br \/> Busto coronado a izquierda&#44; detr\u00e1s marca de valor II. Leyenda: CAROLUS II D G MAG BRIT FRAN ET HIB REX.<br \/>\n<br \/><b>Reverso:<\/b><br \/> Escudo cuartelado con armas reales&#44; detr\u00e1s cruz en forma de horquilla. Leyenda: CHRISTO AVSPICE REGNO.<br \/><b>Peso:<\/b> 0.99 g &#8211; <b>Di\u00e1metro:<\/b> 17 mm &#8211; <b>Ejes:<\/b> 8 h.<br \/><b>Descrita en:<\/b> Sutherland&#44; C. H. V.&#44; 1973: English coinage&#44; 600-1900&#44; Londres&#44; p. 212&#44; pl. 99&#44; n\u00ba 705.<br \/><b>Publicada en:<\/b><br \/>Bayo Fuentes&#44; S.&#44; Ram\u00f3n S\u00e1nchez&#44; J.J.&#44; 2010: \u00abCat\u00e1logo. Colecciones\u00bb&#44; en Ram\u00f3n S\u00e1nchez&#44; J.J. (ed.)&#44; Monedas. Todas las caras de la Historia. Colecciones numism\u00e1ticas del MARQ&#44; Alicante&#44; p. 180.<br \/><b>N\u00famero Inventario Monetario:<\/b> 7603.<br \/>Cesi\u00f3n. Colecci\u00f3n Julio Furg\u00fas<\/p>\n","protected":false},"featured_media":35591,"template":"","meta":{"kia_subtitle":""},"product_brand":[],"product_cat":[2316],"product_tag":[],"class_list":{"0":"post-35939","1":"product","2":"type-product","3":"status-publish","4":"has-post-thumbnail","6":"product_cat-catalogo-numismatico","8":"first","9":"instock","10":"virtual","11":"product-type-simple"},"meta_box":{"ia_expediente":"","ia_ano":"","ia_fechas_de_actuacion":"","ia_municipios_comarcas":"","ia_directores":"","ia_periodos_culturales":"","ia_tipos_de_intervencion":"","ia_equipo_tecnico":"","ia_autores":"","ia_promotores":"","ia_deposito_de_materiales":"","ia_coordenadas_utm":""},"_links":{"self":[{"href":"https:\/\/marqalicante-admin.qwair.com\/es\/wp-json\/wp\/v2\/product\/35939","targetHints":{"allow":["GET"]}}],"collection":[{"href":"https:\/\/marqalicante-admin.qwair.com\/es\/wp-json\/wp\/v2\/product"}],"about":[{"href":"https:\/\/marqalicante-admin.qwair.com\/es\/wp-json\/wp\/v2\/types\/product"}],"wp:featuredmedia":[{"embeddable":true,"href":"https:\/\/marqalicante-admin.qwair.com\/es\/wp-json\/wp\/v2\/media\/35591"}],"wp:attachment":[{"href":"https:\/\/marqalicante-admin.qwair.com\/es\/wp-json\/wp\/v2\/media?parent=35939"}],"wp:term":[{"taxonomy":"product_brand","embeddable":true,"href":"https:\/\/marqalicante-admin.qwair.com\/es\/wp-json\/wp\/v2\/product_brand?post=35939"},{"taxonomy":"product_cat","embeddable":true,"href":"https:\/\/marqalicante-admin.qwair.com\/es\/wp-json\/wp\/v2\/product_cat?post=35939"},{"taxonomy":"product_tag","embeddable":true,"href":"https:\/\/marqalicante-admin.qwair.com\/es\/wp-json\/wp\/v2\/product_tag?post=35939"}],"curies":[{"name":"wp","href":"https:\/\/api.w.org\/{rel}","templated":true}]}}