{"id":35938,"date":"2025-03-05T18:25:04","date_gmt":"2025-03-05T18:25:04","guid":{"rendered":"https:\/\/marqalicante-admin.qwair.com\/item\/diez-centimos-ano-1905\/"},"modified":"2025-03-05T18:27:59","modified_gmt":"2025-03-05T18:27:59","slug":"diez-centimos-ano-1905","status":"publish","type":"product","link":"https:\/\/marqalicante-admin.qwair.com\/es\/producto\/diez-centimos-ano-1905\/","title":{"rendered":"<b>Diez c\u00e9ntimos<\/b>   A\u00f1o 1905."},"content":{"rendered":"","protected":false},"excerpt":{"rendered":"<h3>Edad contempor\u00e1nea<\/h3>\n<p><b>Metal:<\/b> Bronce.<br \/><b>Entidad emisora: <\/b> Francia. Tercera Rep\u00fablica.<br \/><b>Ceca:<\/b> No precisable.<br \/><b>Fecha:<\/b> A\u00f1o 1905.<br \/><b>Anverso:<\/b><br \/> Busto de Libertad a derecha. Leyenda: REPUBLIQUE FRAN\u00c7AISE.<br \/><b>Reverso:<\/b><br \/> Alegor\u00eda de la Rep\u00fablica y su hijo sentados. Leyenda: LIBERTE EGALITE FRATERNITE 1905. Signo de valor a la derecha: 10C.<br \/>\n<br \/><b>Peso:<\/b> 10.02 g &#8211; <b>Di\u00e1metro:<\/b> 30 mm &#8211; <b>Ejes:<\/b> 6 h.<br \/><b>Descrita en:<\/b> Krause&#44; C. L. y Mishler&#44; C.&#44; 1980: Standard Catalog of World Coins&#44; Wisconsin&#44; p. 503&#44; n\u00ba 61.<br \/>\n<br \/><b>Publicada en:<\/b><br \/>Bayo Fuentes&#44; S.&#44; Ram\u00f3n S\u00e1nchez&#44; J.J.&#44; 2010: \u00abCat\u00e1logo. Colecciones\u00bb&#44; en Ram\u00f3n S\u00e1nchez&#44; J.J. (ed.)&#44; Monedas. Todas las caras de la Historia. Colecciones numism\u00e1ticas del MARQ&#44; Alicante&#44; p. 177.<br \/><b>N\u00famero Inventario Monetario:<\/b> 2730.<br \/>Fondos del MARQ. Fondo Numism\u00e1tico Antiguo<\/p>\n","protected":false},"featured_media":35588,"template":"","meta":{"kia_subtitle":""},"product_brand":[],"product_cat":[2316],"product_tag":[],"class_list":{"0":"post-35938","1":"product","2":"type-product","3":"status-publish","4":"has-post-thumbnail","6":"product_cat-catalogo-numismatico","8":"first","9":"instock","10":"virtual","11":"product-type-simple"},"meta_box":{"ia_expediente":"","ia_ano":"","ia_fechas_de_actuacion":"","ia_municipios_comarcas":"","ia_directores":"","ia_periodos_culturales":"","ia_tipos_de_intervencion":"","ia_equipo_tecnico":"","ia_autores":"","ia_promotores":"","ia_deposito_de_materiales":"","ia_coordenadas_utm":""},"_links":{"self":[{"href":"https:\/\/marqalicante-admin.qwair.com\/es\/wp-json\/wp\/v2\/product\/35938","targetHints":{"allow":["GET"]}}],"collection":[{"href":"https:\/\/marqalicante-admin.qwair.com\/es\/wp-json\/wp\/v2\/product"}],"about":[{"href":"https:\/\/marqalicante-admin.qwair.com\/es\/wp-json\/wp\/v2\/types\/product"}],"wp:featuredmedia":[{"embeddable":true,"href":"https:\/\/marqalicante-admin.qwair.com\/es\/wp-json\/wp\/v2\/media\/35588"}],"wp:attachment":[{"href":"https:\/\/marqalicante-admin.qwair.com\/es\/wp-json\/wp\/v2\/media?parent=35938"}],"wp:term":[{"taxonomy":"product_brand","embeddable":true,"href":"https:\/\/marqalicante-admin.qwair.com\/es\/wp-json\/wp\/v2\/product_brand?post=35938"},{"taxonomy":"product_cat","embeddable":true,"href":"https:\/\/marqalicante-admin.qwair.com\/es\/wp-json\/wp\/v2\/product_cat?post=35938"},{"taxonomy":"product_tag","embeddable":true,"href":"https:\/\/marqalicante-admin.qwair.com\/es\/wp-json\/wp\/v2\/product_tag?post=35938"}],"curies":[{"name":"wp","href":"https:\/\/api.w.org\/{rel}","templated":true}]}}