{"id":35936,"date":"2025-03-05T18:25:03","date_gmt":"2025-03-05T18:25:03","guid":{"rendered":"https:\/\/marqalicante-admin.qwair.com\/item\/dieciseis-maravedis-ano-1664\/"},"modified":"2025-03-05T18:27:59","modified_gmt":"2025-03-05T18:27:59","slug":"dieciseis-maravedis-ano-1664","status":"publish","type":"product","link":"https:\/\/marqalicante-admin.qwair.com\/es\/producto\/dieciseis-maravedis-ano-1664\/","title":{"rendered":"<b>Diecis\u00e9is maraved\u00eds<\/b>   A\u00f1o 1664."},"content":{"rendered":"","protected":false},"excerpt":{"rendered":"<h3>Edad moderna<\/h3>\n<p><b>Metal:<\/b> Cobre.<br \/><b>Entidad emisora: <\/b> Espa\u00f1a. Felipe IV.<br \/><b>Ceca:<\/b> Sevilla.<br \/><b>Fecha:<\/b> A\u00f1o 1664.<br \/><b>Anverso:<\/b><br \/> Busto a derecha ataviado a la moda Austria. Leyenda: PHILIPPVS IIII D G.<br \/><b>Reverso:<\/b><br \/> Escudo coronado con las armas de Castilla y Le\u00f3n&#44; Granada&#44; Arag\u00f3n&#44; N\u00e1poles y Sicilia&#44; Austria&#44; Borgo\u00f1a&#44; Brabante&#44; Flandes y Tirol. Leyenda: HISPANIARVM REX 1664. Marca de ceca: S. Marca de ensayador: R. Marca de valor: 16.<br \/><b>Peso:<\/b> 4.26 g &#8211; <b>Di\u00e1metro:<\/b> 25 mm &#8211; <b>Ejes:<\/b> 12 h.<br \/><b>Descrita en:<\/b> Calic\u00f3 Estivill&#44; F.&#44; Calic\u00f3 Estivill&#44; X.&#44; Trigo Real&#44; J.&#44; 1994: Las monedas espa\u00f1olas desde Fernando e Isabel a Juan Carlos I. A\u00f1os: 1474 a 1994&#44; Barcelona&#44; p. 289&#44; tipo 245&#44; n\u00ba 1291.<br \/><b>Publicada en:<\/b><br \/>Bayo Fuentes&#44; S.&#44; Ram\u00f3n S\u00e1nchez&#44; J.J.&#44; 2010: \u00abCat\u00e1logo. Colecciones\u00bb&#44; en Ram\u00f3n S\u00e1nchez&#44; J.J. (ed.)&#44; Monedas. Todas las caras de la Historia. Colecciones numism\u00e1ticas del MARQ&#44; Alicante&#44; p. 178.<br \/><b>N\u00famero Inventario Monetario:<\/b> 5401.<br \/>Compra. Colecci\u00f3n P\u00e9rez Cort\u00e9s<\/p>\n","protected":false},"featured_media":35582,"template":"","meta":{"kia_subtitle":""},"product_brand":[],"product_cat":[2316],"product_tag":[],"class_list":{"0":"post-35936","1":"product","2":"type-product","3":"status-publish","4":"has-post-thumbnail","6":"product_cat-catalogo-numismatico","8":"first","9":"instock","10":"virtual","11":"product-type-simple"},"meta_box":{"ia_expediente":"","ia_ano":"","ia_fechas_de_actuacion":"","ia_municipios_comarcas":"","ia_directores":"","ia_periodos_culturales":"","ia_tipos_de_intervencion":"","ia_equipo_tecnico":"","ia_autores":"","ia_promotores":"","ia_deposito_de_materiales":"","ia_coordenadas_utm":""},"_links":{"self":[{"href":"https:\/\/marqalicante-admin.qwair.com\/es\/wp-json\/wp\/v2\/product\/35936","targetHints":{"allow":["GET"]}}],"collection":[{"href":"https:\/\/marqalicante-admin.qwair.com\/es\/wp-json\/wp\/v2\/product"}],"about":[{"href":"https:\/\/marqalicante-admin.qwair.com\/es\/wp-json\/wp\/v2\/types\/product"}],"wp:featuredmedia":[{"embeddable":true,"href":"https:\/\/marqalicante-admin.qwair.com\/es\/wp-json\/wp\/v2\/media\/35582"}],"wp:attachment":[{"href":"https:\/\/marqalicante-admin.qwair.com\/es\/wp-json\/wp\/v2\/media?parent=35936"}],"wp:term":[{"taxonomy":"product_brand","embeddable":true,"href":"https:\/\/marqalicante-admin.qwair.com\/es\/wp-json\/wp\/v2\/product_brand?post=35936"},{"taxonomy":"product_cat","embeddable":true,"href":"https:\/\/marqalicante-admin.qwair.com\/es\/wp-json\/wp\/v2\/product_cat?post=35936"},{"taxonomy":"product_tag","embeddable":true,"href":"https:\/\/marqalicante-admin.qwair.com\/es\/wp-json\/wp\/v2\/product_tag?post=35936"}],"curies":[{"name":"wp","href":"https:\/\/api.w.org\/{rel}","templated":true}]}}