{"id":35918,"date":"2025-03-05T18:24:56","date_gmt":"2025-03-05T18:24:56","guid":{"rendered":"https:\/\/marqalicante-admin.qwair.com\/item\/real-anos-1412-1416\/"},"modified":"2025-03-05T18:27:55","modified_gmt":"2025-03-05T18:27:55","slug":"real-anos-1412-1416","status":"publish","type":"product","link":"https:\/\/marqalicante-admin.qwair.com\/es\/producto\/real-anos-1412-1416\/","title":{"rendered":"<b>Real<\/b>   A\u00f1os 1412-1416."},"content":{"rendered":"","protected":false},"excerpt":{"rendered":"<h3>Feudal<\/h3>\n<p><b>Metal:<\/b> Plata.<br \/><b>Entidad emisora: <\/b> Corona de Arag\u00f3n. Fernando I.<br \/><b>Ceca:<\/b> Valencia.<br \/><b>Fecha:<\/b> A\u00f1os 1412-1416.<br \/><b>Anverso:<\/b><br \/> Efigie de frente coronada y l\u00f3bulos a los lados. Leyenda: FERDINAD 9 DI GRA REX ARAGO.<br \/><b>Reverso:<\/b><br \/> Armas de Valencia coronadas entre bil\u00f3bulos. Leyenda: VALENCIE MAIORICARVM SAR.<br \/>\n<br \/><b>Peso:<\/b> 3.29 g &#8211; <b>Di\u00e1metro:<\/b> 24 mm &#8211; <b>Ejes:<\/b> 12 h.<br \/><b>Descrita en:<\/b> Crusafont Sabater&#44; M.&#44; 1982: Numism\u00e1tica de la Corona Catalano-Aragonesa medieval (785-1516)&#44; Madrid&#44; p. 284&#44; n\u00ba 369 var. 3a.<br \/><b>Publicada en:<\/b><br \/>Dom\u00e9nech Belda&#44; C.&#44; Ram\u00f3n S\u00e1nchez&#44; J.J.&#44; Ahuir Dom\u00ednguez&#44; J.A.&#44; 2010: \u00abCat\u00e1logo. Edad Media\u00bb&#44; en Ram\u00f3n S\u00e1nchez&#44; J.J. (ed.)&#44; Monedas. Todas las caras de la Historia. Colecciones numism\u00e1ticas del MARQ&#44; Alicante&#44; p.149.<br \/><b>N\u00famero Inventario Monetario:<\/b> 7636.<br \/>Cesi\u00f3n. Colecci\u00f3n Julio Furg\u00fas<\/p>\n","protected":false},"featured_media":35528,"template":"","meta":{"kia_subtitle":""},"product_brand":[],"product_cat":[2316],"product_tag":[],"class_list":{"0":"post-35918","1":"product","2":"type-product","3":"status-publish","4":"has-post-thumbnail","6":"product_cat-catalogo-numismatico","8":"first","9":"instock","10":"virtual","11":"product-type-simple"},"meta_box":{"ia_expediente":"","ia_ano":"","ia_fechas_de_actuacion":"","ia_municipios_comarcas":"","ia_directores":"","ia_periodos_culturales":"","ia_tipos_de_intervencion":"","ia_equipo_tecnico":"","ia_autores":"","ia_promotores":"","ia_deposito_de_materiales":"","ia_coordenadas_utm":""},"_links":{"self":[{"href":"https:\/\/marqalicante-admin.qwair.com\/es\/wp-json\/wp\/v2\/product\/35918","targetHints":{"allow":["GET"]}}],"collection":[{"href":"https:\/\/marqalicante-admin.qwair.com\/es\/wp-json\/wp\/v2\/product"}],"about":[{"href":"https:\/\/marqalicante-admin.qwair.com\/es\/wp-json\/wp\/v2\/types\/product"}],"wp:featuredmedia":[{"embeddable":true,"href":"https:\/\/marqalicante-admin.qwair.com\/es\/wp-json\/wp\/v2\/media\/35528"}],"wp:attachment":[{"href":"https:\/\/marqalicante-admin.qwair.com\/es\/wp-json\/wp\/v2\/media?parent=35918"}],"wp:term":[{"taxonomy":"product_brand","embeddable":true,"href":"https:\/\/marqalicante-admin.qwair.com\/es\/wp-json\/wp\/v2\/product_brand?post=35918"},{"taxonomy":"product_cat","embeddable":true,"href":"https:\/\/marqalicante-admin.qwair.com\/es\/wp-json\/wp\/v2\/product_cat?post=35918"},{"taxonomy":"product_tag","embeddable":true,"href":"https:\/\/marqalicante-admin.qwair.com\/es\/wp-json\/wp\/v2\/product_tag?post=35918"}],"curies":[{"name":"wp","href":"https:\/\/api.w.org\/{rel}","templated":true}]}}