{"id":35910,"date":"2025-03-05T18:24:54","date_gmt":"2025-03-05T18:24:54","guid":{"rendered":"https:\/\/marqalicante-admin.qwair.com\/item\/denario-ano-119-a-c\/"},"modified":"2025-03-05T18:27:54","modified_gmt":"2025-03-05T18:27:54","slug":"denario-ano-119-a-c","status":"publish","type":"product","link":"https:\/\/marqalicante-admin.qwair.com\/es\/producto\/denario-ano-119-a-c\/","title":{"rendered":"<b>Denario<\/b>   A\u00f1o 119 a. C."},"content":{"rendered":"","protected":false},"excerpt":{"rendered":"<h3>Ib\u00e9rico final o Tardorrepublicano<\/h3>\n<p><b>Metal:<\/b> Plata.<br \/><b>Entidad emisora: <\/b> Roma.<br \/><b>Ceca:<\/b> Roma.<br \/><b>Fecha:<\/b> A\u00f1o 119 a. C.<br \/><b>Anverso:<\/b><br \/> Cabeza laureada de Jano bifronte. Leyenda: M FOVRI &#8211; L F.<br \/><b>Reverso:<\/b><br \/> Roma de pie a izquierda sosteniendo cetro en mano izquierda y coronando trofeo con mano derecha; encima estrella y detr\u00e1s leyenda. El trofeo est\u00e1 coronado por un casco con forma de cabeza de verraco y flanqueado por carnyx y escudo. Leyenda: ROMA. Exergo: PHILI.<br \/><b>Peso:<\/b> 3.95 g &#8211; <b>Di\u00e1metro:<\/b> 20 mm &#8211; <b>Ejes:<\/b> 1 h.<br \/><b>Descrita en:<\/b> RRC 281&#44; 1.<br \/><b>Publicada en:<\/b><br \/>Bayo Fuentes&#44; S.&#44; Ram\u00f3n S\u00e1nchez&#44; J.J.&#44; 2010: \u00abCat\u00e1logo. Colecciones\u00bb&#44; en Ram\u00f3n S\u00e1nchez&#44; J.J. (ed.)&#44; Monedas. Todas las caras de la Historia. Colecciones numism\u00e1ticas del MARQ&#44; Alicante&#44; p. 178.<br \/><b>N\u00famero Inventario Monetario:<\/b> 170.<br \/>Compra. Colecci\u00f3n Isidro Albert<\/p>\n","protected":false},"featured_media":35504,"template":"","meta":{"kia_subtitle":""},"product_brand":[],"product_cat":[2316],"product_tag":[],"class_list":{"0":"post-35910","1":"product","2":"type-product","3":"status-publish","4":"has-post-thumbnail","6":"product_cat-catalogo-numismatico","8":"first","9":"instock","10":"virtual","11":"product-type-simple"},"meta_box":{"ia_expediente":"","ia_ano":"","ia_fechas_de_actuacion":"","ia_municipios_comarcas":"","ia_directores":"","ia_periodos_culturales":"","ia_tipos_de_intervencion":"","ia_equipo_tecnico":"","ia_autores":"","ia_promotores":"","ia_deposito_de_materiales":"","ia_coordenadas_utm":""},"_links":{"self":[{"href":"https:\/\/marqalicante-admin.qwair.com\/es\/wp-json\/wp\/v2\/product\/35910","targetHints":{"allow":["GET"]}}],"collection":[{"href":"https:\/\/marqalicante-admin.qwair.com\/es\/wp-json\/wp\/v2\/product"}],"about":[{"href":"https:\/\/marqalicante-admin.qwair.com\/es\/wp-json\/wp\/v2\/types\/product"}],"wp:featuredmedia":[{"embeddable":true,"href":"https:\/\/marqalicante-admin.qwair.com\/es\/wp-json\/wp\/v2\/media\/35504"}],"wp:attachment":[{"href":"https:\/\/marqalicante-admin.qwair.com\/es\/wp-json\/wp\/v2\/media?parent=35910"}],"wp:term":[{"taxonomy":"product_brand","embeddable":true,"href":"https:\/\/marqalicante-admin.qwair.com\/es\/wp-json\/wp\/v2\/product_brand?post=35910"},{"taxonomy":"product_cat","embeddable":true,"href":"https:\/\/marqalicante-admin.qwair.com\/es\/wp-json\/wp\/v2\/product_cat?post=35910"},{"taxonomy":"product_tag","embeddable":true,"href":"https:\/\/marqalicante-admin.qwair.com\/es\/wp-json\/wp\/v2\/product_tag?post=35910"}],"curies":[{"name":"wp","href":"https:\/\/api.w.org\/{rel}","templated":true}]}}