{"id":35907,"date":"2025-03-05T18:24:53","date_gmt":"2025-03-05T18:24:53","guid":{"rendered":"https:\/\/marqalicante-admin.qwair.com\/item\/nummus-anos-355-360-d-c\/"},"modified":"2025-03-05T18:27:54","modified_gmt":"2025-03-05T18:27:54","slug":"nummus-anos-355-360-d-c","status":"publish","type":"product","link":"https:\/\/marqalicante-admin.qwair.com\/es\/producto\/nummus-anos-355-360-d-c\/","title":{"rendered":"<b>Nummus<\/b>   A\u00f1os 355\u2013360 d. C."},"content":{"rendered":"","protected":false},"excerpt":{"rendered":"<h3>Imperio romano<\/h3>\n<p><b>Metal:<\/b> Bronce.<br \/><b>Entidad emisora: <\/b> Roma. Juliano II.<br \/><b>Ceca:<\/b> Arelate (Arl\u00e9s&#44; Francia).<br \/><b>Fecha:<\/b> A\u00f1os 355\u2013360 d. C.<br \/><b>Anverso:<\/b><br \/> Busto drapeado a derecha con cabeza desnuda. Leyenda: [dn iu]LIANV \u2013 S NOB CAES.<br \/>\n<br \/><b>Reverso:<\/b><br \/> Soldado con casco de pie a izquierda y escudo en mano izquierda lanceando jinete ca\u00eddo. El jinete vuelve la cabeza y extiende su brazo derecho. Leyenda: FEL TEMP &#8211; REPA[ratio]. Marca de ceca: M\/PCON.<br \/>\n<br \/><b>Peso:<\/b> 2.34 g &#8211; <b>Di\u00e1metro:<\/b> 17 mm &#8211; <b>Ejes:<\/b> 12 h.<br \/><b>Descrita en:<\/b> RIC VIII 274.<br \/><b>Publicada en:<\/b><br \/>Arroyo Ilera&#44; R.&#44; 1988: \u201cEstudio numism\u00e1tico del yacimiento tardorromano del Albir (Altea-Alacant)\u201d&#44; Acta Numism\u00e0tica&#44; 17-18&#44; p. 170&#44; n\u00ba 45; Ram\u00f3n S\u00e1nchez&#44; J.J.&#44; Garc\u00eda Barrachina&#44; A.&#44; Verd\u00fa Parra&#44; E.&#44; Bayo Fuentes&#44; S.&#44; 2010: \u00abCat\u00e1logo. Antig\u00fcedad\u00bb&#44; en Ram\u00f3n S\u00e1nchez&#44; J.J. (ed.)&#44; Monedas. Todas las caras de la Historia. Colecciones numism\u00e1ticas del MARQ&#44; Alicante&#44; p. 124.<br \/><b>N\u00famero Inventario Monetario:<\/b> 4392.<br \/>Excavaci\u00f3n. Necr\u00f3polis de El Albir<\/p>\n","protected":false},"featured_media":35495,"template":"","meta":{"kia_subtitle":""},"product_brand":[],"product_cat":[2316],"product_tag":[],"class_list":{"0":"post-35907","1":"product","2":"type-product","3":"status-publish","4":"has-post-thumbnail","6":"product_cat-catalogo-numismatico","8":"first","9":"instock","10":"virtual","11":"product-type-simple"},"meta_box":{"ia_expediente":"","ia_ano":"","ia_fechas_de_actuacion":"","ia_municipios_comarcas":"","ia_directores":"","ia_periodos_culturales":"","ia_tipos_de_intervencion":"","ia_equipo_tecnico":"","ia_autores":"","ia_promotores":"","ia_deposito_de_materiales":"","ia_coordenadas_utm":""},"_links":{"self":[{"href":"https:\/\/marqalicante-admin.qwair.com\/es\/wp-json\/wp\/v2\/product\/35907","targetHints":{"allow":["GET"]}}],"collection":[{"href":"https:\/\/marqalicante-admin.qwair.com\/es\/wp-json\/wp\/v2\/product"}],"about":[{"href":"https:\/\/marqalicante-admin.qwair.com\/es\/wp-json\/wp\/v2\/types\/product"}],"wp:featuredmedia":[{"embeddable":true,"href":"https:\/\/marqalicante-admin.qwair.com\/es\/wp-json\/wp\/v2\/media\/35495"}],"wp:attachment":[{"href":"https:\/\/marqalicante-admin.qwair.com\/es\/wp-json\/wp\/v2\/media?parent=35907"}],"wp:term":[{"taxonomy":"product_brand","embeddable":true,"href":"https:\/\/marqalicante-admin.qwair.com\/es\/wp-json\/wp\/v2\/product_brand?post=35907"},{"taxonomy":"product_cat","embeddable":true,"href":"https:\/\/marqalicante-admin.qwair.com\/es\/wp-json\/wp\/v2\/product_cat?post=35907"},{"taxonomy":"product_tag","embeddable":true,"href":"https:\/\/marqalicante-admin.qwair.com\/es\/wp-json\/wp\/v2\/product_tag?post=35907"}],"curies":[{"name":"wp","href":"https:\/\/api.w.org\/{rel}","templated":true}]}}