{"id":35903,"date":"2025-03-05T18:24:51","date_gmt":"2025-03-05T18:24:51","guid":{"rendered":"https:\/\/marqalicante-admin.qwair.com\/item\/antoniniano-anos-283-284-d-c\/"},"modified":"2025-03-05T18:27:53","modified_gmt":"2025-03-05T18:27:53","slug":"antoniniano-anos-283-284-d-c","status":"publish","type":"product","link":"https:\/\/marqalicante-admin.qwair.com\/es\/producto\/antoniniano-anos-283-284-d-c\/","title":{"rendered":"<b>Antoniniano<\/b>   A\u00f1os 283-284 d. C."},"content":{"rendered":"","protected":false},"excerpt":{"rendered":"<h3>Imperio romano<\/h3>\n<p><b>Metal:<\/b> Cobre.<br \/><b>Entidad emisora: <\/b> Roma. Numeriano.<br \/><b>Ceca:<\/b> Antioqu\u00eda (Siria).<br \/><b>Fecha:<\/b> A\u00f1os 283-284 d. C.<br \/><b>Anverso:<\/b><br \/> Busto radiado y drapeado a derecha. Leyenda: IMP CM AVR NUMERIANVS NOB C.<br \/><b>Reverso:<\/b><br \/> Emperador de pie a derecha sosteniendo cetro con brazo izquierdo y recibiendo globo de J\u00fapiter (o Caro)&#44; de pie a izquierda&#44; sosteniendo cetro. Leyenda: VIRTVS AVGG. Marca de ceca: A\/XXI.<br \/><b>Peso:<\/b> 3.42 g &#8211; <b>Di\u00e1metro:<\/b> 24 mm &#8211; <b>Ejes:<\/b> 6 h.<br \/><b>Descrita en:<\/b> RIC V.2&#44; 376\/466.<br \/><b>Publicada en:<\/b><br \/>Ram\u00f3n S\u00e1nchez&#44; J.J.&#44; Garc\u00eda Barrachina&#44; A.&#44; Verd\u00fa Parra&#44; E.&#44; Bayo Fuentes&#44; S.&#44; 2010: \u00abCat\u00e1logo. Antig\u00fcedad\u00bb&#44; en Ram\u00f3n S\u00e1nchez&#44; J.J. (ed.)&#44; Monedas. Todas las caras de la Historia. Colecciones numism\u00e1ticas del MARQ&#44; Alicante&#44; p. 120.<br \/><b>N\u00famero Inventario Monetario:<\/b> 4477.<br \/>Excavaci\u00f3n. Fontcalent<\/p>\n","protected":false},"featured_media":35483,"template":"","meta":{"kia_subtitle":""},"product_brand":[],"product_cat":[2316],"product_tag":[],"class_list":{"0":"post-35903","1":"product","2":"type-product","3":"status-publish","4":"has-post-thumbnail","6":"product_cat-catalogo-numismatico","8":"first","9":"instock","10":"virtual","11":"product-type-simple"},"meta_box":{"ia_expediente":"","ia_ano":"","ia_fechas_de_actuacion":"","ia_municipios_comarcas":"","ia_directores":"","ia_periodos_culturales":"","ia_tipos_de_intervencion":"","ia_equipo_tecnico":"","ia_autores":"","ia_promotores":"","ia_deposito_de_materiales":"","ia_coordenadas_utm":""},"_links":{"self":[{"href":"https:\/\/marqalicante-admin.qwair.com\/es\/wp-json\/wp\/v2\/product\/35903","targetHints":{"allow":["GET"]}}],"collection":[{"href":"https:\/\/marqalicante-admin.qwair.com\/es\/wp-json\/wp\/v2\/product"}],"about":[{"href":"https:\/\/marqalicante-admin.qwair.com\/es\/wp-json\/wp\/v2\/types\/product"}],"wp:featuredmedia":[{"embeddable":true,"href":"https:\/\/marqalicante-admin.qwair.com\/es\/wp-json\/wp\/v2\/media\/35483"}],"wp:attachment":[{"href":"https:\/\/marqalicante-admin.qwair.com\/es\/wp-json\/wp\/v2\/media?parent=35903"}],"wp:term":[{"taxonomy":"product_brand","embeddable":true,"href":"https:\/\/marqalicante-admin.qwair.com\/es\/wp-json\/wp\/v2\/product_brand?post=35903"},{"taxonomy":"product_cat","embeddable":true,"href":"https:\/\/marqalicante-admin.qwair.com\/es\/wp-json\/wp\/v2\/product_cat?post=35903"},{"taxonomy":"product_tag","embeddable":true,"href":"https:\/\/marqalicante-admin.qwair.com\/es\/wp-json\/wp\/v2\/product_tag?post=35903"}],"curies":[{"name":"wp","href":"https:\/\/api.w.org\/{rel}","templated":true}]}}