{"id":35893,"date":"2025-03-05T18:24:47","date_gmt":"2025-03-05T18:24:47","guid":{"rendered":"https:\/\/marqalicante-admin.qwair.com\/item\/denario-ano-124-a-c\/"},"modified":"2025-03-05T18:27:51","modified_gmt":"2025-03-05T18:27:51","slug":"denario-ano-124-a-c","status":"publish","type":"product","link":"https:\/\/marqalicante-admin.qwair.com\/es\/producto\/denario-ano-124-a-c\/","title":{"rendered":"<b>Denario<\/b>   A\u00f1o 124 a. C."},"content":{"rendered":"","protected":false},"excerpt":{"rendered":"<h3>Ib\u00e9rico final o Tardorrepublicano<\/h3>\n<p><b>Metal:<\/b> Plata.<br \/><b>Entidad emisora: <\/b> Roma.<br \/><b>Ceca:<\/b> Roma.<br \/><b>Fecha:<\/b> A\u00f1o 124 a. C.<br \/><b>Anverso:<\/b><br \/> Cabeza galeada de Roma a derecha. Detr\u00e1s&#44; inscripci\u00f3n latina ROMA; delante&#44; inscripci\u00f3n latina LABEO y marca de valor X.<br \/><b>Reverso:<\/b><br \/> J\u00fapiter en cu\u00e1driga a derecha sosteniendo cetro en mano izquierda y haz de rayos con mano derecha. Rostrum bajo cu\u00e1driga. Exergo: Q FABI.<br \/><b>Peso:<\/b> 3.91 g &#8211; <b>Di\u00e1metro:<\/b> 20 mm &#8211; <b>Ejes:<\/b> 12 h.<br \/><b>Descrita en:<\/b> RRC 273\/1.<br \/><b>Publicada en:<\/b><br \/>Ram\u00f3n S\u00e1nchez&#44; J. J.&#44; 2009: \u201cLas monedas de la colecci\u00f3n Furg\u00fas\u201d&#44; En los confines del Argar. Una cultura de la Edad del Bronce en Alicante. En el centenario de Julio Furg\u00fas&#44; Museo Arqueol\u00f3gico de Alicante&#44; p. 308; Ram\u00f3n S\u00e1nchez&#44; J.J.&#44; Garc\u00eda Barrachina&#44; A.&#44; Verd\u00fa Parra&#44; E.&#44; Bayo Fuentes&#44; S.&#44; 2010: \u00abCat\u00e1logo. Antig\u00fcedad\u00bb&#44; en Ram\u00f3n S\u00e1nchez&#44; J.J. (ed.)&#44; Monedas. Todas las caras de la Historia. Colecciones numism\u00e1ticas del MARQ&#44; Alicante&#44; p. 102.<br \/><b>N\u00famero Inventario Monetario:<\/b> 7360.<br \/>Cesi\u00f3n. Colecci\u00f3n Julio Furg\u00fas<\/p>\n","protected":false},"featured_media":35453,"template":"","meta":{"kia_subtitle":""},"product_brand":[],"product_cat":[2316],"product_tag":[],"class_list":{"0":"post-35893","1":"product","2":"type-product","3":"status-publish","4":"has-post-thumbnail","6":"product_cat-catalogo-numismatico","8":"first","9":"instock","10":"virtual","11":"product-type-simple"},"meta_box":{"ia_expediente":"","ia_ano":"","ia_fechas_de_actuacion":"","ia_municipios_comarcas":"","ia_directores":"","ia_periodos_culturales":"","ia_tipos_de_intervencion":"","ia_equipo_tecnico":"","ia_autores":"","ia_promotores":"","ia_deposito_de_materiales":"","ia_coordenadas_utm":""},"_links":{"self":[{"href":"https:\/\/marqalicante-admin.qwair.com\/es\/wp-json\/wp\/v2\/product\/35893","targetHints":{"allow":["GET"]}}],"collection":[{"href":"https:\/\/marqalicante-admin.qwair.com\/es\/wp-json\/wp\/v2\/product"}],"about":[{"href":"https:\/\/marqalicante-admin.qwair.com\/es\/wp-json\/wp\/v2\/types\/product"}],"wp:featuredmedia":[{"embeddable":true,"href":"https:\/\/marqalicante-admin.qwair.com\/es\/wp-json\/wp\/v2\/media\/35453"}],"wp:attachment":[{"href":"https:\/\/marqalicante-admin.qwair.com\/es\/wp-json\/wp\/v2\/media?parent=35893"}],"wp:term":[{"taxonomy":"product_brand","embeddable":true,"href":"https:\/\/marqalicante-admin.qwair.com\/es\/wp-json\/wp\/v2\/product_brand?post=35893"},{"taxonomy":"product_cat","embeddable":true,"href":"https:\/\/marqalicante-admin.qwair.com\/es\/wp-json\/wp\/v2\/product_cat?post=35893"},{"taxonomy":"product_tag","embeddable":true,"href":"https:\/\/marqalicante-admin.qwair.com\/es\/wp-json\/wp\/v2\/product_tag?post=35893"}],"curies":[{"name":"wp","href":"https:\/\/api.w.org\/{rel}","templated":true}]}}