{"id":35892,"date":"2025-03-05T18:24:47","date_gmt":"2025-03-05T18:24:47","guid":{"rendered":"https:\/\/marqalicante-admin.qwair.com\/item\/divisor-cuarto-anos-130-72-a-c\/"},"modified":"2025-03-05T18:27:51","modified_gmt":"2025-03-05T18:27:51","slug":"divisor-cuarto-anos-130-72-a-c","status":"publish","type":"product","link":"https:\/\/marqalicante-admin.qwair.com\/es\/producto\/divisor-cuarto-anos-130-72-a-c\/","title":{"rendered":"<b>Divisor (cuarto)<\/b>   A\u00f1os 130-72 a. C."},"content":{"rendered":"","protected":false},"excerpt":{"rendered":"<h3>Ib\u00e9rico final o Tardorrepublicano<\/h3>\n<p><b>Metal:<\/b> Bronce.<br \/><b>Entidad emisora: <\/b> Arse\/Saguntum (Sagunto).<br \/><b>Ceca:<\/b> Arse\/Saguntum (Sagunto).<br \/><b>Fecha:<\/b> A\u00f1os 130-72 a. C.<br \/><b>Anverso:<\/b><br \/> Venera.<br \/><b>Reverso:<\/b><br \/> Delf\u00edn a derecha&#44; encima tres gl\u00f3bulos; debajo sobre l\u00ednea&#44; inscripci\u00f3n ib\u00e9rica nexada AIU.BAS.<br \/><b>Peso:<\/b> 3.12 g &#8211; <b>Di\u00e1metro:<\/b> 18 mm &#8211; <b>Ejes:<\/b> 10 h.<br \/><b>Descrita en:<\/b> CNH&#44; 308&#44; n\u00ba 32; Vives&#44; 19-6; Ripoll\u00e8s Alegre&#44; P. P. y Llorens Forcada&#44; M.M.&#44; 2002: Arse-Saguntum. Historia monetaria de la ciudad y su territorio&#44; Sagunto&#44; p. 454&#44; 353a.<br \/><b>Publicada en:<\/b><br \/>Ripoll\u00e8s Alegre&#44; P. P. y Llorens Forcada&#44; M.M.&#44; 2002: Arse-Saguntum. Historia monetaria de la ciudad y su territorio&#44; Sagunto&#44; p. 454&#44; 353\u00aa; Ram\u00f3n S\u00e1nchez&#44; J.J.&#44; Garc\u00eda Barrachina&#44; A.&#44; Verd\u00fa Parra&#44; E.&#44; Bayo Fuentes&#44; S.&#44; 2010: \u00abCat\u00e1logo. Antig\u00fcedad\u00bb&#44; en Ram\u00f3n S\u00e1nchez&#44; J.J. (ed.)&#44; Monedas. Todas las caras de la Historia. Colecciones numism\u00e1ticas del MARQ&#44; Alicante&#44; p. 102.<br \/><b>N\u00famero Inventario Monetario:<\/b> 4302.<br \/>Excavaci\u00f3n. Tossal de Manises<\/p>\n","protected":false},"featured_media":35450,"template":"","meta":{"kia_subtitle":""},"product_brand":[],"product_cat":[2316],"product_tag":[],"class_list":{"0":"post-35892","1":"product","2":"type-product","3":"status-publish","4":"has-post-thumbnail","6":"product_cat-catalogo-numismatico","8":"first","9":"instock","10":"virtual","11":"product-type-simple"},"meta_box":{"ia_expediente":"","ia_ano":"","ia_fechas_de_actuacion":"","ia_municipios_comarcas":"","ia_directores":"","ia_periodos_culturales":"","ia_tipos_de_intervencion":"","ia_equipo_tecnico":"","ia_autores":"","ia_promotores":"","ia_deposito_de_materiales":"","ia_coordenadas_utm":""},"_links":{"self":[{"href":"https:\/\/marqalicante-admin.qwair.com\/es\/wp-json\/wp\/v2\/product\/35892","targetHints":{"allow":["GET"]}}],"collection":[{"href":"https:\/\/marqalicante-admin.qwair.com\/es\/wp-json\/wp\/v2\/product"}],"about":[{"href":"https:\/\/marqalicante-admin.qwair.com\/es\/wp-json\/wp\/v2\/types\/product"}],"wp:featuredmedia":[{"embeddable":true,"href":"https:\/\/marqalicante-admin.qwair.com\/es\/wp-json\/wp\/v2\/media\/35450"}],"wp:attachment":[{"href":"https:\/\/marqalicante-admin.qwair.com\/es\/wp-json\/wp\/v2\/media?parent=35892"}],"wp:term":[{"taxonomy":"product_brand","embeddable":true,"href":"https:\/\/marqalicante-admin.qwair.com\/es\/wp-json\/wp\/v2\/product_brand?post=35892"},{"taxonomy":"product_cat","embeddable":true,"href":"https:\/\/marqalicante-admin.qwair.com\/es\/wp-json\/wp\/v2\/product_cat?post=35892"},{"taxonomy":"product_tag","embeddable":true,"href":"https:\/\/marqalicante-admin.qwair.com\/es\/wp-json\/wp\/v2\/product_tag?post=35892"}],"curies":[{"name":"wp","href":"https:\/\/api.w.org\/{rel}","templated":true}]}}