{"id":35889,"date":"2025-03-05T18:24:46","date_gmt":"2025-03-05T18:24:46","guid":{"rendered":"https:\/\/marqalicante-admin.qwair.com\/item\/unidad-fines-del-siglo-iii-a-c\/"},"modified":"2025-03-05T18:27:50","modified_gmt":"2025-03-05T18:27:50","slug":"unidad-fines-del-siglo-iii-a-c","status":"publish","type":"product","link":"https:\/\/marqalicante-admin.qwair.com\/es\/producto\/unidad-fines-del-siglo-iii-a-c\/","title":{"rendered":"<b>Unidad<\/b>   Fines del siglo III a. C."},"content":{"rendered":"","protected":false},"excerpt":{"rendered":"<h3>Ib\u00e9rico pleno<\/h3>\n<p><b>Metal:<\/b> Bronce.<br \/><b>Entidad emisora: <\/b> Baria (Villaricos&#44; Almer\u00eda).<br \/><b>Ceca:<\/b> Baria (Villaricos&#44; Almer\u00eda).<br \/><b>Fecha:<\/b> Fines del siglo III a. C.<br \/><b>Anverso:<\/b><br \/> Cabeza cubierta por leont\u00e9 o piel de le\u00f3n&#44; posiblemente Herakles-Melqart&#44; rodeada por una orla de puntos.<br \/>\n<br \/><b>Reverso:<\/b><br \/> Gran palmera con frutos y orla de gruesos puntos alrededor.<br \/><b>Peso:<\/b> 17.14 g &#8211; <b>Di\u00e1metro:<\/b> 26 mm &#8211; <b>Ejes:<\/b> 2 h.<br \/><b>Descrita en:<\/b> CNH&#44; 74&#44; n\u00ba 88; Vives 8-9; Villaronga Garrigues&#44; L.&#44; 1973&#44; Las monedas hispano-cartaginesas&#44; Barcelona&#44; clase XII.<br \/><b>Publicada en:<\/b><br \/>Nordstr\u00f6m&#44; S.&#44; 1961: Los cartagineses de la costa alicantina&#44; Alicante&#44; p. 62&#44; fig. 19;  Ripoll\u00e8s Alegre&#44; P. P.&#44; 1982: La circulaci\u00f3n monetaria en la Tarraconense<br \/>\nMediterr\u00e1nea&#44; Valencia&#44; p. 218&#44; l\u00e1m. 27&#44; n\u00ba 57; Ram\u00f3n S\u00e1nchez&#44; J.J.&#44; Garc\u00eda Barrachina&#44; A.&#44; Verd\u00fa Parra&#44; E.&#44; Bayo Fuentes&#44; S.&#44; 2010: \u00abCat\u00e1logo. Antig\u00fcedad\u00bb&#44; en Ram\u00f3n S\u00e1nchez&#44; J.J. (ed.)&#44; Monedas. Todas las caras de la Historia. Colecciones numism\u00e1ticas del MARQ&#44; Alicante&#44; p. 99; Verd\u00fa Parra&#44; E. (2010): \u201cSobre la presencia de monedas p\u00fanicas en sepulturas de la necr\u00f3polis de l\u2019Albufereta (Alacant) y sus implicaciones en el ritual funerario\u201d&#44; Los P\u00fanicos de Iberia: proyectos&#44; revisiones y s\u00edntesis. VI Coloquio Internacional del Centro de Estudios Fenicios y P\u00fanicos&#44; Sevilla (30 de septiembre-2 de octubre de 2009)&#44; Mainake 32&#44; 1&#44; M\u00e1laga&#44; p. 304&#44; 310 s.&#44; l\u00e1m. IX.<br \/><b>N\u00famero Inventario Monetario:<\/b> 689.<br \/>Excavaci\u00f3n. Necr\u00f3polis de l\u2019Albufereta<\/p>\n","protected":false},"featured_media":35441,"template":"","meta":{"kia_subtitle":""},"product_brand":[],"product_cat":[2316],"product_tag":[],"class_list":{"0":"post-35889","1":"product","2":"type-product","3":"status-publish","4":"has-post-thumbnail","6":"product_cat-catalogo-numismatico","8":"first","9":"instock","10":"virtual","11":"product-type-simple"},"meta_box":{"ia_expediente":"","ia_ano":"","ia_fechas_de_actuacion":"","ia_municipios_comarcas":"","ia_directores":"","ia_periodos_culturales":"","ia_tipos_de_intervencion":"","ia_equipo_tecnico":"","ia_autores":"","ia_promotores":"","ia_deposito_de_materiales":"","ia_coordenadas_utm":""},"_links":{"self":[{"href":"https:\/\/marqalicante-admin.qwair.com\/es\/wp-json\/wp\/v2\/product\/35889","targetHints":{"allow":["GET"]}}],"collection":[{"href":"https:\/\/marqalicante-admin.qwair.com\/es\/wp-json\/wp\/v2\/product"}],"about":[{"href":"https:\/\/marqalicante-admin.qwair.com\/es\/wp-json\/wp\/v2\/types\/product"}],"wp:featuredmedia":[{"embeddable":true,"href":"https:\/\/marqalicante-admin.qwair.com\/es\/wp-json\/wp\/v2\/media\/35441"}],"wp:attachment":[{"href":"https:\/\/marqalicante-admin.qwair.com\/es\/wp-json\/wp\/v2\/media?parent=35889"}],"wp:term":[{"taxonomy":"product_brand","embeddable":true,"href":"https:\/\/marqalicante-admin.qwair.com\/es\/wp-json\/wp\/v2\/product_brand?post=35889"},{"taxonomy":"product_cat","embeddable":true,"href":"https:\/\/marqalicante-admin.qwair.com\/es\/wp-json\/wp\/v2\/product_cat?post=35889"},{"taxonomy":"product_tag","embeddable":true,"href":"https:\/\/marqalicante-admin.qwair.com\/es\/wp-json\/wp\/v2\/product_tag?post=35889"}],"curies":[{"name":"wp","href":"https:\/\/api.w.org\/{rel}","templated":true}]}}