{"id":35888,"date":"2025-03-05T18:24:46","date_gmt":"2025-03-05T18:24:46","guid":{"rendered":"https:\/\/marqalicante-admin.qwair.com\/item\/divisor-cuarto-anos-214-150-a-c\/"},"modified":"2025-03-05T18:27:50","modified_gmt":"2025-03-05T18:27:50","slug":"divisor-cuarto-anos-214-150-a-c","status":"publish","type":"product","link":"https:\/\/marqalicante-admin.qwair.com\/es\/producto\/divisor-cuarto-anos-214-150-a-c\/","title":{"rendered":"<b>Divisor (cuarto)<\/b>   A\u00f1os 214-150 a. C."},"content":{"rendered":"","protected":false},"excerpt":{"rendered":"<h3>Ib\u00e9rico final o Tardorrepublicano<\/h3>\n<p><b>Metal:<\/b> Bronce.<br \/><b>Entidad emisora: <\/b> Ebusus (Ibiza).<br \/><b>Ceca:<\/b> Ebusus (Ibiza).<br \/><b>Fecha:<\/b> A\u00f1os 214-150 a. C.<br \/><b>Anverso:<\/b><br \/> Dios Bes con penacho de plumas sobre la cabeza y faldell\u00edn&#44; sosteniendo maza y serpiente enroscada en un brazo.<br \/><b>Reverso:<\/b><br \/> Toro embistiendo a izquierda.<br \/><b>Peso:<\/b> 2.52 g &#8211; <b>Di\u00e1metro:<\/b> 17 mm &#8211; <b>Ejes:<\/b> 6 h.<br \/><b>Descrita en:<\/b> CNH&#44; 93&#44; n\u00ba 22; Vives 11; Campo D\u00edaz&#44; M.&#44; 1976: Las monedas de Ebusus. Barcelona&#44; periodo II&#44; grupo XII.<br \/><b>Publicada en:<\/b><br \/>Lafuente Vidal&#44; J.&#44; 1932: Alicante en la Antig\u00fcedad&#44; Alicante&#44; foto 5; Ripoll\u00e8s Alegre&#44; P. P.&#44; 1982: La circulaci\u00f3n monetaria en la Tarraconense Mediterr\u00e1nea&#44; Valencia&#44; p. 223&#44; l\u00e1m. 35&#44; n\u00ba 162; Ram\u00f3n S\u00e1nchez&#44; J.J.&#44; Garc\u00eda Barrachina&#44; A.&#44; Verd\u00fa Parra&#44; E.&#44; Bayo Fuentes&#44; S.&#44; 2010: \u00abCat\u00e1logo. Antig\u00fcedad\u00bb&#44; en Ram\u00f3n S\u00e1nchez&#44; J.J. (ed.)&#44; Monedas. Todas las caras de la Historia. Colecciones numism\u00e1ticas del MARQ&#44; Alicante&#44; p. 99; Verd\u00fa Parra&#44; E.&#44; 2010: \u201cSobre la presencia de monedas p\u00fanicas en sepulturas de la necr\u00f3polis de l\u2019Albufereta (Alacant) y sus implicaciones en el ritual funerario\u201d&#44; Los P\u00fanicos de Iberia: proyectos&#44; revisiones y s\u00edntesis. VI Coloquio Internacional del Centro de Estudios Fenicios y P\u00fanicos&#44; Sevilla (30 de septiembre-2 de octubre de 2009)&#44; Mainake 32&#44; 1&#44; M\u00e1laga&#44; pp. 302&#44; 307&#44; 309&#44; l\u00e1m. VI.<br \/><b>N\u00famero Inventario Monetario:<\/b> 697.<br \/>Excavaci\u00f3n. Necr\u00f3polis de l\u2019Albufereta<\/p>\n","protected":false},"featured_media":35438,"template":"","meta":{"kia_subtitle":""},"product_brand":[],"product_cat":[2316],"product_tag":[],"class_list":{"0":"post-35888","1":"product","2":"type-product","3":"status-publish","4":"has-post-thumbnail","6":"product_cat-catalogo-numismatico","8":"first","9":"instock","10":"virtual","11":"product-type-simple"},"meta_box":{"ia_expediente":"","ia_ano":"","ia_fechas_de_actuacion":"","ia_municipios_comarcas":"","ia_directores":"","ia_periodos_culturales":"","ia_tipos_de_intervencion":"","ia_equipo_tecnico":"","ia_autores":"","ia_promotores":"","ia_deposito_de_materiales":"","ia_coordenadas_utm":""},"_links":{"self":[{"href":"https:\/\/marqalicante-admin.qwair.com\/es\/wp-json\/wp\/v2\/product\/35888","targetHints":{"allow":["GET"]}}],"collection":[{"href":"https:\/\/marqalicante-admin.qwair.com\/es\/wp-json\/wp\/v2\/product"}],"about":[{"href":"https:\/\/marqalicante-admin.qwair.com\/es\/wp-json\/wp\/v2\/types\/product"}],"wp:featuredmedia":[{"embeddable":true,"href":"https:\/\/marqalicante-admin.qwair.com\/es\/wp-json\/wp\/v2\/media\/35438"}],"wp:attachment":[{"href":"https:\/\/marqalicante-admin.qwair.com\/es\/wp-json\/wp\/v2\/media?parent=35888"}],"wp:term":[{"taxonomy":"product_brand","embeddable":true,"href":"https:\/\/marqalicante-admin.qwair.com\/es\/wp-json\/wp\/v2\/product_brand?post=35888"},{"taxonomy":"product_cat","embeddable":true,"href":"https:\/\/marqalicante-admin.qwair.com\/es\/wp-json\/wp\/v2\/product_cat?post=35888"},{"taxonomy":"product_tag","embeddable":true,"href":"https:\/\/marqalicante-admin.qwair.com\/es\/wp-json\/wp\/v2\/product_tag?post=35888"}],"curies":[{"name":"wp","href":"https:\/\/api.w.org\/{rel}","templated":true}]}}