{"id":35881,"date":"2025-03-05T18:24:43","date_gmt":"2025-03-05T18:24:43","guid":{"rendered":"https:\/\/marqalicante-admin.qwair.com\/item\/felus-siglo-x\/"},"modified":"2025-03-05T18:27:49","modified_gmt":"2025-03-05T18:27:49","slug":"felus-siglo-x","status":"publish","type":"product","link":"https:\/\/marqalicante-admin.qwair.com\/es\/producto\/felus-siglo-x\/","title":{"rendered":"<b>Fel\u00fas<\/b>   Siglo X."},"content":{"rendered":"","protected":false},"excerpt":{"rendered":"<h3>Medieval isl\u00e1mico<\/h3>\n<p><b>Metal:<\/b> Cobre.<br \/><b>Entidad emisora: <\/b> Emirato Independiente.<br \/><b>Ceca:<\/b> Al-Andalus.<br \/><b>Fecha:<\/b> Siglo X.<br \/><b>Anverso:<\/b><br \/> IA: IC:   &#1604;&#1575; &#1575;&#1604;&#1607; &#1575;&#1604;&#1575;<br \/>\n             &#1604;&#1604;&#1607; &#1608;&#1581;&#1583;&#1607;<br \/>\n             &#1604;&#1575; &#1588;&#1585;&#1610;&#1603; &#1604;&#1607;<br \/>\nIM: Valor&#44; ceca y fecha<br \/><b>Reverso:<\/b><br \/> IIA: IIC:    &#1605;&#1581;&#1605;&#1583;<br \/>\n               &#1585;&#1587;&#1608;&#1604;<br \/>\n                 &#1604;&#1604;&#1607;<br \/>\n               &#1576;&#1606; &#1576;&#1607;&#1604;&#1608;&#1604;<br \/>\nIIM: Cor\u00e1n 61&#44; 9.<br \/><b>Peso:<\/b> 1.94 g &#8211; <b>Di\u00e1metro:<\/b> 22 mm &#8211; <b>Ejes:<\/b> 3 h.<br \/><b>Descrita en:<\/b> Vives 344-345; Frochoso&#44; 2001&#44; I-77.<br \/><b>Publicada en:<\/b><br \/>Dom\u00e9nech Belda&#44; C.&#44; Ram\u00f3n S\u00e1nchez&#44; J.J.&#44; Ahuir Dom\u00ednguez&#44; J.A.&#44; 2010: \u00abCat\u00e1logo. Edad Media\u00bb&#44; en Ram\u00f3n S\u00e1nchez&#44; J.J. (ed.)&#44; Monedas. Todas las caras de la Historia. Colecciones numism\u00e1ticas del MARQ&#44; Alicante&#44; p. 134.<br \/><b>N\u00famero Inventario Monetario:<\/b> 6023.<br \/>Donaci\u00f3n. Colecci\u00f3n Andrea Azuar<\/p>\n","protected":false},"featured_media":35417,"template":"","meta":{"kia_subtitle":""},"product_brand":[],"product_cat":[2316],"product_tag":[],"class_list":{"0":"post-35881","1":"product","2":"type-product","3":"status-publish","4":"has-post-thumbnail","6":"product_cat-catalogo-numismatico","8":"first","9":"instock","10":"virtual","11":"product-type-simple"},"meta_box":{"ia_expediente":"","ia_ano":"","ia_fechas_de_actuacion":"","ia_municipios_comarcas":"","ia_directores":"","ia_periodos_culturales":"","ia_tipos_de_intervencion":"","ia_equipo_tecnico":"","ia_autores":"","ia_promotores":"","ia_deposito_de_materiales":"","ia_coordenadas_utm":""},"_links":{"self":[{"href":"https:\/\/marqalicante-admin.qwair.com\/es\/wp-json\/wp\/v2\/product\/35881","targetHints":{"allow":["GET"]}}],"collection":[{"href":"https:\/\/marqalicante-admin.qwair.com\/es\/wp-json\/wp\/v2\/product"}],"about":[{"href":"https:\/\/marqalicante-admin.qwair.com\/es\/wp-json\/wp\/v2\/types\/product"}],"wp:featuredmedia":[{"embeddable":true,"href":"https:\/\/marqalicante-admin.qwair.com\/es\/wp-json\/wp\/v2\/media\/35417"}],"wp:attachment":[{"href":"https:\/\/marqalicante-admin.qwair.com\/es\/wp-json\/wp\/v2\/media?parent=35881"}],"wp:term":[{"taxonomy":"product_brand","embeddable":true,"href":"https:\/\/marqalicante-admin.qwair.com\/es\/wp-json\/wp\/v2\/product_brand?post=35881"},{"taxonomy":"product_cat","embeddable":true,"href":"https:\/\/marqalicante-admin.qwair.com\/es\/wp-json\/wp\/v2\/product_cat?post=35881"},{"taxonomy":"product_tag","embeddable":true,"href":"https:\/\/marqalicante-admin.qwair.com\/es\/wp-json\/wp\/v2\/product_tag?post=35881"}],"curies":[{"name":"wp","href":"https:\/\/api.w.org\/{rel}","templated":true}]}}