{"id":35876,"date":"2025-03-05T18:24:41","date_gmt":"2025-03-05T18:24:41","guid":{"rendered":"https:\/\/marqalicante-admin.qwair.com\/item\/dirham-anos-487-508-h-1094-1114-d-c\/"},"modified":"2025-03-05T18:27:48","modified_gmt":"2025-03-05T18:27:48","slug":"dirham-anos-487-508-h-1094-1114-d-c","status":"publish","type":"product","link":"https:\/\/marqalicante-admin.qwair.com\/es\/producto\/dirham-anos-487-508-h-1094-1114-d-c\/","title":{"rendered":"<b>D\u00edrham<\/b>   A\u00f1os 487-508 H. \/ 1094-1114 d. C."},"content":{"rendered":"","protected":false},"excerpt":{"rendered":"<h3>Medieval isl\u00e1mico<\/h3>\n<p><b>Metal:<\/b> Plata.<br \/><b>Entidad emisora: <\/b> Taifa de Mallorca. Muba\u0161\u0161ir.<br \/><b>Ceca:<\/b> Mallorca.<br \/><b>Fecha:<\/b> A\u00f1os 487-508 H. \/ 1094-1114 d. C.<br \/><b>Anverso:<\/b><br \/> IA: IC:    &#1605;&#1576;&#1588;&#1585; &#1575;&#1576;&#1606;<br \/>\n              &#1604;&#1575; &#1575;&#1604;&#1607; &#1575;&#1604;&#1575; &#1604;&#1604;&#1607;<br \/>\n              &#1605;&#1581;&#1605;&#1583; &#1585;&#1587;&#1608;&#1604; &#1575;&#1604;&#1604;&#1607;<br \/>\n              &#1587;&#1604;&#1610;&#1605;&#1606;<br \/>\nIM: Valor&#44; fecha y ceca.<br \/><b>Reverso:<\/b><br \/> IA: IC:    &#1605;&#1576;&#1588;&#1585; &#1575;&#1576;&#1606;<br \/>\n              &#1604;&#1575; &#1575;&#1604;&#1607; &#1575;&#1604;&#1575; &#1604;&#1604;&#1607;<br \/>\n              &#1605;&#1581;&#1605;&#1583; &#1585;&#1587;&#1608;&#1604; &#1575;&#1604;&#1604;&#1607;<br \/>\n              &#1587;&#1604;&#1610;&#1605;&#1606;<br \/>\nIM: Valor&#44; data i seca.<br \/><b>Peso:<\/b> 3.74 g &#8211; <b>Di\u00e1metro:<\/b> 22 mm &#8211; <b>Ejes:<\/b> 3 h.<br \/><b>Descrita en:<\/b> Prieto y Vives&#44; A. 1926: Los Reyes de Taifas: Estudio hist\u00f3rico-numism\u00e1tico de los musulmanes espa\u00f1oles en el siglo V de la H\u00e9gira (XI de J.C.)&#44; Madrid&#44; 219.<br \/><b>Publicada en:<\/b><br \/>Dom\u00e9nech Belda&#44; C.&#44; Ram\u00f3n S\u00e1nchez&#44; J.J.&#44; Ahuir Dom\u00ednguez&#44; J.A.&#44; 2010: \u00abCat\u00e1logo. Edad Media\u00bb&#44; en Ram\u00f3n S\u00e1nchez&#44; J.J. (ed.)&#44; Monedas. Todas las caras de la Historia. Colecciones numism\u00e1ticas del MARQ&#44; Alicante&#44; p. 139.<br \/><b>N\u00famero Inventario Monetario:<\/b> 340.<br \/>Compra. Colecci\u00f3n Isidro Albert<\/p>\n","protected":false},"featured_media":35402,"template":"","meta":{"kia_subtitle":""},"product_brand":[],"product_cat":[2316],"product_tag":[],"class_list":{"0":"post-35876","1":"product","2":"type-product","3":"status-publish","4":"has-post-thumbnail","6":"product_cat-catalogo-numismatico","8":"first","9":"instock","10":"virtual","11":"product-type-simple"},"meta_box":{"ia_expediente":"","ia_ano":"","ia_fechas_de_actuacion":"","ia_municipios_comarcas":"","ia_directores":"","ia_periodos_culturales":"","ia_tipos_de_intervencion":"","ia_equipo_tecnico":"","ia_autores":"","ia_promotores":"","ia_deposito_de_materiales":"","ia_coordenadas_utm":""},"_links":{"self":[{"href":"https:\/\/marqalicante-admin.qwair.com\/es\/wp-json\/wp\/v2\/product\/35876","targetHints":{"allow":["GET"]}}],"collection":[{"href":"https:\/\/marqalicante-admin.qwair.com\/es\/wp-json\/wp\/v2\/product"}],"about":[{"href":"https:\/\/marqalicante-admin.qwair.com\/es\/wp-json\/wp\/v2\/types\/product"}],"wp:featuredmedia":[{"embeddable":true,"href":"https:\/\/marqalicante-admin.qwair.com\/es\/wp-json\/wp\/v2\/media\/35402"}],"wp:attachment":[{"href":"https:\/\/marqalicante-admin.qwair.com\/es\/wp-json\/wp\/v2\/media?parent=35876"}],"wp:term":[{"taxonomy":"product_brand","embeddable":true,"href":"https:\/\/marqalicante-admin.qwair.com\/es\/wp-json\/wp\/v2\/product_brand?post=35876"},{"taxonomy":"product_cat","embeddable":true,"href":"https:\/\/marqalicante-admin.qwair.com\/es\/wp-json\/wp\/v2\/product_cat?post=35876"},{"taxonomy":"product_tag","embeddable":true,"href":"https:\/\/marqalicante-admin.qwair.com\/es\/wp-json\/wp\/v2\/product_tag?post=35876"}],"curies":[{"name":"wp","href":"https:\/\/api.w.org\/{rel}","templated":true}]}}