{"id":35874,"date":"2025-03-05T18:24:41","date_gmt":"2025-03-05T18:24:41","guid":{"rendered":"https:\/\/marqalicante-admin.qwair.com\/item\/medio-shekel-anos-218-212-a-c\/"},"modified":"2025-03-05T18:27:48","modified_gmt":"2025-03-05T18:27:48","slug":"medio-shekel-anos-218-212-a-c","status":"publish","type":"product","link":"https:\/\/marqalicante-admin.qwair.com\/es\/producto\/medio-shekel-anos-218-212-a-c\/","title":{"rendered":"<b>Medio shekel<\/b>   A\u00f1os 218-212 a. C."},"content":{"rendered":"","protected":false},"excerpt":{"rendered":"<h3>Ib\u00e9rico pleno<\/h3>\n<p><b>Metal:<\/b> Plata.<br \/><b>Entidad emisora: <\/b> Carthago (T\u00fanez).<br \/><b>Ceca:<\/b> Hispano-cartaginesa.<br \/><b>Fecha:<\/b> A\u00f1os 218-212 a. C.<br \/><b>Anverso:<\/b><br \/> Cabeza desnuda a izquierda.<br \/><b>Reverso:<\/b><br \/> Caballo parado a derecha.<br \/><b>Peso:<\/b> 17 g &#8211; <b>Di\u00e1metro:<\/b> 3.57 mm &#8211; <b>Ejes:<\/b> 12 h.<br \/><b>Descrita en:<\/b> CNH&#44; 71&#44; n\u00ba 65; Vives&#44; 7-3; Villaronga Garrigues&#44; L.&#44; 1973&#44; Las monedas hispano-cartaginesas&#44; Barcelona&#44; n\u00ba 166-178.<br \/><b>Publicada en:<\/b><br \/>Llobregat Conesa&#44; E. A.&#44; 1973: \u201cHallazgo de una moneda b\u00e1rkida en La Albufereta (Alicante)\u201d&#44; Gaceta Numism\u00e1tica&#44; 31&#44; diciembre 1973&#44; pp. 10 s.; Llobregat Conesa&#44; E. A.&#44; 1973-74: \u201cRecientes hallazgos de monedas de la Edad Antigua en Alicante\u201d&#44; Numisma&#44; 120-131&#44; pp. 91-104; Ram\u00f3n S\u00e1nchez&#44; J.J.&#44; Garc\u00eda Barrachina&#44; A.&#44; Verd\u00fa Parra&#44; E.&#44; Bayo Fuentes&#44; S.: 2010: \u00abCat\u00e1logo. Antig\u00fcedad\u00bb&#44; en Ram\u00f3n S\u00e1nchez&#44; J.J. (ed.)&#44; Monedas. Todas las caras de la Historia. Colecciones numism\u00e1ticas del MARQ&#44; Alicante&#44; p. 98.<br \/><b>N\u00famero Inventario Monetario:<\/b> 4580.<br \/>Compra. Hallazgo casual en l\u2019Albufereta<\/p>\n","protected":false},"featured_media":35396,"template":"","meta":{"kia_subtitle":""},"product_brand":[],"product_cat":[2316],"product_tag":[],"class_list":{"0":"post-35874","1":"product","2":"type-product","3":"status-publish","4":"has-post-thumbnail","6":"product_cat-catalogo-numismatico","8":"first","9":"instock","10":"virtual","11":"product-type-simple"},"meta_box":{"ia_expediente":"","ia_ano":"","ia_fechas_de_actuacion":"","ia_municipios_comarcas":"","ia_directores":"","ia_periodos_culturales":"","ia_tipos_de_intervencion":"","ia_equipo_tecnico":"","ia_autores":"","ia_promotores":"","ia_deposito_de_materiales":"","ia_coordenadas_utm":""},"_links":{"self":[{"href":"https:\/\/marqalicante-admin.qwair.com\/es\/wp-json\/wp\/v2\/product\/35874","targetHints":{"allow":["GET"]}}],"collection":[{"href":"https:\/\/marqalicante-admin.qwair.com\/es\/wp-json\/wp\/v2\/product"}],"about":[{"href":"https:\/\/marqalicante-admin.qwair.com\/es\/wp-json\/wp\/v2\/types\/product"}],"wp:featuredmedia":[{"embeddable":true,"href":"https:\/\/marqalicante-admin.qwair.com\/es\/wp-json\/wp\/v2\/media\/35396"}],"wp:attachment":[{"href":"https:\/\/marqalicante-admin.qwair.com\/es\/wp-json\/wp\/v2\/media?parent=35874"}],"wp:term":[{"taxonomy":"product_brand","embeddable":true,"href":"https:\/\/marqalicante-admin.qwair.com\/es\/wp-json\/wp\/v2\/product_brand?post=35874"},{"taxonomy":"product_cat","embeddable":true,"href":"https:\/\/marqalicante-admin.qwair.com\/es\/wp-json\/wp\/v2\/product_cat?post=35874"},{"taxonomy":"product_tag","embeddable":true,"href":"https:\/\/marqalicante-admin.qwair.com\/es\/wp-json\/wp\/v2\/product_tag?post=35874"}],"curies":[{"name":"wp","href":"https:\/\/api.w.org\/{rel}","templated":true}]}}