{"id":35867,"date":"2025-03-05T18:24:38","date_gmt":"2025-03-05T18:24:38","guid":{"rendered":"https:\/\/marqalicante-admin.qwair.com\/item\/medalla-conmemorativa-de-la-boda-de-alfonso-xiii-ano-1906\/"},"modified":"2025-03-05T18:27:46","modified_gmt":"2025-03-05T18:27:46","slug":"medalla-conmemorativa-de-la-boda-de-alfonso-xiii-ano-1906","status":"publish","type":"product","link":"https:\/\/marqalicante-admin.qwair.com\/es\/producto\/medalla-conmemorativa-de-la-boda-de-alfonso-xiii-ano-1906\/","title":{"rendered":"<b>Medalla conmemorativa de la boda de Alfonso XIII<\/b>   A\u00f1o 1906."},"content":{"rendered":"","protected":false},"excerpt":{"rendered":"<h3>Edad contempor\u00e1nea<\/h3>\n<p><b>Metal:<\/b> Cobre.<br \/><b>Entidad emisora: <\/b> Espa\u00f1a. Alfonso XIII.<br \/><b>Ceca:<\/b> Nuremberg (Alemania).<br \/><b>Fecha:<\/b> A\u00f1o 1906.<br \/><b>Anverso:<\/b><br \/> Bustos superpuestos de los Reyes a izquierda. Leyenda: ALFONSO XIII Y VICTORIA EUGENIA REYES DE ESPA\u00d1A.<br \/>\n<br \/><b>Reverso:<\/b><br \/> Imagen del exterior del Palacio Real de Madrid. Leyenda: RECUERDO DE LA BODA REAL 1906 PALACIO REAL. Sobre l\u00ednea: a la izquierda LAUER&#44; a la derecha Nuremberg.<br \/>\n<br \/><b>Peso:<\/b> 3.79 g &#8211; <b>Di\u00e1metro:<\/b> 22 mm &#8211; <b>Ejes:<\/b> 12 h.<br \/><b>Descrita en:<\/b> http:\/\/www.coinpeople.com\/index.php?\/topic\/19173-any-idea-token\/.<br \/><b>Publicada en:<\/b><br \/>Bayo Fuentes&#44; S.&#44; Ram\u00f3n S\u00e1nchez&#44; J.J.&#44; 2010: \u00abCat\u00e1logo. Colecciones\u00bb&#44; en Ram\u00f3n S\u00e1nchez&#44; J.J. (ed.)&#44; Monedas. Todas las caras de la Historia. Colecciones numism\u00e1ticas del MARQ&#44; Alicante&#44; p. 174.<br \/><b>N\u00famero Inventario Monetario:<\/b> 2691.<br \/>Fondos del MARQ. Fondo Numism\u00e1tico Antiguo<\/p>\n","protected":false},"featured_media":35375,"template":"","meta":{"kia_subtitle":""},"product_brand":[],"product_cat":[2316],"product_tag":[],"class_list":{"0":"post-35867","1":"product","2":"type-product","3":"status-publish","4":"has-post-thumbnail","6":"product_cat-catalogo-numismatico","8":"first","9":"instock","10":"virtual","11":"product-type-simple"},"meta_box":{"ia_expediente":"","ia_ano":"","ia_fechas_de_actuacion":"","ia_municipios_comarcas":"","ia_directores":"","ia_periodos_culturales":"","ia_tipos_de_intervencion":"","ia_equipo_tecnico":"","ia_autores":"","ia_promotores":"","ia_deposito_de_materiales":"","ia_coordenadas_utm":""},"_links":{"self":[{"href":"https:\/\/marqalicante-admin.qwair.com\/es\/wp-json\/wp\/v2\/product\/35867","targetHints":{"allow":["GET"]}}],"collection":[{"href":"https:\/\/marqalicante-admin.qwair.com\/es\/wp-json\/wp\/v2\/product"}],"about":[{"href":"https:\/\/marqalicante-admin.qwair.com\/es\/wp-json\/wp\/v2\/types\/product"}],"wp:featuredmedia":[{"embeddable":true,"href":"https:\/\/marqalicante-admin.qwair.com\/es\/wp-json\/wp\/v2\/media\/35375"}],"wp:attachment":[{"href":"https:\/\/marqalicante-admin.qwair.com\/es\/wp-json\/wp\/v2\/media?parent=35867"}],"wp:term":[{"taxonomy":"product_brand","embeddable":true,"href":"https:\/\/marqalicante-admin.qwair.com\/es\/wp-json\/wp\/v2\/product_brand?post=35867"},{"taxonomy":"product_cat","embeddable":true,"href":"https:\/\/marqalicante-admin.qwair.com\/es\/wp-json\/wp\/v2\/product_cat?post=35867"},{"taxonomy":"product_tag","embeddable":true,"href":"https:\/\/marqalicante-admin.qwair.com\/es\/wp-json\/wp\/v2\/product_tag?post=35867"}],"curies":[{"name":"wp","href":"https:\/\/api.w.org\/{rel}","templated":true}]}}