{"id":35866,"date":"2025-03-05T18:24:38","date_gmt":"2025-03-05T18:24:38","guid":{"rendered":"https:\/\/marqalicante-admin.qwair.com\/item\/medalla-conmemorativa-de-la-inauguracion-del-canal-de-isabel-ii-ano-1858\/"},"modified":"2025-03-05T18:27:46","modified_gmt":"2025-03-05T18:27:46","slug":"medalla-conmemorativa-de-la-inauguracion-del-canal-de-isabel-ii-ano-1858","status":"publish","type":"product","link":"https:\/\/marqalicante-admin.qwair.com\/es\/producto\/medalla-conmemorativa-de-la-inauguracion-del-canal-de-isabel-ii-ano-1858\/","title":{"rendered":"<b>Medalla conmemorativa de la inauguraci\u00f3n del canal de Isabel II<\/b>   A\u00f1o 1858."},"content":{"rendered":"","protected":false},"excerpt":{"rendered":"<h3>Edad contempor\u00e1nea<\/h3>\n<p><b>Metal:<\/b> Cobre.<br \/><b>Entidad emisora: <\/b> Espa\u00f1a. Isabel II.<br \/><b>Ceca:<\/b> Madrid.<br \/><b>Fecha:<\/b> A\u00f1o 1858.<br \/><b>Anverso:<\/b><br \/> Busto femenino laureado a izquierda. Leyenda: ISABEL 2\u00aa REINA DE LAS ESPA\u00d1AS.<br \/>\n<br \/><b>Reverso:<\/b><br \/> En el campo&#44; debajo de una estrella&#44; y en seis l\u00edneas&#44; la leyenda: INAUGURACION DEL CANAL DE ISABEL 2\u00aa 24 DE JUNIO DE 1858. Medallista: Jos\u00e9 P\u00e9rez Varela. Grabador: Francisco Coromina.<br \/>\n<br \/><b>Peso:<\/b> 7.47 g &#8211; <b>Di\u00e1metro:<\/b> 23 mm &#8211; <b>Ejes:<\/b> 12 h.<br \/><b>Descrita en:<\/b> Almagro-Gorbea&#44; M.&#44; 2005: Medallas Espa\u00f1olas: Cat\u00e1logo del Gabinete de Antig\u00fcedades&#44; Real Academia de la Historia&#44; Madrid&#44; p. 277&#44; n\u00ba 624.<br \/><b>Publicada en:<\/b><br \/>Bayo Fuentes&#44; S.&#44; Ram\u00f3n S\u00e1nchez&#44; J.J.&#44; 2010: \u00abCat\u00e1logo. Colecciones\u00bb&#44; en Ram\u00f3n S\u00e1nchez&#44; J.J. (ed.)&#44; Monedas. Todas las caras de la Historia. Colecciones numism\u00e1ticas del MARQ&#44; Alicante&#44; p. 174.<br \/><b>N\u00famero Inventario Monetario:<\/b> 2684.<br \/>Fondos del MARQ. Fondo Numism\u00e1tico Antiguo<\/p>\n","protected":false},"featured_media":35372,"template":"","meta":{"kia_subtitle":""},"product_brand":[],"product_cat":[2316],"product_tag":[],"class_list":{"0":"post-35866","1":"product","2":"type-product","3":"status-publish","4":"has-post-thumbnail","6":"product_cat-catalogo-numismatico","8":"first","9":"instock","10":"virtual","11":"product-type-simple"},"meta_box":{"ia_expediente":"","ia_ano":"","ia_fechas_de_actuacion":"","ia_municipios_comarcas":"","ia_directores":"","ia_periodos_culturales":"","ia_tipos_de_intervencion":"","ia_equipo_tecnico":"","ia_autores":"","ia_promotores":"","ia_deposito_de_materiales":"","ia_coordenadas_utm":""},"_links":{"self":[{"href":"https:\/\/marqalicante-admin.qwair.com\/es\/wp-json\/wp\/v2\/product\/35866","targetHints":{"allow":["GET"]}}],"collection":[{"href":"https:\/\/marqalicante-admin.qwair.com\/es\/wp-json\/wp\/v2\/product"}],"about":[{"href":"https:\/\/marqalicante-admin.qwair.com\/es\/wp-json\/wp\/v2\/types\/product"}],"wp:featuredmedia":[{"embeddable":true,"href":"https:\/\/marqalicante-admin.qwair.com\/es\/wp-json\/wp\/v2\/media\/35372"}],"wp:attachment":[{"href":"https:\/\/marqalicante-admin.qwair.com\/es\/wp-json\/wp\/v2\/media?parent=35866"}],"wp:term":[{"taxonomy":"product_brand","embeddable":true,"href":"https:\/\/marqalicante-admin.qwair.com\/es\/wp-json\/wp\/v2\/product_brand?post=35866"},{"taxonomy":"product_cat","embeddable":true,"href":"https:\/\/marqalicante-admin.qwair.com\/es\/wp-json\/wp\/v2\/product_cat?post=35866"},{"taxonomy":"product_tag","embeddable":true,"href":"https:\/\/marqalicante-admin.qwair.com\/es\/wp-json\/wp\/v2\/product_tag?post=35866"}],"curies":[{"name":"wp","href":"https:\/\/api.w.org\/{rel}","templated":true}]}}