{"id":35865,"date":"2025-03-05T18:24:37","date_gmt":"2025-03-05T18:24:37","guid":{"rendered":"https:\/\/marqalicante-admin.qwair.com\/item\/medalla-conmemorativa-del-traslado-del-cuerpo-de-napoleon-i-ano-1840\/"},"modified":"2025-03-05T18:27:46","modified_gmt":"2025-03-05T18:27:46","slug":"medalla-conmemorativa-del-traslado-del-cuerpo-de-napoleon-i-ano-1840","status":"publish","type":"product","link":"https:\/\/marqalicante-admin.qwair.com\/es\/producto\/medalla-conmemorativa-del-traslado-del-cuerpo-de-napoleon-i-ano-1840\/","title":{"rendered":"<b>Medalla conmemorativa del traslado del cuerpo de Napole\u00f3n I<\/b>   A\u00f1o 1840."},"content":{"rendered":"","protected":false},"excerpt":{"rendered":"<h3>Edad contempor\u00e1nea<\/h3>\n<p><b>Metal:<\/b> Cobre.<br \/><b>Entidad emisora: <\/b> Francia.<br \/><b>Ceca:<\/b> No precisable.<br \/><b>Fecha:<\/b> A\u00f1o 1840.<br \/><b>Anverso:<\/b><br \/> Busto laureado a derecha de Napole\u00f3n. Leyenda: NAPOLEON EMPEREUR \/ JE D\u00c9SIRE QUE MES CENDRES REPOSENT SUR LES RIVES DE LA<br \/>\nSEINE AU MILIEU DE CE PEUPLE QUE J\u2019AI TANT AIM\u00c9.<br \/>\n<br \/><b>Reverso:<\/b><br \/> La tropa sube una escalera llevando el f\u00e9retro de Napole\u00f3n&#44; la alegor\u00eda de Francia lo saluda vestida de luto y portando en su mano ramas de palmera y olivo; al fondo a la derecha el nav\u00edo de guerra que ha transportado los restos de<br \/>\nNapole\u00f3n desde Santa Elena; a la izquierda&#44; la iglesia de los Inv\u00e1lidos de Par\u00eds&#44; en lo alto \u00e1guila sobre la cual est\u00e1 montado el emperador rodeado de rayos.<br \/>\nAnepigr\u00e1fica. Grabador: Montagny. Exergo: 1840.<br \/><b>Peso:<\/b> 9.62 g &#8211; <b>Di\u00e1metro:<\/b> 26 mm &#8211; <b>Ejes:<\/b> 12 h.<br \/><b>Descrita en:<\/b> : http:\/\/maxentius.lamoneta.it\/PagineMedaglie\/Ritorno_<br \/>\nrestiNapoleone_6.htm; http:\/\/www.nmm.ac.uk\/ collections\/explore\/object.cfm?ID=MEC0699<br \/>\n<br \/><b>Publicada en:<\/b><br \/>Bayo Fuentes&#44; S.&#44; Ram\u00f3n S\u00e1nchez&#44; J.J.&#44; 2010: \u00abCat\u00e1logo. Colecciones\u00bb&#44; en Ram\u00f3n S\u00e1nchez&#44; J.J. (ed.)&#44; Monedas. Todas las caras de la Historia. Colecciones numism\u00e1ticas del MARQ&#44; Alicante&#44; p. 173.<br \/><b>N\u00famero Inventario Monetario:<\/b> 2619.<br \/>Fondos del MARQ. Fondo Numism\u00e1tico Antiguo<\/p>\n","protected":false},"featured_media":35369,"template":"","meta":{"kia_subtitle":""},"product_brand":[],"product_cat":[2316],"product_tag":[],"class_list":{"0":"post-35865","1":"product","2":"type-product","3":"status-publish","4":"has-post-thumbnail","6":"product_cat-catalogo-numismatico","8":"first","9":"instock","10":"virtual","11":"product-type-simple"},"meta_box":{"ia_expediente":"","ia_ano":"","ia_fechas_de_actuacion":"","ia_municipios_comarcas":"","ia_directores":"","ia_periodos_culturales":"","ia_tipos_de_intervencion":"","ia_equipo_tecnico":"","ia_autores":"","ia_promotores":"","ia_deposito_de_materiales":"","ia_coordenadas_utm":""},"_links":{"self":[{"href":"https:\/\/marqalicante-admin.qwair.com\/es\/wp-json\/wp\/v2\/product\/35865","targetHints":{"allow":["GET"]}}],"collection":[{"href":"https:\/\/marqalicante-admin.qwair.com\/es\/wp-json\/wp\/v2\/product"}],"about":[{"href":"https:\/\/marqalicante-admin.qwair.com\/es\/wp-json\/wp\/v2\/types\/product"}],"wp:featuredmedia":[{"embeddable":true,"href":"https:\/\/marqalicante-admin.qwair.com\/es\/wp-json\/wp\/v2\/media\/35369"}],"wp:attachment":[{"href":"https:\/\/marqalicante-admin.qwair.com\/es\/wp-json\/wp\/v2\/media?parent=35865"}],"wp:term":[{"taxonomy":"product_brand","embeddable":true,"href":"https:\/\/marqalicante-admin.qwair.com\/es\/wp-json\/wp\/v2\/product_brand?post=35865"},{"taxonomy":"product_cat","embeddable":true,"href":"https:\/\/marqalicante-admin.qwair.com\/es\/wp-json\/wp\/v2\/product_cat?post=35865"},{"taxonomy":"product_tag","embeddable":true,"href":"https:\/\/marqalicante-admin.qwair.com\/es\/wp-json\/wp\/v2\/product_tag?post=35865"}],"curies":[{"name":"wp","href":"https:\/\/api.w.org\/{rel}","templated":true}]}}