{"id":35863,"date":"2025-03-05T18:24:37","date_gmt":"2025-03-05T18:24:37","guid":{"rendered":"https:\/\/marqalicante-admin.qwair.com\/item\/token-jeton-publicitario-de-medio-penique-anos-1790-1800\/"},"modified":"2025-03-05T18:27:45","modified_gmt":"2025-03-05T18:27:45","slug":"token-jeton-publicitario-de-medio-penique-anos-1790-1800","status":"publish","type":"product","link":"https:\/\/marqalicante-admin.qwair.com\/es\/producto\/token-jeton-publicitario-de-medio-penique-anos-1790-1800\/","title":{"rendered":"<b>Token (jet\u00f3n) publicitario de medio penique<\/b>   A\u00f1os 1790-1800."},"content":{"rendered":"","protected":false},"excerpt":{"rendered":"<h3>Edad contempor\u00e1nea<\/h3>\n<p><b>Metal:<\/b> Aleaci\u00f3n.<br \/><b>Entidad emisora: <\/b> Basil Burchell (Gran Breta\u00f1a).<br \/><b>Ceca:<\/b> No precisable.<br \/><b>Fecha:<\/b> A\u00f1os 1790-1800.<br \/><b>Anverso:<\/b><br \/> BASIL BURCHELL&#44; SOLE PROPRIETOR OF THE FAMOUS SUGARPLUMBS FOR WORMS&#44; N\u00ba 79&#44; LONG-ACRE.<br \/>\n<br \/><b>Reverso:<\/b><br \/> BASIL BURCHELL&#44; COLES PROPRIETOR OF THE ANODYNE NECKLACE FOR CHILDREN&#44; CUTTING TEETH.<br \/>\n<br \/><b>Peso:<\/b> 7.57 g &#8211; <b>Di\u00e1metro:<\/b> 29 mm &#8211; <b>Ejes:<\/b> 12 h.<br \/><b>Descrita en:<\/b> Conder&#44; 1798&#44; 85&#44; n\u00ba 133; Hart et alii&#44; 1966&#44; 1311-1317;<br \/>\nhttp:\/\/thequackdoctor.com\/index.php\/the-famous-little-sugar-plums\/<br \/>\n<br \/><b>Publicada en:<\/b><br \/>Bayo Fuentes&#44; S.&#44; Ram\u00f3n S\u00e1nchez&#44; J.J.&#44; 2010: \u00abCat\u00e1logo. Colecciones\u00bb&#44; en Ram\u00f3n S\u00e1nchez&#44; J.J. (ed.)&#44; Monedas. Todas las caras de la Historia. Colecciones numism\u00e1ticas del MARQ&#44; Alicante&#44; p. 172.<br \/><b>N\u00famero Inventario Monetario:<\/b> 5861.<br \/>Fondos del MARQ. Fondo Numism\u00e1tico Antiguo<\/p>\n","protected":false},"featured_media":35363,"template":"","meta":{"kia_subtitle":""},"product_brand":[],"product_cat":[2316],"product_tag":[],"class_list":{"0":"post-35863","1":"product","2":"type-product","3":"status-publish","4":"has-post-thumbnail","6":"product_cat-catalogo-numismatico","8":"first","9":"instock","10":"virtual","11":"product-type-simple"},"meta_box":{"ia_expediente":"","ia_ano":"","ia_fechas_de_actuacion":"","ia_municipios_comarcas":"","ia_directores":"","ia_periodos_culturales":"","ia_tipos_de_intervencion":"","ia_equipo_tecnico":"","ia_autores":"","ia_promotores":"","ia_deposito_de_materiales":"","ia_coordenadas_utm":""},"_links":{"self":[{"href":"https:\/\/marqalicante-admin.qwair.com\/es\/wp-json\/wp\/v2\/product\/35863","targetHints":{"allow":["GET"]}}],"collection":[{"href":"https:\/\/marqalicante-admin.qwair.com\/es\/wp-json\/wp\/v2\/product"}],"about":[{"href":"https:\/\/marqalicante-admin.qwair.com\/es\/wp-json\/wp\/v2\/types\/product"}],"wp:featuredmedia":[{"embeddable":true,"href":"https:\/\/marqalicante-admin.qwair.com\/es\/wp-json\/wp\/v2\/media\/35363"}],"wp:attachment":[{"href":"https:\/\/marqalicante-admin.qwair.com\/es\/wp-json\/wp\/v2\/media?parent=35863"}],"wp:term":[{"taxonomy":"product_brand","embeddable":true,"href":"https:\/\/marqalicante-admin.qwair.com\/es\/wp-json\/wp\/v2\/product_brand?post=35863"},{"taxonomy":"product_cat","embeddable":true,"href":"https:\/\/marqalicante-admin.qwair.com\/es\/wp-json\/wp\/v2\/product_cat?post=35863"},{"taxonomy":"product_tag","embeddable":true,"href":"https:\/\/marqalicante-admin.qwair.com\/es\/wp-json\/wp\/v2\/product_tag?post=35863"}],"curies":[{"name":"wp","href":"https:\/\/api.w.org\/{rel}","templated":true}]}}